{"id":119833,"date":"2024-08-03T00:00:00","date_gmt":"2024-08-03T05:00:00","guid":{"rendered":"https:\/\/gpl-love.com\/es\/?post_type=product&#038;p=119833"},"modified":"2026-03-09T07:32:27","modified_gmt":"2026-03-09T12:32:27","slug":"envira-gallery-pagination-addon","status":"publish","type":"product","link":"https:\/\/gpl-love.com\/es\/producto\/envira-gallery-pagination-addon\/","title":{"rendered":"Envira Gallery Pagination Addon 1.8.7"},"content":{"rendered":"<h3>Envira Gallery Pagination Addon Caracteristicas<\/h3>\n<p>El complemento Pagination de la Galer\u00eda Envira, que sirve como una herramienta muy potente, mejora efectivamente la experiencia general del usuario al proporcionarles la conveniencia de navegar sin problemas a trav\u00e9s de las galer\u00edas. Este complemento, meticulosamente elaborado con la intenci\u00f3n de fragmentar sin esfuerzo extensas galer\u00edas en p\u00e1ginas m\u00e1s manejables y m\u00e1s peque\u00f1as, facilita significativamente el proceso de localizaci\u00f3n de im\u00e1genes espec\u00edficas que los visitantes pueden estar buscando. A trav\u00e9s de la utilizaci\u00f3n de este complemento, los usuarios poseen la capacidad de personalizar la cantidad de im\u00e1genes exhibidas por p\u00e1gina, as\u00ed como dictan el estilo y las etiquetas de navegaci\u00f3n preferidos. El proceso de navegaci\u00f3n se hace extremadamente f\u00e1cil ya que los usuarios pueden atravesar sin esfuerzo a trav\u00e9s de las p\u00e1ginas utilizando enlaces de paginaci\u00f3n o alternativamente al emplear un bot\u00f3n \u00abCargar m\u00e1s\u00bb. Adem\u00e1s, es primordial reconocer que este complemento es totalmente receptivo, lo que garantiza que sus galer\u00edas exhiban una apariencia est\u00e9ticamente agradable en todos los dispositivos. En consecuencia, al incorporar el complemento Pagination de la Galer\u00eda Envira en su repertorio, puede crear sin esfuerzo una experiencia de galer\u00eda notablemente m\u00e1s f\u00e1cil de usar y satisfactoria para sus estimados visitantes.<\/p>\n<ul>\n<li>Permite a los usuarios agregar f\u00e1cilmente la paginaci\u00f3n a su galer\u00eda Envira<\/li>\n<li>Proporciona una forma conveniente de dividir grandes galer\u00edas en p\u00e1ginas m\u00e1s peque\u00f1as y manejables<\/li>\n<li>Estilos de paginaci\u00f3n personalizables para que coincidan con la apariencia de cualquier sitio web<\/li>\n<li>Ofrece a los visitantes una experiencia de navegaci\u00f3n m\u00e1s simplificada y organizada<\/li>\n<li>Compatible con todos los complementos y extensiones de la galer\u00eda Envira<\/li>\n<li>Proceso simple de instalaci\u00f3n y configuraci\u00f3n para uso sin problemas<\/li>\n<li>Proporciona un mejor rendimiento del sitio web al reducir el tiempo de carga de las galer\u00edas m\u00e1s grandes<\/li>\n<li>Aumenta la participaci\u00f3n del usuario al alentar a los visitantes a navegar por m\u00e1s de su contenido<\/li>\n<li>Proporciona documentaci\u00f3n detallada y atenci\u00f3n al cliente para garantizar una implementaci\u00f3n y uso exitosos<\/li>\n<li>Actualizado regularmente con nuevas funciones y actualizaciones de compatibilidad para garantizar el mejor rendimiento posible.<\/li>\n<\/ul>\n","protected":false},"excerpt":{"rendered":"<p>El complemento Pagination de la Galer\u00eda Envira, un complemento muy conveniente dise\u00f1ado espec\u00edficamente para sitios de WordPress, otorga a los usuarios la capacidad de integrar perfectamente la paginaci\u00f3n en sus galer\u00edas de fotos. Al utilizar esta herramienta excepcional, las personas obtienen el poder de dividir sus galer\u00edas en m\u00faltiples p\u00e1ginas, mejorando as\u00ed la presentaci\u00f3n visual general e imbuyendo con un mayor sentido de organizaci\u00f3n. Como un bono encantador, este complemento tambi\u00e9n presenta una variedad de botones de navegaci\u00f3n personalizables, lo que garantiza que los usuarios tengan la libertad de adaptar sus galer\u00edas a sus especificaciones precisas. Adem\u00e1s, los usuarios tienen el lujo de determinar el n\u00famero de im\u00e1genes que se mostrar\u00e1n por p\u00e1gina, aumentando a\u00fan m\u00e1s la flexibilidad y el control que poseen. Ya sea que el sitio web sea una plataforma de cartera, un emporio de comercio electr\u00f3nico o simplemente un centro que cuenta con una colecci\u00f3n sustancial de fotograf\u00edas cautivadoras, este complemento demuestra ser un activo invaluable. No dudes m\u00e1s; \u00a1Aproveche la oportunidad de experimentar estas notables ventajas para usted y ver c\u00f3mo sus galer\u00edas se vuelven infinitamente m\u00e1s manejables y f\u00e1ciles de usar!<\/p>\n","protected":false},"featured_media":166003,"comment_status":"open","ping_status":"open","template":"","meta":[],"product_brand":[2442],"product_cat":[1214,1206,1211],"product_tag":[2231],"class_list":{"0":"post-119833","1":"product","2":"type-product","3":"status-publish","4":"has-post-thumbnail","6":"product_brand-envira-gallery","7":"product_cat-personalizacion","8":"product_cat-plugins","9":"product_cat-wordpress-plugins","10":"product_tag-envira-gallery","11":"member-discount","12":"discount-restricted","14":"first","15":"instock","16":"sale","17":"downloadable","18":"virtual","19":"sold-individually","20":"purchasable","21":"product-type-simple"},"_links":{"self":[{"href":"https:\/\/gpl-love.com\/es\/wp-json\/wp\/v2\/product\/119833","targetHints":{"allow":["GET"]}}],"collection":[{"href":"https:\/\/gpl-love.com\/es\/wp-json\/wp\/v2\/product"}],"about":[{"href":"https:\/\/gpl-love.com\/es\/wp-json\/wp\/v2\/types\/product"}],"replies":[{"embeddable":true,"href":"https:\/\/gpl-love.com\/es\/wp-json\/wp\/v2\/comments?post=119833"}],"wp:featuredmedia":[{"embeddable":true,"href":"https:\/\/gpl-love.com\/es\/wp-json\/wp\/v2\/media\/166003"}],"wp:attachment":[{"href":"https:\/\/gpl-love.com\/es\/wp-json\/wp\/v2\/media?parent=119833"}],"wp:term":[{"taxonomy":"product_brand","embeddable":true,"href":"https:\/\/gpl-love.com\/es\/wp-json\/wp\/v2\/product_brand?post=119833"},{"taxonomy":"product_cat","embeddable":true,"href":"https:\/\/gpl-love.com\/es\/wp-json\/wp\/v2\/product_cat?post=119833"},{"taxonomy":"product_tag","embeddable":true,"href":"https:\/\/gpl-love.com\/es\/wp-json\/wp\/v2\/product_tag?post=119833"}],"curies":[{"name":"wp","href":"https:\/\/api.w.org\/{rel}","templated":true}]}}