{"id":119829,"date":"2024-02-14T00:00:00","date_gmt":"2024-02-14T05:00:00","guid":{"rendered":"https:\/\/gpl-love.com\/es\/?post_type=product&#038;p=119829"},"modified":"2026-03-09T07:32:24","modified_gmt":"2026-03-09T12:32:24","slug":"envira-gallery-lightroom-addon","status":"publish","type":"product","link":"https:\/\/gpl-love.com\/es\/producto\/envira-gallery-lightroom-addon\/","title":{"rendered":"Envira Gallery Lightroom Addon 2.3.5"},"content":{"rendered":"<h3>Envira Gallery Lightroom Addon Caracteristicas<\/h3>\n<p>El complemento de la Galer\u00eda Envira Lightroom, una herramienta excepcionalmente robusta que atiende a los fot\u00f3grafos que buscan optimizar su flujo de trabajo y acelerar el proceso de organizaci\u00f3n y distribuci\u00f3n de sus creaciones visuales, demuestra ser un activo formidable. Integr\u00e1ndose a la perfecci\u00f3n con Adobe Lightroom, este complemento otorga a los usuarios la capacidad de construir sin esfuerzo galer\u00edas y \u00e1lbumes exquisitos, los cuales se pueden difundir sin esfuerzo en sitios web personales o plataformas de redes sociales. A trav\u00e9s de una interfaz f\u00e1cil de usar que cuenta con una funcionalidad simplista de arrastrar y soltar, los individuos pueden complementar f\u00e1cilmente sus galer\u00edas con fotograf\u00edas personalizadas, todo mientras personalizan el dise\u00f1o y aplica una variedad de filtros y efectos, todos destinados a culminarse en un ataque visual Muestra de sus esfuerzos art\u00edsticos. Adem\u00e1s, este complemento cuenta con una variedad de capacidades avanzadas, que incluye la marca de agua, la protecci\u00f3n de la imagen y la marca personalizada, lo que lo convierte en una herramienta indispensable para fot\u00f3grafos profesionales que anhelan presentar su trabajo de manera cautivadora y segura en l\u00ednea.<\/p>\n<ul>\n<li>El complemento de Lightroom de la Galer\u00eda Envira est\u00e1 dise\u00f1ado para mejorar su flujo de trabajo con Lightroom agregando una poderosa herramienta de creaci\u00f3n de la galer\u00eda directamente dentro de su interfaz Lightroom.<\/li>\n<li>Con el complemento, puede crear y administrar f\u00e1cilmente galer\u00edas hermosas y personalizadas que muestren sus fotos en la mejor luz posible.<\/li>\n<li>El complemento ofrece una gama de caracter\u00edsticas intuitivas, que incluyen la creaci\u00f3n de la galer\u00eda de arrastrar y soltar, clasificaci\u00f3n y selecci\u00f3n de im\u00e1genes f\u00e1ciles, y configuraciones de galer\u00eda personalizables para garantizar que sus galer\u00edas siempre se vean exactamente como desee.<\/li>\n<li>Incluso puede crear galer\u00edas receptivas que se adapten a cualquier tama\u00f1o de pantalla o dispositivo m\u00f3vil, por lo que sus fotos siempre se ven mejor en cualquier plataforma.<\/li>\n<li>El complemento es compatible con Lightroom Classic y Lightroom CC, por lo que no importa qu\u00e9 versi\u00f3n de Lightroom use, puede aprovechar sus potentes capacidades de construcci\u00f3n de galer\u00edas.<\/li>\n<li>Ya sea que sea un fot\u00f3grafo que busque exhibir su trabajo en l\u00ednea o simplemente necesite una manera f\u00e1cil de crear impresionantes galer\u00edas de fotos, el complemento de Lightroom de la Galer\u00eda Envira es la soluci\u00f3n perfecta.<\/li>\n<\/ul>\n","protected":false},"excerpt":{"rendered":"<p>El Addon Lightroom de la Galer\u00eda Envira es una herramienta incre\u00edblemente potente y eficaz, otorga a los fot\u00f3grafos la capacidad de transferir de manera perfecta y directa sus im\u00e1genes meticulosamente capturadas y editadas del reconocido software de Lightroom a su sitio web personalizado y visualmente cautivador de la galer\u00eda Envira. Este complemento altamente eficiente y competente simplifica magn\u00edficamente el proceso arduo y que lleva mucho tiempo al borrar la necesidad de exportar minuciosamente y posteriormente cargar im\u00e1genes individuales de manera separada. Adem\u00e1s, este notable complemento dota a los fot\u00f3grafos con la invaluable ventaja de categorizar y etiquetar sin esfuerzo y etiquetar sus obras maestras excepcionales, lo que les permite organizar y exhibir de manera experta e impecable su trabajo impresionante y digno de su sitio web dedicado. En esencia, el complemento de Lightroom de la Galer\u00eda Envira representa la soluci\u00f3n por excelencia para todos y cada uno de los fot\u00f3grafos exigentes que anhelan racionalizar significativamente y optimizar su flujo de trabajo orientado a la galer\u00eda en l\u00ednea.<\/p>\n","protected":false},"featured_media":166001,"comment_status":"open","ping_status":"open","template":"","meta":[],"product_brand":[2442],"product_cat":[1214,1206,1211],"product_tag":[2231],"class_list":{"0":"post-119829","1":"product","2":"type-product","3":"status-publish","4":"has-post-thumbnail","6":"product_brand-envira-gallery","7":"product_cat-personalizacion","8":"product_cat-plugins","9":"product_cat-wordpress-plugins","10":"product_tag-envira-gallery","11":"member-discount","12":"discount-restricted","14":"first","15":"instock","16":"sale","17":"downloadable","18":"virtual","19":"sold-individually","20":"purchasable","21":"product-type-simple"},"_links":{"self":[{"href":"https:\/\/gpl-love.com\/es\/wp-json\/wp\/v2\/product\/119829","targetHints":{"allow":["GET"]}}],"collection":[{"href":"https:\/\/gpl-love.com\/es\/wp-json\/wp\/v2\/product"}],"about":[{"href":"https:\/\/gpl-love.com\/es\/wp-json\/wp\/v2\/types\/product"}],"replies":[{"embeddable":true,"href":"https:\/\/gpl-love.com\/es\/wp-json\/wp\/v2\/comments?post=119829"}],"wp:featuredmedia":[{"embeddable":true,"href":"https:\/\/gpl-love.com\/es\/wp-json\/wp\/v2\/media\/166001"}],"wp:attachment":[{"href":"https:\/\/gpl-love.com\/es\/wp-json\/wp\/v2\/media?parent=119829"}],"wp:term":[{"taxonomy":"product_brand","embeddable":true,"href":"https:\/\/gpl-love.com\/es\/wp-json\/wp\/v2\/product_brand?post=119829"},{"taxonomy":"product_cat","embeddable":true,"href":"https:\/\/gpl-love.com\/es\/wp-json\/wp\/v2\/product_cat?post=119829"},{"taxonomy":"product_tag","embeddable":true,"href":"https:\/\/gpl-love.com\/es\/wp-json\/wp\/v2\/product_tag?post=119829"}],"curies":[{"name":"wp","href":"https:\/\/api.w.org\/{rel}","templated":true}]}}