{"id":119825,"date":"2023-11-10T00:00:00","date_gmt":"2023-11-10T05:00:00","guid":{"rendered":"https:\/\/gpl-love.com\/es\/producto\/envira-gallery-gallery-themes-addon\/"},"modified":"2026-03-09T07:32:20","modified_gmt":"2026-03-09T12:32:20","slug":"envira-gallery-gallery-themes-addon","status":"publish","type":"product","link":"https:\/\/gpl-love.com\/es\/producto\/envira-gallery-gallery-themes-addon\/","title":{"rendered":"Envira Gallery Gallery Themes Addon 2.0.6"},"content":{"rendered":"<h3>Envira Gallery Gallery Themes Addon Caracteristicas<\/h3>\n<p>El complemento de los temas de la Galer\u00eda Envira Gallery, una herramienta altamente encomiable, sirve como un instrumento excepcional para mejorar la experiencia general del usuario de su galer\u00eda de WordPress. Al adoptar este complemento, obtiene la capacidad de incorporar una amplia gama de temas de la galer\u00eda dise\u00f1ados por expertos en su sitio de WordPress, simplificando as\u00ed el proceso de presentar sus fotos e im\u00e1genes cautivadoras de una manera est\u00e9ticamente agradable y visualmente cautivadora. Adem\u00e1s, estos temas son completamente personalizables, lo que le brinda la oportunidad de modificarlos sin esfuerzo para alinearse con la identidad o el estilo \u00fanicos de su marca. Adem\u00e1s, la instalaci\u00f3n y la utilizaci\u00f3n de este complemento son sin esfuerzo y f\u00e1cil de usar, lo que lo convierte en una excelente opci\u00f3n para novatos y usuarios experimentados de WordPress por igual. Independientemente de si se identifica como fot\u00f3grafo, artista o blogger, el complemento de la galer\u00eda de la galer\u00eda Envira, sin duda, surge como una selecci\u00f3n ejemplar para fabricar galer\u00edas notables y mostrar efectivamente su destreza art\u00edstica de la manera m\u00e1s ventajosa.<\/p>\n<ul>\n<li>El complemento de la galer\u00eda de la galer\u00eda de Envira es una herramienta poderosa para mejorar el atractivo visual de sus galer\u00edas de fotos.<\/li>\n<li>Este complemento le permite elegir entre una amplia gama de temas de dise\u00f1o profesional que seguramente har\u00e1n que sus fotos se destaquen.<\/li>\n<li>Con opciones simples para personalizar los colores, los bordes y m\u00e1s, puede crear una impresionante galer\u00eda que complementa perfectamente su sitio web o blog.<\/li>\n<li>Los temas son totalmente receptivos, lo que significa que se ver\u00e1n geniales en todos los dispositivos, y las im\u00e1genes y gr\u00e1ficos de alta calidad aseguran un acabado profesional.<\/li>\n<li>Con una variedad de temas para elegir, seguramente encontrar\u00e1 uno que coincida con su estilo y se adapte a sus necesidades.<\/li>\n<li>Ya sea que sea fot\u00f3grafo, blogger o dise\u00f1ador de sitios web, el complemento de la galer\u00eda de la galer\u00eda de Envira es una herramienta esencial para crear galer\u00edas de fotos hermosas y atractivas que mostrar\u00e1n su trabajo de la mejor manera posible.<\/li>\n<\/ul>\n","protected":false},"excerpt":{"rendered":"<p>El complemento de la galer\u00eda de la galer\u00eda de Envira es una herramienta excepcionalmente robusta que faculta a los usuarios para personalizar sus galer\u00edas de fotos con una variedad de opciones distintivas e impresionantes. Ofreciendo una gran cantidad de temas de galer\u00eda predise\u00f1ados, este complemento facilita la creaci\u00f3n r\u00e1pida y sin esfuerzo de un escaparate de im\u00e1genes pulido y sofisticado que armoniza sin problemas con la est\u00e9tica y el ambiente del sitio web de uno. Ya sea que sea un blogger dedicado, un fot\u00f3grafo profesional experimentado o un empresario en l\u00ednea inteligente, este notable complemento sirve como el medio \u00faltimo para presentar sus esfuerzos art\u00edsticos de una manera que no solo es visualmente cautivadora, sino que tambi\u00e9n es notablemente cautivadora. Por lo tanto, \u00bfpor qu\u00e9 retrasar m\u00e1s? \u00a1Abraza hoy la maravilla que es el complemento de la galer\u00eda de la galer\u00eda Envira y eleva tu exposici\u00f3n visual a alturas incomparables!<\/p>\n","protected":false},"featured_media":165999,"comment_status":"open","ping_status":"open","template":"","meta":[],"product_brand":[2442],"product_cat":[1214,1206,1211],"product_tag":[2231],"class_list":{"0":"post-119825","1":"product","2":"type-product","3":"status-publish","4":"has-post-thumbnail","6":"product_brand-envira-gallery","7":"product_cat-personalizacion","8":"product_cat-plugins","9":"product_cat-wordpress-plugins","10":"product_tag-envira-gallery","11":"member-discount","12":"discount-restricted","14":"first","15":"instock","16":"sale","17":"downloadable","18":"virtual","19":"sold-individually","20":"purchasable","21":"product-type-simple"},"_links":{"self":[{"href":"https:\/\/gpl-love.com\/es\/wp-json\/wp\/v2\/product\/119825","targetHints":{"allow":["GET"]}}],"collection":[{"href":"https:\/\/gpl-love.com\/es\/wp-json\/wp\/v2\/product"}],"about":[{"href":"https:\/\/gpl-love.com\/es\/wp-json\/wp\/v2\/types\/product"}],"replies":[{"embeddable":true,"href":"https:\/\/gpl-love.com\/es\/wp-json\/wp\/v2\/comments?post=119825"}],"wp:featuredmedia":[{"embeddable":true,"href":"https:\/\/gpl-love.com\/es\/wp-json\/wp\/v2\/media\/165999"}],"wp:attachment":[{"href":"https:\/\/gpl-love.com\/es\/wp-json\/wp\/v2\/media?parent=119825"}],"wp:term":[{"taxonomy":"product_brand","embeddable":true,"href":"https:\/\/gpl-love.com\/es\/wp-json\/wp\/v2\/product_brand?post=119825"},{"taxonomy":"product_cat","embeddable":true,"href":"https:\/\/gpl-love.com\/es\/wp-json\/wp\/v2\/product_cat?post=119825"},{"taxonomy":"product_tag","embeddable":true,"href":"https:\/\/gpl-love.com\/es\/wp-json\/wp\/v2\/product_tag?post=119825"}],"curies":[{"name":"wp","href":"https:\/\/api.w.org\/{rel}","templated":true}]}}