{"id":119823,"date":"2024-02-14T00:00:00","date_gmt":"2024-02-14T05:00:00","guid":{"rendered":"https:\/\/gpl-love.com\/es\/producto\/envira-gallery-fullscreen-addon\/"},"modified":"2026-03-09T07:32:16","modified_gmt":"2026-03-09T12:32:16","slug":"envira-gallery-fullscreen-addon","status":"publish","type":"product","link":"https:\/\/gpl-love.com\/es\/producto\/envira-gallery-fullscreen-addon\/","title":{"rendered":"Envira Gallery Fullscreen Addon 1.2.7"},"content":{"rendered":"<h3>Envira Gallery Fullscreen Addon Caracteristicas<\/h3>\n<p>El complemento de pantalla completa de la galer\u00eda Envira, una herramienta que es realmente impresionante, ha sido dise\u00f1ada espec\u00edficamente para ayudar a los fot\u00f3grafos, dise\u00f1adores y propietarios de sitios web a presentar sus im\u00e1genes de una manera incre\u00edblemente cautivadora y fascinante. Este notable complemento se integra sin problemas con el complemento de la Galer\u00eda Envira, otorgando a los usuarios la capacidad de convertir sin esfuerzo cualquier galer\u00eda en una pantalla visualmente llamativa y expansiva con solo un solo pu\u00f1ado de clics. Con un dise\u00f1o elegante y contempor\u00e1neo, el complemento de pantalla completa ofrece una experiencia de visualizaci\u00f3n extraordinaria para los visitantes, brind\u00e1ndoles la oportunidad de observar im\u00e1genes en una resoluci\u00f3n notablemente alta, todo sin dejar de ser feliz por cualquier molestia distracci\u00f3n. Adem\u00e1s, este complemento presenta una gran cantidad de opciones personalizables, que incluyen, entre otros, la navegaci\u00f3n de pantalla completa, los efectos de la caja de luz e incluso los controles de teclado, asegurando as\u00ed que la pantalla se pueda adaptar sin esfuerzo para acomodar con precisi\u00f3n los requisitos \u00fanicos de un proyecto dado. Si la intenci\u00f3n de uno es mostrar brillantemente una cartera, acentuar su trabajo o simplemente exhibir im\u00e1genes de la manera m\u00e1s excepcional imaginable, el complemento de pantalla completa de la galer\u00eda Envira, sin duda, se destaca como una herramienta indispensable que constantemente ofrece resultados genuinamente impresionantes y asombrosos en cada ocasi\u00f3n.<\/p>\n<ul>\n<li>Permite visualizaci\u00f3n de pantalla completa de las im\u00e1genes de la galer\u00eda Envira<\/li>\n<li>Ofrece experiencia de visualizaci\u00f3n inmersiva para los usuarios<\/li>\n<li>Opciones de visualizaci\u00f3n personalizables para el modo de pantalla completa<\/li>\n<li>F\u00e1cil de usar e instalar con Envira Gallery<\/li>\n<li>Compatible con m\u00faltiples dispositivos y plataformas<\/li>\n<li>Aumenta la participaci\u00f3n del usuario y la interacci\u00f3n con las im\u00e1genes<\/li>\n<li>Perfecto para exhibir carteras y galer\u00edas de fotograf\u00eda<\/li>\n<li>El dise\u00f1o receptivo garantiza una experiencia de visualizaci\u00f3n \u00f3ptima en cualquier tama\u00f1o de pantalla<\/li>\n<li>Opci\u00f3n para agregar subt\u00edtulos o descripciones detalladas para im\u00e1genes en modo de pantalla completa<\/li>\n<li>Se puede integrar con otros complementos de la galer\u00eda Envira para una funcionalidad adicional.<\/li>\n<\/ul>\n","protected":false},"excerpt":{"rendered":"<p>Si est\u00e1 en busca de un m\u00e9todo excepcional para exhibir sus fotos e im\u00e1genes en una pantalla asombrosa y que lo abarca, entonces el complemento de pantalla completa de la galer\u00eda Envira es precisamente lo que necesita. Al utilizar este complemento f\u00e1cil de usar, tendr\u00e1 la capacidad de incorporar sin esfuerzo galer\u00edas de pantalla completa impresionantes y de primera categor\u00eda en su sitio web o blog, ofreciendo as\u00ed a sus visitantes una experiencia de visualizaci\u00f3n inmersiva y cautivadora. Independientemente de si posee habilidades de fotograf\u00eda profesional, talentos art\u00edsticos o simplemente tiene el deseo de compartir sus im\u00e1genes cautivadoras con la comunidad global, el complemento de pantalla completa de la galer\u00eda Envira es el instrumento por excelencia que lo ayudar\u00e1 a lograr estos objetivos. Por lo tanto, \u00bfpor qu\u00e9 retrasar m\u00e1s? \u00a1No pierda tiempo y contin\u00fae a descargar esta herramienta extraordinaria hoy, comenzando su viaje de compartir estas im\u00e1genes extraordinarias con todo el mundo!<\/p>\n","protected":false},"featured_media":165998,"comment_status":"open","ping_status":"open","template":"","meta":[],"product_brand":[2442],"product_cat":[1214,1206,1211],"product_tag":[2231],"class_list":{"0":"post-119823","1":"product","2":"type-product","3":"status-publish","4":"has-post-thumbnail","6":"product_brand-envira-gallery","7":"product_cat-personalizacion","8":"product_cat-plugins","9":"product_cat-wordpress-plugins","10":"product_tag-envira-gallery","11":"member-discount","12":"discount-restricted","14":"first","15":"instock","16":"sale","17":"downloadable","18":"virtual","19":"sold-individually","20":"purchasable","21":"product-type-simple"},"_links":{"self":[{"href":"https:\/\/gpl-love.com\/es\/wp-json\/wp\/v2\/product\/119823","targetHints":{"allow":["GET"]}}],"collection":[{"href":"https:\/\/gpl-love.com\/es\/wp-json\/wp\/v2\/product"}],"about":[{"href":"https:\/\/gpl-love.com\/es\/wp-json\/wp\/v2\/types\/product"}],"replies":[{"embeddable":true,"href":"https:\/\/gpl-love.com\/es\/wp-json\/wp\/v2\/comments?post=119823"}],"wp:featuredmedia":[{"embeddable":true,"href":"https:\/\/gpl-love.com\/es\/wp-json\/wp\/v2\/media\/165998"}],"wp:attachment":[{"href":"https:\/\/gpl-love.com\/es\/wp-json\/wp\/v2\/media?parent=119823"}],"wp:term":[{"taxonomy":"product_brand","embeddable":true,"href":"https:\/\/gpl-love.com\/es\/wp-json\/wp\/v2\/product_brand?post=119823"},{"taxonomy":"product_cat","embeddable":true,"href":"https:\/\/gpl-love.com\/es\/wp-json\/wp\/v2\/product_cat?post=119823"},{"taxonomy":"product_tag","embeddable":true,"href":"https:\/\/gpl-love.com\/es\/wp-json\/wp\/v2\/product_tag?post=119823"}],"curies":[{"name":"wp","href":"https:\/\/api.w.org\/{rel}","templated":true}]}}