{"id":119821,"date":"2024-02-14T00:00:00","date_gmt":"2024-02-14T05:00:00","guid":{"rendered":"https:\/\/gpl-love.com\/es\/producto\/envira-gallery-featured-content-addon\/"},"modified":"2026-03-09T07:32:15","modified_gmt":"2026-03-09T12:32:15","slug":"envira-gallery-featured-content-addon","status":"publish","type":"product","link":"https:\/\/gpl-love.com\/es\/producto\/envira-gallery-featured-content-addon\/","title":{"rendered":"Envira Gallery Featured Content Addon 1.3.1"},"content":{"rendered":"<h3>Envira Gallery Featured Content Addon Caracteristicas<\/h3>\n<p>La Galer\u00eda Envira present\u00f3 el contenido de contenido demuestra ser una herramienta incre\u00edblemente robusta para los usuarios de WordPress que anhelan exhibir su contenido de una manera est\u00e9ticamente cautivadora. A trav\u00e9s de la utilizaci\u00f3n de este complemento, los usuarios pueden sin esfuerzo galer\u00edas de moda que muestran su contenido m\u00e1s buscado y fascinante, y posteriormente presentar estas galer\u00edas en su sitio web. La amplia gama de caracter\u00edsticas personalizables del complemento permite a los usuarios seleccionar entre una gran cantidad de opciones de dise\u00f1o y configuraciones de dise\u00f1o, construyendo en \u00faltima instancia una galer\u00eda que atiende sin problemas a sus requisitos \u00fanicos. Adem\u00e1s, la Galer\u00eda Envira present\u00f3 contenido de contenido cuenta con una capacidad de respuesta completa, asegurando que las galer\u00edas exuden excelencia visual independientemente del dispositivo en el que se vean. Independientemente de si se clasifica como blogger, comercializador o emprendedor, este complemento sirve como un medio excepcional para exhibir su contenido de una manera que capture instant\u00e1neamente la atenci\u00f3n de su p\u00fablico objetivo, lo que es efectivamente oblig\u00e1ndolos a interactuar con su marca.<\/p>\n<ul>\n<li>Permite a los usuarios resaltar y mostrar contenido espec\u00edfico desde su galer\u00eda Envira<\/li>\n<li>Cuenta con un widget personalizado que se puede agregar a cualquier \u00e1rea widgetizada de un sitio web<\/li>\n<li>Proporciona un control completo sobre el dise\u00f1o y el estilo del contenido destacado<\/li>\n<li>Permite a los usuarios elegir el n\u00famero de elementos para mostrar y en qu\u00e9 orden<\/li>\n<li>Funciona sin problemas con todos los dise\u00f1os y plantillas de la galer\u00eda Envira<\/li>\n<li>La interfaz intuitiva y f\u00e1cil de usar hace que la configuraci\u00f3n y la administraci\u00f3n sea muy f\u00e1cil<\/li>\n<li>Ideal para exhibir carteras, colecciones de productos y otro contenido destacado en un sitio web.<\/li>\n<\/ul>\n","protected":false},"excerpt":{"rendered":"<p>El complemento de contenido destacado de la Galer\u00eda Envira es una herramienta incre\u00edblemente robusta e influyente que se ha creado meticulosamente para ayudar a los propietarios de sitios de WordPress a mostrar efectiva y est\u00e9ticamente a mostrar su contenido m\u00e1s excepcional. A trav\u00e9s de su interfaz f\u00e1cil de usar y una amplia gama de caracter\u00edsticas personalizables, las personas pueden generar sin esfuerzo y ampliamente las galer\u00edas visualmente cautivadoras y los espect\u00e1culos de diapositivas que acent\u00faan sus publicaciones, p\u00e1ginas o productos preeminentes y notables. Independientemente de si la ocupaci\u00f3n de uno gira en torno a los blogs, marketing o poseer una tienda de comercio electr\u00f3nico, este complemento sirve como el remedio final para incorporar contenido din\u00e1mico e inmersivo en su sitio web.<\/p>\n","protected":false},"featured_media":165997,"comment_status":"open","ping_status":"open","template":"","meta":[],"product_brand":[2442],"product_cat":[1214,1206,1211],"product_tag":[2231],"class_list":{"0":"post-119821","1":"product","2":"type-product","3":"status-publish","4":"has-post-thumbnail","6":"product_brand-envira-gallery","7":"product_cat-personalizacion","8":"product_cat-plugins","9":"product_cat-wordpress-plugins","10":"product_tag-envira-gallery","11":"member-discount","12":"discount-restricted","14":"first","15":"instock","16":"sale","17":"downloadable","18":"virtual","19":"sold-individually","20":"purchasable","21":"product-type-simple"},"_links":{"self":[{"href":"https:\/\/gpl-love.com\/es\/wp-json\/wp\/v2\/product\/119821","targetHints":{"allow":["GET"]}}],"collection":[{"href":"https:\/\/gpl-love.com\/es\/wp-json\/wp\/v2\/product"}],"about":[{"href":"https:\/\/gpl-love.com\/es\/wp-json\/wp\/v2\/types\/product"}],"replies":[{"embeddable":true,"href":"https:\/\/gpl-love.com\/es\/wp-json\/wp\/v2\/comments?post=119821"}],"wp:featuredmedia":[{"embeddable":true,"href":"https:\/\/gpl-love.com\/es\/wp-json\/wp\/v2\/media\/165997"}],"wp:attachment":[{"href":"https:\/\/gpl-love.com\/es\/wp-json\/wp\/v2\/media?parent=119821"}],"wp:term":[{"taxonomy":"product_brand","embeddable":true,"href":"https:\/\/gpl-love.com\/es\/wp-json\/wp\/v2\/product_brand?post=119821"},{"taxonomy":"product_cat","embeddable":true,"href":"https:\/\/gpl-love.com\/es\/wp-json\/wp\/v2\/product_cat?post=119821"},{"taxonomy":"product_tag","embeddable":true,"href":"https:\/\/gpl-love.com\/es\/wp-json\/wp\/v2\/product_tag?post=119821"}],"curies":[{"name":"wp","href":"https:\/\/api.w.org\/{rel}","templated":true}]}}