{"id":119819,"date":"2024-08-03T00:00:00","date_gmt":"2024-08-03T05:00:00","guid":{"rendered":"https:\/\/gpl-love.com\/es\/producto\/envira-gallery-exif-addon\/"},"modified":"2026-03-09T07:32:14","modified_gmt":"2026-03-09T12:32:14","slug":"envira-gallery-exif-addon","status":"publish","type":"product","link":"https:\/\/gpl-love.com\/es\/producto\/envira-gallery-exif-addon\/","title":{"rendered":"Envira Gallery EXIF Addon 1.5.5"},"content":{"rendered":"<h3>Envira Gallery EXIF Addon Caracteristicas<\/h3>\n<p>El complemento Envira Gallery Exif, una herramienta robusta, mejora enormemente la funcionalidad del complemento de la Galer\u00eda Envira al proporcionar la capacidad de exhibir datos EXIF \u200b\u200bpara cada imagen individual dentro de una galer\u00eda. Este complemento en particular es particularmente adecuado para fot\u00f3grafos, artistas y profesionales, ya que les permite presentar su trabajo junto con datos integrales de im\u00e1genes. Los usuarios pueden mostrar la configuraci\u00f3n de la c\u00e1mara, la distancia focal, la velocidad del obturador, el ISO y varios otros detalles de la imagen vital a trav\u00e9s del empleo del complemento de la galer\u00eda Envira Exif. Adem\u00e1s, este complemento cuenta con un proceso de instalaci\u00f3n sin problemas, as\u00ed como la facilidad de uso, al tiempo que es totalmente compatible con todos los temas de WordPress. Dada su interfaz intuitiva y su potente caracter\u00edsticas, el complemento de la galer\u00eda de la galer\u00eda Envira demuestra ser la herramienta por excelencia para elaborar galer\u00edas de im\u00e1genes impresionantes que muestran impecablemente la intrincada belleza de cada imagen.<\/p>\n<ul>\n<li>Permite a los fot\u00f3grafos mostrar datos exif (configuraci\u00f3n de c\u00e1mara, ISO, apertura, etc.) para cada foto en sus galer\u00edas Envira<\/li>\n<li>Mejora la experiencia del usuario al proporcionar informaci\u00f3n valiosa para los entusiastas de la fotograf\u00eda y los profesionales<\/li>\n<li>F\u00e1cil de instalar y activar<\/li>\n<li>Se integra a la perfecci\u00f3n con la interfaz de arrastrar y soltar de Envira Gallery<\/li>\n<li>Personalice la visualizaci\u00f3n de datos exif para adaptarse a la est\u00e9tica y el estilo de su galer\u00eda<\/li>\n<li>Ayuda a promover el compromiso con sus fotos proporcionando contexto adicional y detalles t\u00e9cnicos.<\/li>\n<li>Compatible con las versiones gratuitas y premium de Envira Gallery<\/li>\n<li>Proporciona funcionalidad adicional para aquellos que buscan mostrar su fotograf\u00eda de manera profesional e informativa.<\/li>\n<li>Actualizaciones y soporte regulares proporcionados por el equipo de la Galer\u00eda Envira para garantizar la compatibilidad y el rendimiento \u00f3ptimo.<\/li>\n<\/ul>\n","protected":false},"excerpt":{"rendered":"<p>El complemento de la Galer\u00eda Envira Exif, que es una herramienta muy potente, otorga a los fot\u00f3grafos la capacidad de exhibir sus fotograf\u00edas junto con datos exitos de exif. Al utilizar este complemento, los usuarios pueden presentar sin esfuerzo detalles de im\u00e1genes cruciales como apertura, ISO, velocidad de obturaci\u00f3n, ubicaci\u00f3n y innumerables otros atributos. En consecuencia, esto hace que sea un activo invaluable para los fot\u00f3grafos que anhelan hacer alarde de sus im\u00e1genes con una transparencia absoluta y proporcionar a los espectadores ideas invaluables. La instalaci\u00f3n y la utilizaci\u00f3n de este complemento no plantean dificultad y se integra armoniosamente con el complemento de la galer\u00eda Envira. Independientemente de si uno es un profesional experimentado o un \u00e1vido entusiasta, la galer\u00eda Envira Exif Addon emerge indiscutiblemente como una herramienta indispensable para mostrar meticulenta y precisamente la obra maestra creativa.<\/p>\n","protected":false},"featured_media":165996,"comment_status":"open","ping_status":"open","template":"","meta":[],"product_brand":[2442],"product_cat":[1214,1206,1211],"product_tag":[2231],"class_list":{"0":"post-119819","1":"product","2":"type-product","3":"status-publish","4":"has-post-thumbnail","6":"product_brand-envira-gallery","7":"product_cat-personalizacion","8":"product_cat-plugins","9":"product_cat-wordpress-plugins","10":"product_tag-envira-gallery","11":"member-discount","12":"discount-restricted","14":"first","15":"instock","16":"sale","17":"downloadable","18":"virtual","19":"sold-individually","20":"purchasable","21":"product-type-simple"},"_links":{"self":[{"href":"https:\/\/gpl-love.com\/es\/wp-json\/wp\/v2\/product\/119819","targetHints":{"allow":["GET"]}}],"collection":[{"href":"https:\/\/gpl-love.com\/es\/wp-json\/wp\/v2\/product"}],"about":[{"href":"https:\/\/gpl-love.com\/es\/wp-json\/wp\/v2\/types\/product"}],"replies":[{"embeddable":true,"href":"https:\/\/gpl-love.com\/es\/wp-json\/wp\/v2\/comments?post=119819"}],"wp:featuredmedia":[{"embeddable":true,"href":"https:\/\/gpl-love.com\/es\/wp-json\/wp\/v2\/media\/165996"}],"wp:attachment":[{"href":"https:\/\/gpl-love.com\/es\/wp-json\/wp\/v2\/media?parent=119819"}],"wp:term":[{"taxonomy":"product_brand","embeddable":true,"href":"https:\/\/gpl-love.com\/es\/wp-json\/wp\/v2\/product_brand?post=119819"},{"taxonomy":"product_cat","embeddable":true,"href":"https:\/\/gpl-love.com\/es\/wp-json\/wp\/v2\/product_cat?post=119819"},{"taxonomy":"product_tag","embeddable":true,"href":"https:\/\/gpl-love.com\/es\/wp-json\/wp\/v2\/product_tag?post=119819"}],"curies":[{"name":"wp","href":"https:\/\/api.w.org\/{rel}","templated":true}]}}