{"id":119817,"date":"2024-08-03T00:00:00","date_gmt":"2024-08-03T05:00:00","guid":{"rendered":"https:\/\/gpl-love.com\/es\/?post_type=product&#038;p=119817"},"modified":"2026-03-09T07:32:12","modified_gmt":"2026-03-09T12:32:12","slug":"envira-gallery-dynamic-addon","status":"publish","type":"product","link":"https:\/\/gpl-love.com\/es\/producto\/envira-gallery-dynamic-addon\/","title":{"rendered":"Envira Gallery Dynamic Addon 1.6.7"},"content":{"rendered":"<h3>Envira Gallery Dynamic Addon Caracteristicas<\/h3>\n<p>El complemento din\u00e1mico de la Galer\u00eda Envira, reconocido por sus formidables capacidades, ha sido dise\u00f1ado espec\u00edficamente para satisfacer las necesidades de los fot\u00f3grafos y otros profesionales creativos que buscan presentar sus obras de una manera altamente eficiente y visualmente fascinante. Este notable complemento le permite construir sin esfuerzo galer\u00edas din\u00e1micas que se pueden adaptar para cumplir con sus requisitos espec\u00edficos, independientemente de si prefiere una elegante cuadr\u00edcula estilo mamposter\u00eda o un formato de carrusel m\u00e1s convencional. A trav\u00e9s de su interfaz de arrastrar y soltar excepcionalmente f\u00e1cil de usar, puede aumentar o disminuir sin esfuerzo la cantidad de im\u00e1genes, alterar el dise\u00f1o general y ajustar la configuraci\u00f3n para crear meticulosamente una galer\u00eda que refleje aut\u00e9nticamente su estilo art\u00edstico distinto. En particular, el complemento din\u00e1mico de la galer\u00eda Envira es totalmente receptivo y meticulosamente optimizado para una velocidad excepcional, asegurando que sus im\u00e1genes cautivadoras parezcan impecablemente en cualquier dispositivo y se carguen con notable rapidez. Independientemente de si es un fot\u00f3grafo profesional experimentado o un aficionado apasionado, el complemento din\u00e1mico de la galer\u00eda Envira emerge sin esfuerzo como la soluci\u00f3n por excelencia para mostrar su impresionante trabajo de una manera completamente cautivadora y completamente inmersiva.<\/p>\n<ul>\n<li>Permite la visualizaci\u00f3n din\u00e1mica de galer\u00edas dentro de WordPress<\/li>\n<li>Agrega etiquetas din\u00e1micas para opciones de filtrado flexibles<\/li>\n<li>Se integra con las potentes caracter\u00edsticas de Envira Gallery<\/li>\n<li>No requiere codificaci\u00f3n o conocimiento t\u00e9cnico<\/li>\n<li>Habilita galer\u00edas visualmente atractivas e interactivas<\/li>\n<li>Ayuda a mejorar el compromiso del sitio web y la experiencia del usuario<\/li>\n<li>Viene con atenci\u00f3n al cliente confiable y receptivo<\/li>\n<li>Actualizaciones peri\u00f3dicas aseguran la compatibilidad con las \u00faltimas versiones de WordPress<\/li>\n<li>Se puede usar con otros complementos de la galer\u00eda Envira para obtener a\u00fan m\u00e1s opciones de personalizaci\u00f3n<\/li>\n<\/ul>\n","protected":false},"excerpt":{"rendered":"<p>El complemento Dynamic de la Galer\u00eda Envira se presenta como una herramienta incre\u00edblemente potente que le permite fabricar galer\u00edas convincentes y cautivadoras en su sitio web, ofreciendo una variedad de caracter\u00edsticas inmersivas. Al integrar este complemento en su sitio web, obtiene la capacidad de incorporar sin esfuerzo animaciones fascinantes y transiciones perfectas, lo que permite a sus estimados visitantes disfrutar de una experiencia visual que lo abarca y lo que todo lo abarca. Adem\u00e1s, este notable complemento le permite a las galer\u00edas que responden a la moda que se adaptan sin esfuerzo a las especificaciones de cualquier dispositivo, asegurando una presentaci\u00f3n visualmente sorprendente independientemente de la plataforma. Adem\u00e1s, el complemento din\u00e1mico de la galer\u00eda Envira le otorga la libertad de personalizar y adaptar el dise\u00f1o de su galer\u00eda, lo que lo hace armonioso con el dise\u00f1o general de su sitio web. Ya sea que sea un aspirante a fot\u00f3grafo que anhela exhibir su impresionante trabajo o un propietario de negocios emprendedor que se esfuerza por exhibir sus productos incomparables, el complemento din\u00e1mico de la galer\u00eda Envira surge como la soluci\u00f3n por excelencia para ayudarlo a establecer una presencia indeleble en la gran expansi\u00f3n del Realm en l\u00ednea. .<\/p>\n","protected":false},"featured_media":165995,"comment_status":"open","ping_status":"open","template":"","meta":[],"product_brand":[2442],"product_cat":[1214,1206,1211],"product_tag":[2231],"class_list":{"0":"post-119817","1":"product","2":"type-product","3":"status-publish","4":"has-post-thumbnail","6":"product_brand-envira-gallery","7":"product_cat-personalizacion","8":"product_cat-plugins","9":"product_cat-wordpress-plugins","10":"product_tag-envira-gallery","11":"member-discount","12":"discount-restricted","14":"first","15":"instock","16":"sale","17":"downloadable","18":"virtual","19":"sold-individually","20":"purchasable","21":"product-type-simple"},"_links":{"self":[{"href":"https:\/\/gpl-love.com\/es\/wp-json\/wp\/v2\/product\/119817","targetHints":{"allow":["GET"]}}],"collection":[{"href":"https:\/\/gpl-love.com\/es\/wp-json\/wp\/v2\/product"}],"about":[{"href":"https:\/\/gpl-love.com\/es\/wp-json\/wp\/v2\/types\/product"}],"replies":[{"embeddable":true,"href":"https:\/\/gpl-love.com\/es\/wp-json\/wp\/v2\/comments?post=119817"}],"wp:featuredmedia":[{"embeddable":true,"href":"https:\/\/gpl-love.com\/es\/wp-json\/wp\/v2\/media\/165995"}],"wp:attachment":[{"href":"https:\/\/gpl-love.com\/es\/wp-json\/wp\/v2\/media?parent=119817"}],"wp:term":[{"taxonomy":"product_brand","embeddable":true,"href":"https:\/\/gpl-love.com\/es\/wp-json\/wp\/v2\/product_brand?post=119817"},{"taxonomy":"product_cat","embeddable":true,"href":"https:\/\/gpl-love.com\/es\/wp-json\/wp\/v2\/product_cat?post=119817"},{"taxonomy":"product_tag","embeddable":true,"href":"https:\/\/gpl-love.com\/es\/wp-json\/wp\/v2\/product_tag?post=119817"}],"curies":[{"name":"wp","href":"https:\/\/api.w.org\/{rel}","templated":true}]}}