{"id":119815,"date":"2024-02-14T00:00:00","date_gmt":"2024-02-14T05:00:00","guid":{"rendered":"https:\/\/gpl-love.com\/es\/producto\/envira-gallery-dropbox-importer-addon\/"},"modified":"2026-03-09T07:32:11","modified_gmt":"2026-03-09T12:32:11","slug":"envira-gallery-dropbox-importer-addon","status":"publish","type":"product","link":"https:\/\/gpl-love.com\/es\/producto\/envira-gallery-dropbox-importer-addon\/","title":{"rendered":"Envira Gallery Dropbox Importer Addon 1.3.6"},"content":{"rendered":"<h3>Envira Gallery Dropbox Importer Addon Caracteristicas<\/h3>\n<p>El complemento de importador de Dropbox de la Galer\u00eda Envira, una herramienta incre\u00edblemente formidable a medida para fot\u00f3grafos, artistas y creativos que buscan importar im\u00e1genes de inmediato y sin esfuerzo de Dropbox en su galer\u00eda Envira, tiene un poder inmenso. Armados con este notable complemento, los usuarios pueden establecer sin problemas una conexi\u00f3n con sus cuentas de Dropbox e importar sin esfuerzo sus preciosas fotos o im\u00e1genes directamente en su galer\u00eda Envira, sin pasar por el arduo proceso de descarga y posteriormente reemplaz\u00e1ndolas. Esto no solo sirve como una medida extraordinaria de ahorro de tiempo, sino que tambi\u00e9n garantiza que sus im\u00e1genes permanezcan perpetuamente actualizadas y convenientemente accesibles. Independientemente de si cuenta con el estado de un fot\u00f3grafo profesional experimentado o si se est\u00e1 embarcando en su viaje creativo, el complemento de la Galer\u00eda Entira Dropbox Addon representa inequ\u00edvocamente la soluci\u00f3n ideal para todos esos que anhelan racionalizar su flujo de trabajo y crear sin esfuerzo galer\u00edas impresionantes.<\/p>\n<ul>\n<li>Importar f\u00e1cilmente fotos y videos desde su cuenta de Dropbox a Envira Gallery<\/li>\n<li>Automatice las actualizaciones de su galer\u00eda sincronizando con su carpeta Dropbox<\/li>\n<li>Sincrita sus fotos y videos sin problemas con Envira Gallery<\/li>\n<li>Administre su biblioteca de medios en Envira Gallery y Dropbox f\u00e1cilmente<\/li>\n<li>Cree y organice m\u00faltiples galer\u00edas de manera r\u00e1pida y f\u00e1cil con la ayuda del sistema de carpetas de Dropbox<\/li>\n<li>Cree impresionantes galer\u00edas de imagen y video con solo unos pocos clics<\/li>\n<li>Obtenga acceso instant\u00e1neo a todos sus archivos multimedia en Envira Gallery a trav\u00e9s de Dropbox<\/li>\n<li>Ahorre tiempo y aumente la productividad con funciones avanzadas de automatizaci\u00f3n<\/li>\n<li>Mantenga sus galer\u00edas sin esfuerzo actualizadas con el \u00faltimo contenido de su carpeta Dropbox<\/li>\n<\/ul>\n","protected":false},"excerpt":{"rendered":"<p>El complemento del importador de Dropbox de la galer\u00eda Envira es una herramienta incre\u00edblemente \u00fatil y altamente eficiente que permite a los usuarios importar sin esfuerzo sus im\u00e1genes y galer\u00edas de Dropbox directamente a su galer\u00eda Envira. Al eliminar efectivamente la necesidad de un proceso de carga manual laborioso y que lleva mucho tiempo, este complemento agiliza todo el procedimiento de adici\u00f3n de im\u00e1genes, lo que permite a los usuarios incorporar r\u00e1pida y f\u00e1cilmente sus im\u00e1genes deseadas en su sitio web. Con solo unos pocos clics, los usuarios pueden importar sin problemas sus im\u00e1genes y generar sin esfuerzo galer\u00edas visualmente llamativas que sin duda mejoran el atractivo est\u00e9tico de su sitio web. Sin lugar a dudas, el complemento del importador de Dropbox de la galer\u00eda Envira reduce significativamente la cantidad de tiempo y esfuerzo necesarios para esta tarea, posicion\u00e1ndola como la soluci\u00f3n definitiva para las personas que est\u00e1n constantemente en movimiento, como fot\u00f3grafos profesionales y propietarios de sitios web que se encuentran haciendo malabares con las responsabilidades m\u00faltiples.<\/p>\n","protected":false},"featured_media":165994,"comment_status":"open","ping_status":"open","template":"","meta":[],"product_brand":[2442],"product_cat":[1214,1206,1211],"product_tag":[2231],"class_list":{"0":"post-119815","1":"product","2":"type-product","3":"status-publish","4":"has-post-thumbnail","6":"product_brand-envira-gallery","7":"product_cat-personalizacion","8":"product_cat-plugins","9":"product_cat-wordpress-plugins","10":"product_tag-envira-gallery","11":"member-discount","12":"discount-restricted","14":"first","15":"instock","16":"sale","17":"downloadable","18":"virtual","19":"sold-individually","20":"purchasable","21":"product-type-simple"},"_links":{"self":[{"href":"https:\/\/gpl-love.com\/es\/wp-json\/wp\/v2\/product\/119815","targetHints":{"allow":["GET"]}}],"collection":[{"href":"https:\/\/gpl-love.com\/es\/wp-json\/wp\/v2\/product"}],"about":[{"href":"https:\/\/gpl-love.com\/es\/wp-json\/wp\/v2\/types\/product"}],"replies":[{"embeddable":true,"href":"https:\/\/gpl-love.com\/es\/wp-json\/wp\/v2\/comments?post=119815"}],"wp:featuredmedia":[{"embeddable":true,"href":"https:\/\/gpl-love.com\/es\/wp-json\/wp\/v2\/media\/165994"}],"wp:attachment":[{"href":"https:\/\/gpl-love.com\/es\/wp-json\/wp\/v2\/media?parent=119815"}],"wp:term":[{"taxonomy":"product_brand","embeddable":true,"href":"https:\/\/gpl-love.com\/es\/wp-json\/wp\/v2\/product_brand?post=119815"},{"taxonomy":"product_cat","embeddable":true,"href":"https:\/\/gpl-love.com\/es\/wp-json\/wp\/v2\/product_cat?post=119815"},{"taxonomy":"product_tag","embeddable":true,"href":"https:\/\/gpl-love.com\/es\/wp-json\/wp\/v2\/product_tag?post=119815"}],"curies":[{"name":"wp","href":"https:\/\/api.w.org\/{rel}","templated":true}]}}