{"id":119813,"date":"2024-08-03T00:00:00","date_gmt":"2024-08-03T05:00:00","guid":{"rendered":"https:\/\/gpl-love.com\/es\/?post_type=product&#038;p=119813"},"modified":"2026-03-09T07:32:10","modified_gmt":"2026-03-09T12:32:10","slug":"envira-gallery-downloads-addon","status":"publish","type":"product","link":"https:\/\/gpl-love.com\/es\/producto\/envira-gallery-downloads-addon\/","title":{"rendered":"Envira Gallery Downloads Addon 1.5.11"},"content":{"rendered":"<h3>Envira Gallery Downloads Addon Caracteristicas<\/h3>\n<p>La Galer\u00eda Envira descarga Addon, una herramienta incre\u00edblemente poderosa, presenta a los usuarios una soluci\u00f3n perfecta para descargar sin esfuerzo im\u00e1genes y galer\u00edas directamente desde su galer\u00eda Envira. Al integrar este complemento, los usuarios pueden ofrecer convenientemente a los visitantes del sitio web la opci\u00f3n de descargar im\u00e1genes con un simple clic, lo que lo hace ideal para fot\u00f3grafos, dise\u00f1adores y artistas que buscan mostrar su trabajo excepcional en su sitio web personal, al tiempo que facilita la capacidad de sus clientes de sus clientes. para obtener sin esfuerzo dichas im\u00e1genes. Cabe destacar que el complemento de las descargas de la galer\u00eda de la galer\u00eda de Envira abarca una gran cantidad de opciones de personalizaci\u00f3n, incluida la oportunidad de habilitar selectivamente la funci\u00f3n de descarga para im\u00e1genes y galer\u00edas espec\u00edficas. Indudablemente esencial para las personas que anhelan mejorar la experiencia del usuario de su sitio web y simplificar el acceso al cliente a su cautivador contenido visual.<\/p>\n<ul>\n<li>Mejora la funcionalidad del popular complemento de la Galer\u00eda Envira con la capacidad de descargar im\u00e1genes y \u00e1lbumes<\/li>\n<li>La interfaz intuitiva y f\u00e1cil de usar le permite descargar archivos multimedia r\u00e1pida y f\u00e1cilmente<\/li>\n<li>Compatible con una variedad de tipos de archivos, incluidos JPEG, PNG, PDF y ZIP<\/li>\n<li>Configuraci\u00f3n de descarga personalizable, incluidos los controles de tama\u00f1o y calidad de descarga, le permiten optimizar sus archivos para fines espec\u00edficos<\/li>\n<li>Permite a sus visitantes descargar sus im\u00e1genes y \u00e1lbumes sin salir de su sitio web, por lo que es una experiencia de usuario conveniente y sin fricci\u00f3n.<\/li>\n<li>Optimizado para la velocidad y el rendimiento, asegurando descargas r\u00e1pidas y eficientes tanto para usted como para sus visitantes<\/li>\n<li>Seguro y confiable, con salvaguardas incorporadas para proteger tanto la privacidad y la seguridad de sus usuarios como la de sus usuarios<\/li>\n<li>Actualizaciones y soporte peri\u00f3dicos, con un equipo dedicado de desarrolladores y personal de soporte que garantiza que su funcionalidad de galer\u00eda y descarga siempre est\u00e9 actualizada y funcione sin problemas<\/li>\n<\/ul>\n","protected":false},"excerpt":{"rendered":"<p>La Galer\u00eda Envira Descarga Addon, una herramienta de inmensa potencia, le otorga la capacidad de proporcionar contenido descargable de su estimado sitio web con contenido descargable. Mediante este complemento, la construcci\u00f3n de una galer\u00eda repleta de im\u00e1genes, videos o cualquier otra forma de medios se convierte en una haza\u00f1a sin esfuerzo, lo que permite a los usuarios recuperar los materiales dichos sin esfuerzo directamente desde su sitio web. El complemento en s\u00ed, caracterizado por su naturaleza totalmente personalizable, le brinda la libertad de seleccionar los archivos espec\u00edficos que estar\u00e1n disponibles para descargar, ejercer control sobre el acceso e implementar l\u00edmites de descarga seg\u00fan su juicio exigente. En resumen, este complemento representa la soluci\u00f3n por excelencia para fot\u00f3grafos, artistas y creadores de contenido digital por igual, ya que los dotan con los medios para difundir efectivamente sus obras maestras de una manera profesional, inexpugnable y extremadamente conveniente.<\/p>\n","protected":false},"featured_media":165993,"comment_status":"open","ping_status":"open","template":"","meta":[],"product_brand":[2442],"product_cat":[1214,1206,1211],"product_tag":[2231],"class_list":{"0":"post-119813","1":"product","2":"type-product","3":"status-publish","4":"has-post-thumbnail","6":"product_brand-envira-gallery","7":"product_cat-personalizacion","8":"product_cat-plugins","9":"product_cat-wordpress-plugins","10":"product_tag-envira-gallery","11":"member-discount","12":"discount-restricted","14":"first","15":"instock","16":"sale","17":"downloadable","18":"virtual","19":"sold-individually","20":"purchasable","21":"product-type-simple"},"_links":{"self":[{"href":"https:\/\/gpl-love.com\/es\/wp-json\/wp\/v2\/product\/119813","targetHints":{"allow":["GET"]}}],"collection":[{"href":"https:\/\/gpl-love.com\/es\/wp-json\/wp\/v2\/product"}],"about":[{"href":"https:\/\/gpl-love.com\/es\/wp-json\/wp\/v2\/types\/product"}],"replies":[{"embeddable":true,"href":"https:\/\/gpl-love.com\/es\/wp-json\/wp\/v2\/comments?post=119813"}],"wp:featuredmedia":[{"embeddable":true,"href":"https:\/\/gpl-love.com\/es\/wp-json\/wp\/v2\/media\/165993"}],"wp:attachment":[{"href":"https:\/\/gpl-love.com\/es\/wp-json\/wp\/v2\/media?parent=119813"}],"wp:term":[{"taxonomy":"product_brand","embeddable":true,"href":"https:\/\/gpl-love.com\/es\/wp-json\/wp\/v2\/product_brand?post=119813"},{"taxonomy":"product_cat","embeddable":true,"href":"https:\/\/gpl-love.com\/es\/wp-json\/wp\/v2\/product_cat?post=119813"},{"taxonomy":"product_tag","embeddable":true,"href":"https:\/\/gpl-love.com\/es\/wp-json\/wp\/v2\/product_tag?post=119813"}],"curies":[{"name":"wp","href":"https:\/\/api.w.org\/{rel}","templated":true}]}}