{"id":119811,"date":"2024-02-14T00:00:00","date_gmt":"2024-02-14T05:00:00","guid":{"rendered":"https:\/\/gpl-love.com\/es\/producto\/envira-gallery-defaults-addon\/"},"modified":"2026-03-09T07:32:08","modified_gmt":"2026-03-09T12:32:08","slug":"envira-gallery-defaults-addon","status":"publish","type":"product","link":"https:\/\/gpl-love.com\/es\/producto\/envira-gallery-defaults-addon\/","title":{"rendered":"Envira Gallery Defaults Addon 1.5.3"},"content":{"rendered":"<h3>Envira Gallery Defaults Addon Caracteristicas<\/h3>\n<p>El complemento de la Galer\u00eda Envira, una herramienta altamente efectiva, sirve para agilizar y simplificar la ardua tarea de crear galer\u00edas visualmente cautivadoras en su sitio de WordPress. Al utilizar este complemento notable, obtiene la capacidad de personalizar sin esfuerzo una gran cantidad de configuraciones, abarcar estilo de la galer\u00eda, paginaci\u00f3n, caja de luz y tama\u00f1o de imagen, para todas sus galer\u00edas. En consecuencia, este ingenioso complemento obvia la necesidad de que usted realice laboriosamente estas personalizaciones de forma individual. Adem\u00e1s, este complemento ha sido meticulosamente elaborado para integrarse armoniosamente con el complemento de la Galer\u00eda Envira, lo que le brinda la oportunidad de ser impresionantes galer\u00edas sin esfuerzo con un esfuerzo m\u00ednimo. Ya sea que tenga una cartera impresionante como fot\u00f3grafo experimentado o se est\u00e9 embarcando en su viaje como ne\u00f3fito en el \u00e1mbito de la fotograf\u00eda, el complemento de los valores predeterminados de la galer\u00eda Envira sirve para simplificar significativamente el proceso de exhibir sus im\u00e1genes de una manera profesional y art\u00edsticamente innovadora.<\/p>\n<ul>\n<li>Establezca f\u00e1cilmente la configuraci\u00f3n predeterminada para todas las nuevas galer\u00edas<\/li>\n<li>Ahorre tiempo al no tener que cambiar manualmente la configuraci\u00f3n para cada nueva galer\u00eda creada<\/li>\n<li>Capacidad para personalizar la configuraci\u00f3n predeterminada para diferentes tipos de galer\u00eda (por ejemplo, mamposter\u00eda, caja de luz, etc.)<\/li>\n<li>Opci\u00f3n para restablecer la configuraci\u00f3n predeterminada Volver al estado original<\/li>\n<li>Compatibilidad con las versiones de Envira Gallery Pro y Lite<\/li>\n<li>Instalaci\u00f3n simple y proceso de configuraci\u00f3n<\/li>\n<li>No se requiere codificaci\u00f3n<\/li>\n<li>Acceso a soporte t\u00e9cnico y documentaci\u00f3n<\/li>\n<\/ul>\n","protected":false},"excerpt":{"rendered":"<p>El complemento de la Galer\u00eda Envira, que es una herramienta indispensable para elaborar impresionantes galer\u00edas de im\u00e1genes inspiradoras dentro de la plataforma WordPress, ofrece una multitud de beneficios. Al utilizar este complemento, uno gana la capacidad de adaptar y personalizar sin esfuerzo configuraciones predeterminadas y preferencias est\u00e9ticas para sus galer\u00edas Envira, en consecuencia, facilitando una experiencia visual coherente y perfecta en todo su sitio web. Independientemente de si un individuo se refiere al \u00e1mbito de la fotograf\u00eda profesional o simplemente anhela seleccionar una cartera en l\u00ednea visualmente atractiva, el complemento de los valores predeterminados de la galer\u00eda Envira es una necesidad absoluta para cualquier usuario de WordPress. \u00a1Emb\u00e1rcate en un viaje hacia la elevaci\u00f3n de tus galer\u00edas de imagen a alturas sin precedentes adoptando las notables capacidades de este complemento hoy!<\/p>\n","protected":false},"featured_media":165992,"comment_status":"open","ping_status":"open","template":"","meta":[],"product_brand":[2442],"product_cat":[1214,1206,1211],"product_tag":[2231],"class_list":{"0":"post-119811","1":"product","2":"type-product","3":"status-publish","4":"has-post-thumbnail","6":"product_brand-envira-gallery","7":"product_cat-personalizacion","8":"product_cat-plugins","9":"product_cat-wordpress-plugins","10":"product_tag-envira-gallery","11":"member-discount","12":"discount-restricted","14":"first","15":"instock","16":"sale","17":"downloadable","18":"virtual","19":"sold-individually","20":"purchasable","21":"product-type-simple"},"_links":{"self":[{"href":"https:\/\/gpl-love.com\/es\/wp-json\/wp\/v2\/product\/119811","targetHints":{"allow":["GET"]}}],"collection":[{"href":"https:\/\/gpl-love.com\/es\/wp-json\/wp\/v2\/product"}],"about":[{"href":"https:\/\/gpl-love.com\/es\/wp-json\/wp\/v2\/types\/product"}],"replies":[{"embeddable":true,"href":"https:\/\/gpl-love.com\/es\/wp-json\/wp\/v2\/comments?post=119811"}],"wp:featuredmedia":[{"embeddable":true,"href":"https:\/\/gpl-love.com\/es\/wp-json\/wp\/v2\/media\/165992"}],"wp:attachment":[{"href":"https:\/\/gpl-love.com\/es\/wp-json\/wp\/v2\/media?parent=119811"}],"wp:term":[{"taxonomy":"product_brand","embeddable":true,"href":"https:\/\/gpl-love.com\/es\/wp-json\/wp\/v2\/product_brand?post=119811"},{"taxonomy":"product_cat","embeddable":true,"href":"https:\/\/gpl-love.com\/es\/wp-json\/wp\/v2\/product_cat?post=119811"},{"taxonomy":"product_tag","embeddable":true,"href":"https:\/\/gpl-love.com\/es\/wp-json\/wp\/v2\/product_tag?post=119811"}],"curies":[{"name":"wp","href":"https:\/\/api.w.org\/{rel}","templated":true}]}}