{"id":119809,"date":"2024-08-03T00:00:00","date_gmt":"2024-08-03T05:00:00","guid":{"rendered":"https:\/\/gpl-love.com\/es\/producto\/envira-gallery-deeplinking-addon\/"},"modified":"2026-03-09T07:32:07","modified_gmt":"2026-03-09T12:32:07","slug":"envira-gallery-deeplinking-addon","status":"publish","type":"product","link":"https:\/\/gpl-love.com\/es\/producto\/envira-gallery-deeplinking-addon\/","title":{"rendered":"Envira Gallery Deeplinking Addon 1.5.3"},"content":{"rendered":"<h3>Envira Gallery Deeplinking Addon Caracteristicas<\/h3>\n<p>El complemento de Enrira Gallery Deeplinking, una herramienta muy potente, posee la capacidad de generar enlaces profundos para sus galer\u00edas de im\u00e1genes, facilitando as\u00ed el proceso de navegaci\u00f3n y descubrimiento de contenido para sus usuarios. Este complemento ofrece una multitud de caracter\u00edsticas personalizables, incluida la capacidad de seleccionar entre una amplia gama de estilos de enlace y modificar el texto del enlace para alinearse con su marca. Adem\u00e1s, su naturaleza ligera y su interfaz f\u00e1cil de usar lo convierten en una opci\u00f3n ideal para las personas que buscan mejorar su navegaci\u00f3n en la galer\u00eda y elevar la experiencia del usuario. Al emplear el complemento de Enrira Gallery, puede establecer un encuentro m\u00e1s intuitivo y simplificado para sus usuarios, lo que finalmente produce un mayor compromiso y una mayor conversi\u00f3n.<\/p>\n<ul>\n<li>Permite a los usuarios crear enlaces directamente a im\u00e1genes individuales dentro de una galer\u00eda<\/li>\n<li>Mejora la experiencia del usuario al permitir un acceso m\u00e1s directo al contenido espec\u00edfico<\/li>\n<li>Mejora la navegaci\u00f3n del sitio web al permitir a los usuarios evitar los clics innecesarios<\/li>\n<li>Aumenta el compromiso al facilitar que los usuarios compartan y marquen las im\u00e1genes espec\u00edficas<\/li>\n<li>Compatible con Envira Gallery y funciona sin problemas con las galer\u00edas preexistentes<\/li>\n<li>Pueden ser utilizados por fot\u00f3grafos, artistas y dise\u00f1adores que buscan mostrar su trabajo de una manera m\u00e1s f\u00e1cil de usar<\/li>\n<li>F\u00e1cil de instalar y configurar, con instrucciones detalladas proporcionadas<\/li>\n<li>Soluci\u00f3n asequible para mejorar la funcionalidad del sitio web y la experiencia del usuario<\/li>\n<\/ul>\n","protected":false},"excerpt":{"rendered":"<p>El complemento de la Galer\u00eda Entira, una herramienta muy robusta a su disposici\u00f3n, posee la capacidad de generar enlaces a im\u00e1genes espec\u00edficas alojadas dentro de sus galer\u00edas Envira. A trav\u00e9s de la utilizaci\u00f3n de este complemento, distribuya sin esfuerzo im\u00e1genes o galer\u00edas individuales en varias plataformas de redes sociales u otros sitios web, guiando estrat\u00e9gicamente a los espectadores hacia el contenido preciso que desea para que se vean. Este enfoque expedito y directo para difundir y respaldar su contenido demuestra ser una opci\u00f3n id\u00edlica para fot\u00f3grafos, artistas, blogueros y cualquier persona que busque exhibir sus creaciones en l\u00ednea. Adem\u00e1s, las caracter\u00edsticas de jactancia como URL personalizadas y una integraci\u00f3n perfecta con WordPress, el complemento de Enrira Gallery Deeplinking surge como la soluci\u00f3n definitiva para elaborar galer\u00edas cautivadoras y f\u00e1cilmente compartibles.<\/p>\n","protected":false},"featured_media":165991,"comment_status":"open","ping_status":"open","template":"","meta":[],"product_brand":[2442],"product_cat":[1214,1206,1211],"product_tag":[2231],"class_list":{"0":"post-119809","1":"product","2":"type-product","3":"status-publish","4":"has-post-thumbnail","6":"product_brand-envira-gallery","7":"product_cat-personalizacion","8":"product_cat-plugins","9":"product_cat-wordpress-plugins","10":"product_tag-envira-gallery","11":"member-discount","12":"discount-restricted","14":"first","15":"instock","16":"sale","17":"downloadable","18":"virtual","19":"sold-individually","20":"purchasable","21":"product-type-simple"},"_links":{"self":[{"href":"https:\/\/gpl-love.com\/es\/wp-json\/wp\/v2\/product\/119809","targetHints":{"allow":["GET"]}}],"collection":[{"href":"https:\/\/gpl-love.com\/es\/wp-json\/wp\/v2\/product"}],"about":[{"href":"https:\/\/gpl-love.com\/es\/wp-json\/wp\/v2\/types\/product"}],"replies":[{"embeddable":true,"href":"https:\/\/gpl-love.com\/es\/wp-json\/wp\/v2\/comments?post=119809"}],"wp:featuredmedia":[{"embeddable":true,"href":"https:\/\/gpl-love.com\/es\/wp-json\/wp\/v2\/media\/165991"}],"wp:attachment":[{"href":"https:\/\/gpl-love.com\/es\/wp-json\/wp\/v2\/media?parent=119809"}],"wp:term":[{"taxonomy":"product_brand","embeddable":true,"href":"https:\/\/gpl-love.com\/es\/wp-json\/wp\/v2\/product_brand?post=119809"},{"taxonomy":"product_cat","embeddable":true,"href":"https:\/\/gpl-love.com\/es\/wp-json\/wp\/v2\/product_cat?post=119809"},{"taxonomy":"product_tag","embeddable":true,"href":"https:\/\/gpl-love.com\/es\/wp-json\/wp\/v2\/product_tag?post=119809"}],"curies":[{"name":"wp","href":"https:\/\/api.w.org\/{rel}","templated":true}]}}