{"id":119807,"date":"2024-02-14T00:00:00","date_gmt":"2024-02-14T05:00:00","guid":{"rendered":"https:\/\/gpl-love.com\/es\/producto\/envira-gallery-css-addon\/"},"modified":"2026-03-09T07:32:06","modified_gmt":"2026-03-09T12:32:06","slug":"envira-gallery-css-addon","status":"publish","type":"product","link":"https:\/\/gpl-love.com\/es\/producto\/envira-gallery-css-addon\/","title":{"rendered":"Envira Gallery CSS Addon 1.3.7"},"content":{"rendered":"<h3>Envira Gallery CSS Addon Caracteristicas<\/h3>\n<p>El complemento CSS de la Galer\u00eda Envira, una herramienta incre\u00edblemente potente para los desarrolladores y dise\u00f1adores web que buscan elevar el atractivo est\u00e9tico y la atm\u00f3sfera de sus galer\u00edas de im\u00e1genes, ofrece una variedad de estilos CSS, que abarca estilos de borde, colores de fondo y tama\u00f1os de miniatura, que usuarios, que usuarios puede emplear para personalizar sus galer\u00edas. A trav\u00e9s de su interfaz f\u00e1cil de usar, los individuos pueden moda r\u00e1pida y sin esfuerzo en las galer\u00edas de im\u00e1genes visualmente llamativas que est\u00e1n impecablemente adaptadas a sus requisitos \u00fanicos. Independientemente de si uno aspira a crear una galer\u00eda de fotos sin complicaciones o un intrincado sitio web de cartera, el complemento CSS de la Galer\u00eda Envira representa el instrumento por excelencia para obtener resultados extraordinarios. Por lo tanto, no hay necesidad de retrasarse m\u00e1s; \u00a1Pru\u00e9balo hoy y eleva tus galer\u00edas de imagen a alturas sin precedentes!<\/p>\n<ul>\n<li>Mejora la aparici\u00f3n de Envira Gallery con estilos CSS personalizados<\/li>\n<li>Permite un control completo sobre el dise\u00f1o y el dise\u00f1o de los elementos de la galer\u00eda.<\/li>\n<li>Incluye plantillas CSS pre-construidas para obtener la personalizaci\u00f3n de Jumpstart<\/li>\n<li>Compatible con todos los temas de la galer\u00eda Envira y complementos<\/li>\n<li>Proceso de instalaci\u00f3n y activaci\u00f3n simple<\/li>\n<li>Ahorra tiempo y agrega profesionalismo al dise\u00f1o de su sitio web<\/li>\n<li>Proporciona una experiencia de galer\u00eda \u00fanica y personalizada para sus usuarios.<\/li>\n<li>Ayuda a que sus galer\u00edas se destaquen y sean f\u00e1cilmente reconocibles<\/li>\n<li>No se requiere experiencia de codificaci\u00f3n, pero los usuarios avanzados pueden personalizar el CSS a su gusto<\/li>\n<\/ul>\n","protected":false},"excerpt":{"rendered":"<p>El complemento CSS de la Galer\u00eda Envira, una herramienta muy potente, ha sido meticulosamente elaborada para aumentar el atractivo est\u00e9tico de sus galer\u00edas de fotos. Al emplear este notable complemento, se le otorga la capacidad inigualable para adaptar sin esfuerzo sus galer\u00edas de im\u00e1genes a sus especificaciones exactas, implementando efectos visuales impresionantes, animaciones cautivadoras de desplazamiento y una variedad de otros elementos de dise\u00f1o sofisticados. Independientemente de si cae en la categor\u00eda de ser un fot\u00f3grafo experto, un blogger dedicado o un propietario de un negocio inteligente, el complemento CSS de la Galer\u00eda Envira es una adici\u00f3n indispensable a su repertorio de dise\u00f1o web. Con una interfaz que es notablemente intuitiva y caracter\u00edsticas que son incre\u00edblemente f\u00e1ciles de usar, se encontrar\u00e1 capaz de generar galer\u00edas de fotos de calidad de grado profesional con notable facilidad y eficiencia, dejando una impresi\u00f3n indeleble en su audiencia. Teniendo en cuenta estos notables beneficios, \u00bfpor qu\u00e9 retrasar m\u00e1s? \u00a1Abraza hoy el poder transformador del complemento CSS de la Galer\u00eda Envira y desbloquea todo el potencial latente en tus galer\u00edas de im\u00e1genes!<\/p>\n","protected":false},"featured_media":165990,"comment_status":"open","ping_status":"open","template":"","meta":[],"product_brand":[2442],"product_cat":[1214,1206,1211],"product_tag":[2231],"class_list":{"0":"post-119807","1":"product","2":"type-product","3":"status-publish","4":"has-post-thumbnail","6":"product_brand-envira-gallery","7":"product_cat-personalizacion","8":"product_cat-plugins","9":"product_cat-wordpress-plugins","10":"product_tag-envira-gallery","11":"member-discount","12":"discount-restricted","14":"first","15":"instock","16":"sale","17":"downloadable","18":"virtual","19":"sold-individually","20":"purchasable","21":"product-type-simple"},"_links":{"self":[{"href":"https:\/\/gpl-love.com\/es\/wp-json\/wp\/v2\/product\/119807","targetHints":{"allow":["GET"]}}],"collection":[{"href":"https:\/\/gpl-love.com\/es\/wp-json\/wp\/v2\/product"}],"about":[{"href":"https:\/\/gpl-love.com\/es\/wp-json\/wp\/v2\/types\/product"}],"replies":[{"embeddable":true,"href":"https:\/\/gpl-love.com\/es\/wp-json\/wp\/v2\/comments?post=119807"}],"wp:featuredmedia":[{"embeddable":true,"href":"https:\/\/gpl-love.com\/es\/wp-json\/wp\/v2\/media\/165990"}],"wp:attachment":[{"href":"https:\/\/gpl-love.com\/es\/wp-json\/wp\/v2\/media?parent=119807"}],"wp:term":[{"taxonomy":"product_brand","embeddable":true,"href":"https:\/\/gpl-love.com\/es\/wp-json\/wp\/v2\/product_brand?post=119807"},{"taxonomy":"product_cat","embeddable":true,"href":"https:\/\/gpl-love.com\/es\/wp-json\/wp\/v2\/product_cat?post=119807"},{"taxonomy":"product_tag","embeddable":true,"href":"https:\/\/gpl-love.com\/es\/wp-json\/wp\/v2\/product_tag?post=119807"}],"curies":[{"name":"wp","href":"https:\/\/api.w.org\/{rel}","templated":true}]}}