{"id":119805,"date":"2024-08-03T00:00:00","date_gmt":"2024-08-03T05:00:00","guid":{"rendered":"https:\/\/gpl-love.com\/es\/?post_type=product&#038;p=119805"},"modified":"2026-03-09T07:32:03","modified_gmt":"2026-03-09T12:32:03","slug":"envira-gallery-albums-addon","status":"publish","type":"product","link":"https:\/\/gpl-love.com\/es\/producto\/envira-gallery-albums-addon\/","title":{"rendered":"Envira Gallery Albums Addon 1.7.12"},"content":{"rendered":"<h3>Envira Gallery Albums Addon Caracteristicas<\/h3>\n<p>Los \u00e1lbumes de la Galer\u00eda Envira Addon, una herramienta muy indispensable adaptada espec\u00edficamente para fot\u00f3grafos y artistas visuales que aspiran a mostrar su oficio de una manera notablemente sofisticada y cautivadora, surge como un recurso indispensable que ciertamente cautivar\u00e1 y cautivar\u00e1 las mentes exigentes. Este complemento excepcional faculta al usuario para curar y cultivar sin esfuerzo \u00e1lbumes impresionantes, est\u00e9ticamente agradables y receptivos que sin duda dejar\u00e1n una impresi\u00f3n indeleble en la audiencia y permitir\u00e1n que las fotograf\u00edas de uno trasciendan sin esfuerzo a los mundanos y sin esfuerzo que se destacan en medio del desorden. Adem\u00e1s, el complemento atiende efectivamente a las necesidades personalizadas del usuario, ofreciendo una extensa gama de opciones de personalizaci\u00f3n que facilitan la creaci\u00f3n de \u00e1lbumes ilimitados con diversos dise\u00f1os y estilos. Adem\u00e1s, el usuario tambi\u00e9n posee la prerrogativa para embellecer las fotograf\u00edas con subt\u00edtulos, descripciones y etiquetas informativas y cautivadoras, lo que hace que las narraciones visuales sean a\u00fan m\u00e1s inmersivas y evocativas. En particular, uno tambi\u00e9n puede personalizar h\u00e1bilmente la apariencia y el ambiente de los \u00e1lbumes, combinando a la perfecci\u00f3n diversos colores, fuentes y fondos para lograr una notable cohesi\u00f3n y armon\u00eda est\u00e9tica. Finalmente, es imperativo subrayar que los \u00e1lbumes de la Galer\u00eda Envira se integra perfectamente con el sitio web o blog existente, asegurando una experiencia de usuario sin problemas y simplificada, estableciendo as\u00ed una preeminencia indiscutible y lo que le da un activo indispensable para cualquier individuo que busque trascend con trascender trascend los l\u00edmites y elevar la riqueza visual de su contenido.<\/p>\n<ul>\n<li>Permite a los usuarios crear \u00e1lbumes de im\u00e1genes dentro de Envira Gallery<\/li>\n<li>Proporciona una interfaz limpia y f\u00e1cil de usar para organizar im\u00e1genes en \u00e1lbumes<\/li>\n<li>Ofrece una variedad de dise\u00f1os de \u00e1lbumes y opciones de personalizaci\u00f3n<\/li>\n<li>Permite a los usuarios mostrar \u00e1lbumes dentro de Envira Gallery o en sus propias p\u00e1ginas usando c\u00f3digos cortos<\/li>\n<li>Se integra a la perfecci\u00f3n con otros complementos de la galer\u00eda de Envira y plataformas de terceros<\/li>\n<li>Proporciona opciones de dise\u00f1o receptivas para una visualizaci\u00f3n optimizada en cualquier dispositivo<\/li>\n<li>Permite una f\u00e1cil clasificaci\u00f3n y filtrado de im\u00e1genes dentro de los \u00e1lbumes<\/li>\n<li>Admite m\u00faltiples tipos de im\u00e1genes que incluyen JPG, PNG, GIF y SVG<\/li>\n<li>Ofrece opciones incorporadas para compartir en redes sociales y comentar \u00e1lbumes<\/li>\n<li>Proporciona documentaci\u00f3n y soporte integrales para garantizar una experiencia de usuario fluida.<\/li>\n<\/ul>\n","protected":false},"excerpt":{"rendered":"<p>El complemento de los \u00e1lbumes de la Galer\u00eda Envira, una soluci\u00f3n altamente encomiable adaptada para fot\u00f3grafos y personas que desean la creaci\u00f3n de galer\u00edas de im\u00e1genes visualmente cautivadoras, demuestra ser una opci\u00f3n ideal. Este notable complemento facilita la organizaci\u00f3n sin esfuerzo y la exhibici\u00f3n de sus fotograf\u00edas dentro de los espl\u00e9ndidos \u00e1lbumes, facilitando as\u00ed la navegaci\u00f3n perfecta para su estimada audiencia. En particular, las opciones de personalizaci\u00f3n disponibles permiten la adici\u00f3n de subt\u00edtulos personalizados, que mejoran el atractivo general de sus \u00e1lbumes. Adem\u00e1s, para las medidas de seguridad mejoradas, la opci\u00f3n de proteger contrase\u00f1a sus \u00e1lbumes garantiza a\u00fan m\u00e1s la m\u00e1xima protecci\u00f3n. Con su interfaz f\u00e1cil de usar y su funcionalidad impecable, el complemento de los \u00e1lbumes de la galer\u00eda Envira emerge como una herramienta por excelencia, asegurando una experiencia elevada para cualquier persona que aspire a elevar su sitio web de fotograf\u00eda.<\/p>\n","protected":false},"featured_media":165988,"comment_status":"open","ping_status":"open","template":"","meta":[],"product_brand":[2442],"product_cat":[1214,1206,1211],"product_tag":[2231],"class_list":{"0":"post-119805","1":"product","2":"type-product","3":"status-publish","4":"has-post-thumbnail","6":"product_brand-envira-gallery","7":"product_cat-personalizacion","8":"product_cat-plugins","9":"product_cat-wordpress-plugins","10":"product_tag-envira-gallery","11":"member-discount","12":"discount-restricted","14":"first","15":"instock","16":"sale","17":"downloadable","18":"virtual","19":"sold-individually","20":"purchasable","21":"product-type-simple"},"_links":{"self":[{"href":"https:\/\/gpl-love.com\/es\/wp-json\/wp\/v2\/product\/119805","targetHints":{"allow":["GET"]}}],"collection":[{"href":"https:\/\/gpl-love.com\/es\/wp-json\/wp\/v2\/product"}],"about":[{"href":"https:\/\/gpl-love.com\/es\/wp-json\/wp\/v2\/types\/product"}],"replies":[{"embeddable":true,"href":"https:\/\/gpl-love.com\/es\/wp-json\/wp\/v2\/comments?post=119805"}],"wp:featuredmedia":[{"embeddable":true,"href":"https:\/\/gpl-love.com\/es\/wp-json\/wp\/v2\/media\/165988"}],"wp:attachment":[{"href":"https:\/\/gpl-love.com\/es\/wp-json\/wp\/v2\/media?parent=119805"}],"wp:term":[{"taxonomy":"product_brand","embeddable":true,"href":"https:\/\/gpl-love.com\/es\/wp-json\/wp\/v2\/product_brand?post=119805"},{"taxonomy":"product_cat","embeddable":true,"href":"https:\/\/gpl-love.com\/es\/wp-json\/wp\/v2\/product_cat?post=119805"},{"taxonomy":"product_tag","embeddable":true,"href":"https:\/\/gpl-love.com\/es\/wp-json\/wp\/v2\/product_tag?post=119805"}],"curies":[{"name":"wp","href":"https:\/\/api.w.org\/{rel}","templated":true}]}}