{"id":119803,"date":"2024-11-18T00:00:00","date_gmt":"2024-11-18T05:00:00","guid":{"rendered":"https:\/\/gpl-love.com\/es\/?post_type=product&#038;p=119803"},"modified":"2026-03-09T07:48:14","modified_gmt":"2026-03-09T12:48:14","slug":"mainwp-post-dripper","status":"publish","type":"product","link":"https:\/\/gpl-love.com\/es\/producto\/mainwp-post-dripper\/","title":{"rendered":"MainWP Post Dripper 5.0.1"},"content":{"rendered":"<h3>MainWP Post Dripper Caracteristicas<\/h3>\n<p>Mainwp Post Dripper, un complemento de WordPress incre\u00edblemente robusto, ha sido ingeniosamente elaborado para satisfacer las necesidades de los bloggers y vendedores ocupados que buscan racionalizar y automatizar su proceso de entrega de contenido. Al emplear esta herramienta notable, podr\u00e1 sin esfuerzo programar meticulosamente la difusi\u00f3n de las publicaciones de su blog, asegurando que su preciada audiencia sea consistentemente recibida con una gran cantidad de contenido fresco y cautivador. Adem\u00e1s, este complemento notable le brinda el lujo de dispensar gradualmente su contenido a sus \u00e1vidos suscriptores, lo que les permite saborear sus perspicaces publicaciones de blog durante un per\u00edodo prolongado, en lugar de estar inundados con uneng\u00fcenza de informaci\u00f3n abrumadora de una vez. Esta ingeniosa caracter\u00edstica sirve como una ayuda invaluable para preservar el inter\u00e9s inquebrantable de sus lectores y el compromiso activo con su contenido prol\u00edfico, que posteriormente culmin\u00f3 en un aumento marcado en el flujo de tr\u00e1fico y el logro de tasas de conversi\u00f3n superiores. Par\u00e1metro, est\u00e1 muy claro que Mainwp Post Dripper sirve como una herramienta indispensable, una necesidad absoluta para que todas las personas que albergan un sincero deseo de refinar su estrategia de marketing de contenido y logren un crecimiento sin precedentes en su presencia en l\u00ednea.<\/p>\n<ul>\n<li>Automatice su horario de goteo de contenido para sitios de WordPress a trav\u00e9s de Mainwp<\/li>\n<li>Programe una serie de publicaciones para ir en vivo en su sitio de acuerdo con su l\u00ednea de tiempo deseada<\/li>\n<li>Controlar f\u00e1cilmente la duraci\u00f3n entre cada publicaci\u00f3n posterior<\/li>\n<li>Permite una gesti\u00f3n de contenido m\u00e1s eficiente para m\u00faltiples sitios en una ubicaci\u00f3n central<\/li>\n<li>Evite abrumar a sus seguidores con demasiadas publicaciones a la vez<\/li>\n<li>Personalice su horario de goteo posterior para un compromiso \u00f3ptimo con su audiencia<\/li>\n<li>Elimina la necesidad de programaci\u00f3n manual o publicaci\u00f3n de publicaciones individuales<\/li>\n<li>Compatible con mainwp versi\u00f3n -6 o superior<\/li>\n<li>Proceso simple de instalaci\u00f3n y configuraci\u00f3n<\/li>\n<li>Interfaz intuitiva y f\u00e1cil de usar para una f\u00e1cil gesti\u00f3n de su horario de gotas posterior<\/li>\n<\/ul>\n","protected":false},"excerpt":{"rendered":"<p>El Dripper Post MainWP es una herramienta incre\u00edblemente potente que sirve para permitirle programar convenientemente y liberar gradualmente sus publicaciones de WordPress en su sitio web. Este ingenioso complemento le otorga la capacidad de planificar sin esfuerzo la publicaci\u00f3n de sus publicaciones para una fecha futura, o distribuir su contenido met\u00f3dicamente con el tiempo para mantener el inter\u00e9s y el retorno de sus lectores. El objetivo principal de esta notable herramienta es ayudarlo a establecer un flujo de contenido consistente y continuo para su sitio web, todo sin la ardua tarea de publicar manualmente cada art\u00edculo. Independientemente de si se clasifica como blogger, comercializador o simplemente como un escritor entusiasta, el Post Dripper de MainWP es inequ\u00edvocamente un instrumento indispensable para cualquier persona que busque mantener una ventaja competitiva en el campo e involucre efectivamente a sus valiosos lectores.<\/p>\n","protected":false},"featured_media":166674,"comment_status":"open","ping_status":"open","template":"","meta":[],"product_brand":[2491],"product_cat":[1212,1206,1211],"product_tag":[1324],"class_list":{"0":"post-119803","1":"product","2":"type-product","3":"status-publish","4":"has-post-thumbnail","6":"product_brand-main-wp","7":"product_cat-administracion-wordpress-plugins","8":"product_cat-plugins","9":"product_cat-wordpress-plugins","10":"product_tag-main-wp","11":"member-discount","12":"discount-restricted","14":"first","15":"instock","16":"sale","17":"downloadable","18":"virtual","19":"sold-individually","20":"purchasable","21":"product-type-simple"},"_links":{"self":[{"href":"https:\/\/gpl-love.com\/es\/wp-json\/wp\/v2\/product\/119803","targetHints":{"allow":["GET"]}}],"collection":[{"href":"https:\/\/gpl-love.com\/es\/wp-json\/wp\/v2\/product"}],"about":[{"href":"https:\/\/gpl-love.com\/es\/wp-json\/wp\/v2\/types\/product"}],"replies":[{"embeddable":true,"href":"https:\/\/gpl-love.com\/es\/wp-json\/wp\/v2\/comments?post=119803"}],"wp:featuredmedia":[{"embeddable":true,"href":"https:\/\/gpl-love.com\/es\/wp-json\/wp\/v2\/media\/166674"}],"wp:attachment":[{"href":"https:\/\/gpl-love.com\/es\/wp-json\/wp\/v2\/media?parent=119803"}],"wp:term":[{"taxonomy":"product_brand","embeddable":true,"href":"https:\/\/gpl-love.com\/es\/wp-json\/wp\/v2\/product_brand?post=119803"},{"taxonomy":"product_cat","embeddable":true,"href":"https:\/\/gpl-love.com\/es\/wp-json\/wp\/v2\/product_cat?post=119803"},{"taxonomy":"product_tag","embeddable":true,"href":"https:\/\/gpl-love.com\/es\/wp-json\/wp\/v2\/product_tag?post=119803"}],"curies":[{"name":"wp","href":"https:\/\/api.w.org\/{rel}","templated":true}]}}