{"id":119795,"date":"2024-05-16T00:00:00","date_gmt":"2024-05-16T05:00:00","guid":{"rendered":"https:\/\/gpl-love.com\/es\/?post_type=product&#038;p=119795"},"modified":"2026-03-09T07:38:02","modified_gmt":"2026-03-09T12:38:02","slug":"give-braintree-gateway","status":"publish","type":"product","link":"https:\/\/gpl-love.com\/es\/producto\/give-braintree-gateway\/","title":{"rendered":"GiveWP Braintree Gateway 2.0.0"},"content":{"rendered":"<h3>GiveWP Braintree Gateway Caracteristicas<\/h3>\n<p>La Gateway de Braintree GiveWP se presenta como una pasarela de pago extremadamente robusta y potente, integr\u00e1ndose de manera efectiva y sin problemas con el complemento de donaci\u00f3n GiveWP, lo que permite a los usuarios aceptar donaciones sin esfuerzo y convenientemente de los estimados visitantes de sus respectivos sitios web. En particular, esta puerta de enlace otorga a los usuarios el privilegio de aceptar una gran cantidad de m\u00e9todos de pago, abarcar tarjetas de cr\u00e9dito y d\u00e9bito, PayPal e incluso Apple Pay. Adem\u00e1s, es imperativo mencionar que la puerta de enlace asegura minuciosamente que todas las transacciones se realicen de manera impregnalmente segura, y que cumplan meticulosamente con los est\u00e1ndares PCI-DSS implacablemente rigurosos, as\u00ed que finalmente salvaguardan los intereses tanto del usuario como de su noble. donantes. A la luz de su interfaz altamente intuitiva y f\u00e1cil de usar, junto con su variedad avanzada de caracter\u00edsticas, se puede suponer inequ\u00edvocamente que la puerta de enlace de Braintree de gawp es una soluci\u00f3n impecable y sin igual, acorde a cualquier persona que aspira a acumular h\u00e1bil y eficazmente las donaciones a trav\u00e9s de las donaciones a trav\u00e9s de las donaciones a trav\u00e9s de las donaciones a trav\u00e9s de las donaciones a trav\u00e9s de las Reino en l\u00ednea.<\/p>\n<ul>\n<li>Forma de integraci\u00f3n f\u00e1cil de los formularios de donaci\u00f3n de GiveWP con Braintree Payment Guerdway<\/li>\n<li>Asegurar transacciones en l\u00ednea con medidas avanzadas de protecci\u00f3n de fraude<\/li>\n<li>Aceptaci\u00f3n de m\u00e9todos de pago m\u00faltiples, incluidas tarjetas de cr\u00e9dito\/d\u00e9bito y PayPal<\/li>\n<li>Personalizaci\u00f3n de formularios de donaci\u00f3n y experiencia de usuario para adaptarse a su marca<\/li>\n<li>Gesti\u00f3n de donaciones simplificada con donaciones recurrentes automatizadas e informes de donantes<\/li>\n<li>Acceso a la atenci\u00f3n al cliente y los recursos de Braintree para operaciones m\u00e1s suaves.<\/li>\n<\/ul>\n","protected":false},"excerpt":{"rendered":"<p>La puerta de entrada Braintree GiveWP es una pasarela de pago altamente sofisticada, dise\u00f1ada para satisfacer las necesidades de las empresas y las personas por igual, al proporcionar una plataforma segura para aceptar pagos en l\u00ednea. Su interfaz f\u00e1cil de usar y sus funcionalidades de seguridad avanzadas hacen que sea notablemente f\u00e1cil para los usuarios supervisar las transacciones y optimizar sus procesos de donaci\u00f3n. Adem\u00e1s, la integraci\u00f3n perfecta de este complemento con GiveWp garantiza una experiencia de procesamiento de pagos en l\u00ednea perfecta y confiable, solidificando su posici\u00f3n como la soluci\u00f3n de referencia para aquellos que buscan soluciones de pago eficientes y confiables en Internet.<\/p>\n","protected":false},"featured_media":166230,"comment_status":"open","ping_status":"open","template":"","meta":[],"product_brand":[2465],"product_cat":[1278,1206,1211],"product_tag":[2232],"class_list":{"0":"post-119795","1":"product","2":"type-product","3":"status-publish","4":"has-post-thumbnail","6":"product_brand-givewp","7":"product_cat-pago","8":"product_cat-plugins","9":"product_cat-wordpress-plugins","10":"product_tag-givewp","11":"member-discount","12":"discount-restricted","14":"first","15":"instock","16":"sale","17":"downloadable","18":"virtual","19":"sold-individually","20":"purchasable","21":"product-type-simple"},"_links":{"self":[{"href":"https:\/\/gpl-love.com\/es\/wp-json\/wp\/v2\/product\/119795","targetHints":{"allow":["GET"]}}],"collection":[{"href":"https:\/\/gpl-love.com\/es\/wp-json\/wp\/v2\/product"}],"about":[{"href":"https:\/\/gpl-love.com\/es\/wp-json\/wp\/v2\/types\/product"}],"replies":[{"embeddable":true,"href":"https:\/\/gpl-love.com\/es\/wp-json\/wp\/v2\/comments?post=119795"}],"wp:featuredmedia":[{"embeddable":true,"href":"https:\/\/gpl-love.com\/es\/wp-json\/wp\/v2\/media\/166230"}],"wp:attachment":[{"href":"https:\/\/gpl-love.com\/es\/wp-json\/wp\/v2\/media?parent=119795"}],"wp:term":[{"taxonomy":"product_brand","embeddable":true,"href":"https:\/\/gpl-love.com\/es\/wp-json\/wp\/v2\/product_brand?post=119795"},{"taxonomy":"product_cat","embeddable":true,"href":"https:\/\/gpl-love.com\/es\/wp-json\/wp\/v2\/product_cat?post=119795"},{"taxonomy":"product_tag","embeddable":true,"href":"https:\/\/gpl-love.com\/es\/wp-json\/wp\/v2\/product_tag?post=119795"}],"curies":[{"name":"wp","href":"https:\/\/api.w.org\/{rel}","templated":true}]}}