{"id":119666,"date":"2021-11-20T00:00:00","date_gmt":"2021-11-20T05:00:00","guid":{"rendered":"https:\/\/gpl-love.com\/es\/?post_type=product&#038;p=119666"},"modified":"2026-03-13T17:29:41","modified_gmt":"2026-03-13T22:29:41","slug":"storefront-bistro","status":"publish","type":"product","link":"https:\/\/gpl-love.com\/es\/producto\/storefront-bistro\/","title":{"rendered":"Storefront Bistro 1.10.14"},"content":{"rendered":"<h3>Storefront Bistro Caracteristicas<\/h3>\n<p>Storefront Bistro, una soluci\u00f3n de software muy aclamada, ha sido complejo para satisfacer las necesidades espec\u00edficas de los propietarios de restaurantes, lo que les permite supervisar de manera perfecta y efectiva sus operaciones comerciales. En virtud de su interfaz notablemente intuitiva y su formidable rango de funcionalidades de vanguardia, este software surge como la herramienta final para racionalizar sin esfuerzo el proceso de pedido, monitorear meticulosamente los niveles de inventario, administrar eficientemente la fuerza laboral y una mir\u00edada de otras tareas indispensables. Independientemente de si preside un pintoresco caf\u00e9 o un bistro bullicioso, Storefront Bistro, invariablemente, posee todos los elementos indispensables que son esenciales para aumentar sus ganancias financieras y garantizar que sus estimados clientes sean tratados con una experiencia gastron\u00f3mica que es realmente sin igual. Entonces, sin m\u00e1s demora, aproveche la oportunidad de embarcarse en un viaje transformador con el bistro de tiendas y testigos de primera mano el profundo impacto que puede tener en sus esfuerzos.<\/p>\n<ul>\n<li>Plataforma digital para administrar pedidos e inventario en un bistro de escaparate<\/li>\n<li>Interfaz f\u00e1cil de usar para que el personal ingrese y administre pedidos, rastree el inventario y vea los datos de ventas<\/li>\n<li>Opciones de men\u00fa y precios personalizables para diferentes momentos del d\u00eda o eventos<\/li>\n<li>Actualizaciones en tiempo real sobre los niveles de inventario para evitar por m\u00e1s o menos pedidos<\/li>\n<li>Informes de ventas detallados para an\u00e1lisis y pron\u00f3sticos<\/li>\n<li>Se integra con los sistemas POS existentes y el software de contabilidad<\/li>\n<li>Se puede acceder en m\u00faltiples dispositivos para uso conveniente en un entorno de restaurante ocupado<\/li>\n<li>Almacenamiento seguro basado en la nube para facilitar el acceso y la colaboraci\u00f3n entre el personal y la gerencia.<\/li>\n<\/ul>\n","protected":false},"excerpt":{"rendered":"<p>Situado en un lugar encantador, el escaparate Bistro es un destino ideal para las personas que buscan disfrutar de una experiencia culinaria encantadora en compa\u00f1\u00eda de sus seres queridos. Con un ambiente acogedor, este establecimiento ofrece una extensa variedad de deliciosas opciones de men\u00fa, que abarcan desde s\u00e1ndwiches deliciosos hasta postres irresistibles. En consecuencia, los epic\u00fareos se imploran que visiten este famoso bistro, donde pueden deleitarse con la tranquilidad y la serenidad que impregna el aire mientras se entregan a los deliciosos sabores que emanan desde la cocina. Ya sea que uno desee un mordisco r\u00e1pido o un asunto gastron\u00f3mico elaborado, el bistro de la tienda asegura inequ\u00edvocamente la saciedad de sus papilas gustativas, instigando as\u00ed un deseo insaciable de una mayor exploraci\u00f3n culinaria.<\/p>\n","protected":false},"featured_media":167570,"comment_status":"open","ping_status":"open","template":"","meta":[],"product_brand":[2344],"product_cat":[1263,1264,1237],"product_tag":[1423],"class_list":{"0":"post-119666","1":"product","2":"type-product","3":"status-publish","4":"has-post-thumbnail","6":"product_brand-woocommerce","7":"product_cat-comercio-electronico-temas","8":"product_cat-negocio","9":"product_cat-temas","10":"product_tag-woocommerce","11":"member-discount","12":"discount-restricted","14":"first","15":"instock","16":"sale","17":"downloadable","18":"virtual","19":"sold-individually","20":"purchasable","21":"product-type-simple"},"_links":{"self":[{"href":"https:\/\/gpl-love.com\/es\/wp-json\/wp\/v2\/product\/119666","targetHints":{"allow":["GET"]}}],"collection":[{"href":"https:\/\/gpl-love.com\/es\/wp-json\/wp\/v2\/product"}],"about":[{"href":"https:\/\/gpl-love.com\/es\/wp-json\/wp\/v2\/types\/product"}],"replies":[{"embeddable":true,"href":"https:\/\/gpl-love.com\/es\/wp-json\/wp\/v2\/comments?post=119666"}],"wp:featuredmedia":[{"embeddable":true,"href":"https:\/\/gpl-love.com\/es\/wp-json\/wp\/v2\/media\/167570"}],"wp:attachment":[{"href":"https:\/\/gpl-love.com\/es\/wp-json\/wp\/v2\/media?parent=119666"}],"wp:term":[{"taxonomy":"product_brand","embeddable":true,"href":"https:\/\/gpl-love.com\/es\/wp-json\/wp\/v2\/product_brand?post=119666"},{"taxonomy":"product_cat","embeddable":true,"href":"https:\/\/gpl-love.com\/es\/wp-json\/wp\/v2\/product_cat?post=119666"},{"taxonomy":"product_tag","embeddable":true,"href":"https:\/\/gpl-love.com\/es\/wp-json\/wp\/v2\/product_tag?post=119666"}],"curies":[{"name":"wp","href":"https:\/\/api.w.org\/{rel}","templated":true}]}}