{"id":119664,"date":"2021-11-20T00:00:00","date_gmt":"2021-11-20T05:00:00","guid":{"rendered":"https:\/\/gpl-love.com\/es\/?post_type=product&#038;p=119664"},"modified":"2026-03-13T17:29:43","modified_gmt":"2026-03-13T22:29:43","slug":"storefront-boutique","status":"publish","type":"product","link":"https:\/\/gpl-love.com\/es\/producto\/storefront-boutique\/","title":{"rendered":"Storefront Boutique 2.0.17"},"content":{"rendered":"<h3>Storefront Boutique Caracteristicas<\/h3>\n<p>Storefront Boutique, un establecimiento minorista exquisito y de vanguardia, ofrece una extensa variedad de mercanc\u00edas a su estimada clientela. Desde vestimenta de moda y accesorios hasta adornos caseros de buen gusto y regalos encantadores, este emporio no deja piedra sin mover en su b\u00fasqueda para satisfacer las diversas necesidades de los consumidores. El ambiente acogedor y de moda del establecimiento, junto con su personal amable y bien informado, lo convierte en el refugio ideal para las personas que buscan productos de primera categor\u00eda y modernos. Al curar meticulosamente una variedad de productos que satisfacen una variedad de sabores y preferencias, la boutique de la tienda emerge como el refugio final para que los compradores anhelen permanecer a la vanguardia de las tendencias contempor\u00e1neas. Ya sea que uno est\u00e9 en busca de un conjunto fresco, una pieza de joyer\u00eda que llame la atenci\u00f3n o un regalo sentimental para un individuo apreciado, la boutique de la tienda est\u00e1 lista para cumplir con sus deseos.<\/p>\n<ul>\n<li>Una tienda visualmente impresionante y profesional para su boutique<\/li>\n<li>Dise\u00f1o personalizable para exhibir su marca y productos<\/li>\n<li>Pasarelas de pago integradas para transacciones sin problemas<\/li>\n<li>Navegaci\u00f3n f\u00e1cil de usar para una f\u00e1cil experiencia de navegaci\u00f3n y compra<\/li>\n<li>Dise\u00f1o de respuesta m\u00f3vil para acceder en cualquier dispositivo<\/li>\n<li>Gesti\u00f3n de cat\u00e1logo de productos intuitivos para actualizaciones y adiciones f\u00e1ciles<\/li>\n<li>Hosting seguro y confiable para un rendimiento ininterrumpido<\/li>\n<li>Optimizaci\u00f3n de SEO para mejorar la visibilidad en los motores de b\u00fasqueda<\/li>\n<li>Integraci\u00f3n con las redes sociales para un alcance y compromiso ampliados<\/li>\n<li>Informes detallados de ventas e inventario para la toma de decisiones informadas.<\/li>\n<\/ul>\n","protected":false},"excerpt":{"rendered":"<p>Storefront Boutique le ofrece la oportunidad de establecer sin esfuerzo y r\u00e1pidamente una tienda en l\u00ednea que llame la atenci\u00f3n y en el uso de usuarios en unos minutos. Su interfaz intuitiva le permite exhibir efectivamente sus productos, procesar pedidos y supervisar eficientemente las ventas, todas convenientemente consolidadas en una plataforma singular. Espec\u00edficamente adaptada para peque\u00f1as empresas e individuos independientes emprendedores, esta plataforma excepcional elimina la necesidad de cualquier experiencia t\u00e9cnica avanzada, lo que le permite establecer sin esfuerzo una presencia en l\u00ednea pulida. Seleccione de una amplia variedad de plantillas personalizables para armonizar sin problemas su tienda con su esencia de marca \u00fanica. Emb\u00e1rcate en tu viaje de ventas digitales sin esfuerzo y con la m\u00e1xima confianza, cortes\u00eda de la excepcional boutique de la tienda.<\/p>\n","protected":false},"featured_media":167572,"comment_status":"open","ping_status":"open","template":"","meta":[],"product_brand":[2344],"product_cat":[1263,1264,1237],"product_tag":[1423],"class_list":{"0":"post-119664","1":"product","2":"type-product","3":"status-publish","4":"has-post-thumbnail","6":"product_brand-woocommerce","7":"product_cat-comercio-electronico-temas","8":"product_cat-negocio","9":"product_cat-temas","10":"product_tag-woocommerce","11":"member-discount","12":"discount-restricted","14":"first","15":"instock","16":"sale","17":"downloadable","18":"virtual","19":"sold-individually","20":"purchasable","21":"product-type-simple"},"_links":{"self":[{"href":"https:\/\/gpl-love.com\/es\/wp-json\/wp\/v2\/product\/119664","targetHints":{"allow":["GET"]}}],"collection":[{"href":"https:\/\/gpl-love.com\/es\/wp-json\/wp\/v2\/product"}],"about":[{"href":"https:\/\/gpl-love.com\/es\/wp-json\/wp\/v2\/types\/product"}],"replies":[{"embeddable":true,"href":"https:\/\/gpl-love.com\/es\/wp-json\/wp\/v2\/comments?post=119664"}],"wp:featuredmedia":[{"embeddable":true,"href":"https:\/\/gpl-love.com\/es\/wp-json\/wp\/v2\/media\/167572"}],"wp:attachment":[{"href":"https:\/\/gpl-love.com\/es\/wp-json\/wp\/v2\/media?parent=119664"}],"wp:term":[{"taxonomy":"product_brand","embeddable":true,"href":"https:\/\/gpl-love.com\/es\/wp-json\/wp\/v2\/product_brand?post=119664"},{"taxonomy":"product_cat","embeddable":true,"href":"https:\/\/gpl-love.com\/es\/wp-json\/wp\/v2\/product_cat?post=119664"},{"taxonomy":"product_tag","embeddable":true,"href":"https:\/\/gpl-love.com\/es\/wp-json\/wp\/v2\/product_tag?post=119664"}],"curies":[{"name":"wp","href":"https:\/\/api.w.org\/{rel}","templated":true}]}}