{"id":119662,"date":"2023-03-29T00:00:00","date_gmt":"2023-03-29T05:00:00","guid":{"rendered":"https:\/\/gpl-love.com\/es\/?post_type=product&#038;p=119662"},"modified":"2026-03-13T17:20:25","modified_gmt":"2026-03-13T22:20:25","slug":"emarket-multi-vendor-marketplace-wordpress-theme","status":"publish","type":"product","link":"https:\/\/gpl-love.com\/es\/producto\/emarket-multi-vendor-marketplace-wordpress-theme\/","title":{"rendered":"eMarket Multi Vendor MarketPlace WordPress Theme 7.3.0"},"content":{"rendered":"<h3>eMarket Multi Vendor MarketPlace WordPress Theme Caracteristicas<\/h3>\n<p>El tema de WordPress de WordPress altamente robusto e integral de WordPress, sirve como una soluci\u00f3n ejemplar para construir mercados en l\u00ednea de vanguardia. Con una interfaz excepcionalmente f\u00e1cil de usar y una amplia gama de caracter\u00edsticas personalizables, este tema faculta a los usuarios establecer sin esfuerzo una tienda virtual pulida y totalmente funcional. Este tema est\u00e1 equipado con una multitud de atributos excepcionales, incluido un dise\u00f1o receptivo, una p\u00e1gina de inicio personalizable, una amplia gama de opciones de visualizaci\u00f3n de productos y una gran cantidad de alternativas de pago y env\u00edo. Adem\u00e1s, ofrece una variedad de herramientas de gesti\u00f3n de proveedores que permiten a los usuarios supervisar y monitorear de manera efectiva a todos los proveedores presentes en su sitio web. Al utilizar el tema de WordPress del mercado de m\u00faltiples proveedores de eMarket, las personas pueden crear un mercado en l\u00ednea extremadamente exitoso que garantice una experiencia de usuario incomparable tanto para compradores como para vendedores.<\/p>\n<ul>\n<li>Tema de mercado de m\u00faltiples proveedores altamente personalizable y f\u00e1cil de usar para WordPress<\/li>\n<li>Le brinda un control completo sobre su negocio en l\u00ednea, lo que le permite crear un mercado en l\u00ednea \u00fanico y de aspecto profesional<\/li>\n<li>Admite m\u00faltiples proveedores y tipos de productos, incluidos productos f\u00edsicos, descargas digitales y servicios<\/li>\n<li>Construido con los \u00faltimos est\u00e1ndares de codificaci\u00f3n para garantizar el m\u00e1ximo rendimiento, velocidad y seguridad<\/li>\n<li>Incluye herramientas potentes para administrar proveedores, productos, transacciones, pagos y env\u00edo<\/li>\n<li>Viene con una gama de plantillas y dise\u00f1os preconstruidos, para que pueda comenzar de manera r\u00e1pida y f\u00e1cil<\/li>\n<li>Presenta una integraci\u00f3n perfecta con complementos y extensiones populares, como WooCommerce, PayPal y Stripe<\/li>\n<li>Amigable para los dispositivos m\u00f3viles y totalmente receptivos, asegurando que su sitio se vea muy bien en todos los dispositivos<\/li>\n<li>Ofrece una excelente atenci\u00f3n al cliente y documentaci\u00f3n para ayudarlo a aprovechar al m\u00e1ximo su mercado<\/li>\n<li>Actualizado regularmente con nuevas funciones y mejoras para garantizar que su sitio web se mantenga actualizado con las \u00faltimas tendencias y tecnolog\u00edas.<\/li>\n<\/ul>\n","protected":false},"excerpt":{"rendered":"<p>El tema de WordPress del mercado de m\u00faltiples proveedores de eMarket sirve como la soluci\u00f3n definitiva e incomparable para la construcci\u00f3n y establecimiento del propio mercado en l\u00ednea. Este tema en particular ha sido intrincadamente dise\u00f1ado y personalizado para satisfacer las necesidades y requisitos espec\u00edficos de las empresas de comercio electr\u00f3nico, proporcionando as\u00ed una amplia gama de caracter\u00edsticas que atienden efectivamente tanto a los proveedores y clientes en l\u00ednea. En virtud de su dise\u00f1o y funcionalidad excepcionales, este tema permite la facilitaci\u00f3n de m\u00faltiples proveedores, otorg\u00e1ndoles la oportunidad de establecer y operar sin esfuerzo sus propias tiendas en l\u00ednea directamente dentro de los l\u00edmites de su estimado sitio web. En consecuencia, esto proporciona a su estimada clientela una variedad expansiva de diversos productos y servicios para leer y finalmente obtener. Adem\u00e1s, el tema de WordPress del mercado de m\u00faltiples proveedores de eMarket se caracteriza por su excepcional grado de personalizaci\u00f3n y facilidad de uso, lo que hace una opci\u00f3n excepcionalmente apropiada para las personas que se embarcan en la creaci\u00f3n de un mercado en l\u00ednea profesional y altamente eficaz.<\/p>\n","protected":false},"featured_media":165977,"comment_status":"open","ping_status":"open","template":"","meta":[],"product_brand":[2337],"product_cat":[1263,1264,1237],"product_tag":[1391],"class_list":{"0":"post-119662","1":"product","2":"type-product","3":"status-publish","4":"has-post-thumbnail","6":"product_brand-themeforest","7":"product_cat-comercio-electronico-temas","8":"product_cat-negocio","9":"product_cat-temas","10":"product_tag-themeforest","11":"member-discount","12":"discount-restricted","14":"first","15":"instock","16":"sale","17":"downloadable","18":"virtual","19":"sold-individually","20":"purchasable","21":"product-type-simple"},"_links":{"self":[{"href":"https:\/\/gpl-love.com\/es\/wp-json\/wp\/v2\/product\/119662","targetHints":{"allow":["GET"]}}],"collection":[{"href":"https:\/\/gpl-love.com\/es\/wp-json\/wp\/v2\/product"}],"about":[{"href":"https:\/\/gpl-love.com\/es\/wp-json\/wp\/v2\/types\/product"}],"replies":[{"embeddable":true,"href":"https:\/\/gpl-love.com\/es\/wp-json\/wp\/v2\/comments?post=119662"}],"wp:featuredmedia":[{"embeddable":true,"href":"https:\/\/gpl-love.com\/es\/wp-json\/wp\/v2\/media\/165977"}],"wp:attachment":[{"href":"https:\/\/gpl-love.com\/es\/wp-json\/wp\/v2\/media?parent=119662"}],"wp:term":[{"taxonomy":"product_brand","embeddable":true,"href":"https:\/\/gpl-love.com\/es\/wp-json\/wp\/v2\/product_brand?post=119662"},{"taxonomy":"product_cat","embeddable":true,"href":"https:\/\/gpl-love.com\/es\/wp-json\/wp\/v2\/product_cat?post=119662"},{"taxonomy":"product_tag","embeddable":true,"href":"https:\/\/gpl-love.com\/es\/wp-json\/wp\/v2\/product_tag?post=119662"}],"curies":[{"name":"wp","href":"https:\/\/api.w.org\/{rel}","templated":true}]}}