{"id":119645,"date":"2021-11-19T00:00:00","date_gmt":"2021-11-19T05:00:00","guid":{"rendered":"https:\/\/gpl-love.com\/es\/?post_type=product&#038;p=119645"},"modified":"2026-03-09T07:42:04","modified_gmt":"2026-03-09T12:42:04","slug":"happyforms-para-amp","status":"publish","type":"product","link":"https:\/\/gpl-love.com\/es\/producto\/happyforms-para-amp\/","title":{"rendered":"Happyforms para AMP 1.0"},"content":{"rendered":"<h3>Happyforms para AMP Caracteristicas<\/h3>\n<p>HappyForms para AMP es un complemento incre\u00edblemente robusto que le otorga la capacidad de generar formularios visualmente impresionantes y f\u00e1ciles de usar para su sitio web. Al utilizar su interfaz de arrastrar y soltar altamente intuitiva, posee la capacidad de adaptar sin esfuerzo sus formas para alinearse con precisi\u00f3n con sus requisitos espec\u00edficos y preferencias personales. Adem\u00e1s, este complemento incomparable se ha optimizado meticulosamente para la tecnolog\u00eda AMP (p\u00e1ginas m\u00f3viles aceleradas), asegurando que sus formularios se carguen a un ritmo sin precedentes en dispositivos m\u00f3viles, proporcionando as\u00ed una experiencia de usuario impecable sin problemas. Adem\u00e1s de estas caracter\u00edsticas extraordinarias, HappyForms para AMP tambi\u00e9n abarca una gran cantidad de funcionalidades avanzadas, como la l\u00f3gica condicional, los formularios de varios pasos y las notificaciones por correo electr\u00f3nico, lo que hace que sea una soluci\u00f3n verdaderamente integral para todas sus necesidades de construcci\u00f3n de formularios. Por lo tanto, si su intenci\u00f3n es construir formularios de contacto vigorizantes, formularios de registro convincentes o cualquier otra variedad de forma, tenga la seguridad de que Happyforms para AMP es inequ\u00edvocamente la opci\u00f3n por excelencia para usted.<\/p>\n<ul>\n<li>Proceso de creaci\u00f3n de formularios optimizado para una participaci\u00f3n m\u00e1s r\u00e1pida del cliente<\/li>\n<li>Compatibilidad de AMP para un rendimiento m\u00e1s r\u00e1pido y m\u00e1s suave en dispositivos m\u00f3viles<\/li>\n<li>Campos y dise\u00f1os de formularios personalizables para que coincidan con su marca<\/li>\n<li>Interfaz f\u00e1cil de usar para una f\u00e1cil construcci\u00f3n de formularios y gesti\u00f3n<\/li>\n<li>An\u00e1lisis avanzado para rastrear las presentaciones de formulario y las tasas de participaci\u00f3n<\/li>\n<li>Integraci\u00f3n perfecta con el popular marketing por correo electr\u00f3nico y herramientas CRM<\/li>\n<li>Cumplimiento de GDPR para la recopilaci\u00f3n y almacenamiento de datos seguros<\/li>\n<li>Equipo de apoyo dedicado para cualquier pregunta o problema.<\/li>\n<\/ul>\n","protected":false},"excerpt":{"rendered":"<p>HappyForms para AMP es una soluci\u00f3n muy robusta y formidable meticulosamente dise\u00f1ada para generar formas est\u00e9ticamente agradables e interactivas que se integran perfectamente con la tecnolog\u00eda de p\u00e1ginas m\u00f3viles aceleradas (AMP). Este producto de vanguardia e innovador le permite construir formas intuitivas e intuitivas que se cargan r\u00e1pidamente en dispositivos m\u00f3viles, garantizando una experiencia de usuario incomparable de la calidad superior. Ya sea que su objetivo es fabricar un formulario de contacto, una encuesta integral o cualquier otra variante de forma, Happyforms for AMP abarca una gama integral de caracter\u00edsticas y funcionalidades que sin duda mejorar\u00e1n el atractivo, la productividad y la facilidad de uso de su sitio web.<\/p>\n","protected":false},"featured_media":166408,"comment_status":"open","ping_status":"open","template":"","meta":[],"product_brand":[2351],"product_cat":[1214,1206,1211],"product_tag":[2229],"class_list":{"0":"post-119645","1":"product","2":"type-product","3":"status-publish","4":"has-post-thumbnail","6":"product_brand-amp-wp","7":"product_cat-personalizacion","8":"product_cat-plugins","9":"product_cat-wordpress-plugins","10":"product_tag-amp-wp","11":"member-discount","12":"discount-restricted","14":"first","15":"instock","16":"sale","17":"downloadable","18":"virtual","19":"sold-individually","20":"purchasable","21":"product-type-simple"},"_links":{"self":[{"href":"https:\/\/gpl-love.com\/es\/wp-json\/wp\/v2\/product\/119645","targetHints":{"allow":["GET"]}}],"collection":[{"href":"https:\/\/gpl-love.com\/es\/wp-json\/wp\/v2\/product"}],"about":[{"href":"https:\/\/gpl-love.com\/es\/wp-json\/wp\/v2\/types\/product"}],"replies":[{"embeddable":true,"href":"https:\/\/gpl-love.com\/es\/wp-json\/wp\/v2\/comments?post=119645"}],"wp:featuredmedia":[{"embeddable":true,"href":"https:\/\/gpl-love.com\/es\/wp-json\/wp\/v2\/media\/166408"}],"wp:attachment":[{"href":"https:\/\/gpl-love.com\/es\/wp-json\/wp\/v2\/media?parent=119645"}],"wp:term":[{"taxonomy":"product_brand","embeddable":true,"href":"https:\/\/gpl-love.com\/es\/wp-json\/wp\/v2\/product_brand?post=119645"},{"taxonomy":"product_cat","embeddable":true,"href":"https:\/\/gpl-love.com\/es\/wp-json\/wp\/v2\/product_cat?post=119645"},{"taxonomy":"product_tag","embeddable":true,"href":"https:\/\/gpl-love.com\/es\/wp-json\/wp\/v2\/product_tag?post=119645"}],"curies":[{"name":"wp","href":"https:\/\/api.w.org\/{rel}","templated":true}]}}