{"id":119644,"date":"2021-11-19T00:00:00","date_gmt":"2021-11-19T05:00:00","guid":{"rendered":"https:\/\/gpl-love.com\/es\/?post_type=product&#038;p=119644"},"modified":"2026-03-09T08:16:27","modified_gmt":"2026-03-09T13:16:27","slug":"ultimate-membership-pro-compatibility-para-amp","status":"publish","type":"product","link":"https:\/\/gpl-love.com\/es\/producto\/ultimate-membership-pro-compatibility-para-amp\/","title":{"rendered":"Ultimate Membership Pro Compatibility para AMP 1.0"},"content":{"rendered":"<h3>Ultimate Membership Pro Compatibility para AMP Caracteristicas<\/h3>\n<p>La compatibilidad de Ultimate Membership Pro para AMP es una herramienta incre\u00edblemente robusta que ofrece la oportunidad de mejorar la optimizaci\u00f3n de su sitio web de membres\u00eda para AMP, que significa p\u00e1ginas m\u00f3viles aceleradas. Este complemento excepcional ha sido intrincadamente dise\u00f1ado para integrarse sin problemas con su sitio de membres\u00eda preexistente impulsado por Ultimate Membership Pro, simplificando as\u00ed el proceso de entrega de experiencias de rayo y amigables para dispositivos m\u00f3viles a sus estimados usuarios. Al aprovechar esta herramienta inmensamente poderosa, puede crear y optimizar sin esfuerzo sus p\u00e1ginas de membres\u00eda para AMP, proporcionando en \u00faltima instancia a sus usuarios una experiencia incomparable, independientemente de su ubicaci\u00f3n. Ya sea que est\u00e9 administrando un sitio de membres\u00eda para una peque\u00f1a empresa modesta o una empresa en expansi\u00f3n, la funcionalidad exquisita de la compatibilidad de la mejor membres\u00eda para AMP es realmente la soluci\u00f3n \u00f3ptima para optimizar su sitio para los usuarios m\u00f3viles. Entonces, \u00bfpor qu\u00e9 prolongar la espera m\u00e1s? \u00a1Tome medidas hoy y embarque en el viaje de entregar experiencias r\u00e1pidas y amigables con los m\u00f3viles a sus valiosos usuarios!<\/p>\n<ul>\n<li>Permite la integraci\u00f3n perfecta de Ultimate Membership Pro con AMP (p\u00e1ginas m\u00f3viles aceleradas)<\/li>\n<li>Mejora la velocidad de carga del sitio web y el rendimiento general en dispositivos m\u00f3viles<\/li>\n<li>Permite una interfaz de usuario de respuesta m\u00f3vil con todas las caracter\u00edsticas de Ultimate Membership Pro<\/li>\n<li>Proporciona una experiencia de usuario consistente independientemente del dispositivo que se est\u00e9 utilizando<\/li>\n<li>F\u00e1cil de instalar y usar con una configuraci\u00f3n m\u00ednima requerida<\/li>\n<li>Admite varias pasarelas de pago y niveles de membres\u00eda para un sitio web de membres\u00eda totalmente personalizable<\/li>\n<li>Compatible con temas y complementos populares de WordPress<\/li>\n<li>Actualizaciones y soporte regulares para cualquier problema t\u00e9cnico que pueda surgir<\/li>\n<\/ul>\n","protected":false},"excerpt":{"rendered":"<p>Al adquirir una compatibilidad profesional de membres\u00eda final incomparable con p\u00e1ginas m\u00f3viles aceleradas (AMP), podr\u00e1 mejorar significativamente la velocidad y la accesibilidad de su sitio web en varios dispositivos m\u00f3viles, todo el tiempo asegurando la funcionalidad perfecta del complemento de membres\u00eda. Con esta notable caracter\u00edstica, puede manejar sin esfuerzo las cuentas de los usuarios, los planes de suscripci\u00f3n y salvaguardar su contenido exclusivo, todo al tiempo que obtiene las ventajas adicionales de la tecnolog\u00eda AMP. Esta oferta excepcional es especialmente adecuada para las empresas con el objetivo de proporcionar a sus miembros valiosos una experiencia m\u00f3vil impecablemente optimizada.<\/p>\n","protected":false},"featured_media":167888,"comment_status":"open","ping_status":"open","template":"","meta":[],"product_brand":[2351],"product_cat":[1214,1206,1211],"product_tag":[2229],"class_list":{"0":"post-119644","1":"product","2":"type-product","3":"status-publish","4":"has-post-thumbnail","6":"product_brand-amp-wp","7":"product_cat-personalizacion","8":"product_cat-plugins","9":"product_cat-wordpress-plugins","10":"product_tag-amp-wp","11":"member-discount","12":"discount-restricted","14":"first","15":"instock","16":"sale","17":"downloadable","18":"virtual","19":"sold-individually","20":"purchasable","21":"product-type-simple"},"_links":{"self":[{"href":"https:\/\/gpl-love.com\/es\/wp-json\/wp\/v2\/product\/119644","targetHints":{"allow":["GET"]}}],"collection":[{"href":"https:\/\/gpl-love.com\/es\/wp-json\/wp\/v2\/product"}],"about":[{"href":"https:\/\/gpl-love.com\/es\/wp-json\/wp\/v2\/types\/product"}],"replies":[{"embeddable":true,"href":"https:\/\/gpl-love.com\/es\/wp-json\/wp\/v2\/comments?post=119644"}],"wp:featuredmedia":[{"embeddable":true,"href":"https:\/\/gpl-love.com\/es\/wp-json\/wp\/v2\/media\/167888"}],"wp:attachment":[{"href":"https:\/\/gpl-love.com\/es\/wp-json\/wp\/v2\/media?parent=119644"}],"wp:term":[{"taxonomy":"product_brand","embeddable":true,"href":"https:\/\/gpl-love.com\/es\/wp-json\/wp\/v2\/product_brand?post=119644"},{"taxonomy":"product_cat","embeddable":true,"href":"https:\/\/gpl-love.com\/es\/wp-json\/wp\/v2\/product_cat?post=119644"},{"taxonomy":"product_tag","embeddable":true,"href":"https:\/\/gpl-love.com\/es\/wp-json\/wp\/v2\/product_tag?post=119644"}],"curies":[{"name":"wp","href":"https:\/\/api.w.org\/{rel}","templated":true}]}}