{"id":119643,"date":"2021-12-25T00:00:00","date_gmt":"2021-12-25T05:00:00","guid":{"rendered":"https:\/\/gpl-love.com\/es\/?post_type=product&#038;p=119643"},"modified":"2026-03-09T08:03:36","modified_gmt":"2026-03-09T13:03:36","slug":"recipe-compatibility-para-amp","status":"publish","type":"product","link":"https:\/\/gpl-love.com\/es\/producto\/recipe-compatibility-para-amp\/","title":{"rendered":"Recipe Compatibility para AMP 1.0.3"},"content":{"rendered":"<h3>Recipe Compatibility para AMP Caracteristicas<\/h3>\n<p>La compatibilidad de la receta para AMP es una herramienta altamente innovadora y avanzada que proporciona a los propietarios de sitios web la capacidad de optimizar el contenido de su sitio web espec\u00edficamente para AMP (p\u00e1ginas m\u00f3viles aceleradas). Esta incre\u00edble herramienta asegura que el contenido de su receta sea totalmente compatible con esta incre\u00edble plataforma para dispositivos m\u00f3viles. Al utilizar esta herramienta, puede ingresar sin esfuerzo el contenido de su receta y recibir un an\u00e1lisis incre\u00edblemente detallado que eval\u00faa a fondo su compatibilidad con AMP. Este an\u00e1lisis exhaustivo identificar\u00e1 efectivamente cualquier \u00e1rea problem\u00e1tica potencial dentro de su contenido de recetas que pueda obstaculizar su experiencia de visualizaci\u00f3n \u00f3ptima en dispositivos m\u00f3viles. Armado con esta valiosa informaci\u00f3n, puede realizar f\u00e1cilmente los ajustes y mejoras necesarios para garantizar que su contenido est\u00e9 impecablemente optimizado para una visualizaci\u00f3n m\u00f3vil sin problemas. Como resultado, su sitio web se cargar\u00e1 a un ritmo acelerado, proporcionando a los usuarios una experiencia de usuario sin problemas y sin esfuerzo. Esta experiencia de usuario excepcional fomentar\u00e1 y facilitar\u00e1 un mayor compromiso de su audiencia, lo que finalmente impulsa un aumento sustancial en el tr\u00e1fico a su sitio web. Por lo tanto, es evidente que la compatibilidad de la receta para AMP es una herramienta invaluable que deber\u00eda ser una prioridad absoluta para cualquier propietario del sitio web que desee elevar su experiencia de usuario m\u00f3vil a alturas sin precedentes y mejorar significativamente su visibilidad dentro de los motores de b\u00fasqueda populares.<\/p>\n<ul>\n<li>Compatible con complementos de recetas, como bloques de tarjetas de recetas, fabricante de recetas de WP y m\u00e1s<\/li>\n<li>Permite una f\u00e1cil integraci\u00f3n de recetas en el formato de p\u00e1ginas m\u00f3viles aceleradas (AMP)<\/li>\n<li>Mejora la velocidad de carga del sitio web y el rendimiento en dispositivos m\u00f3viles<\/li>\n<li>Ajusta autom\u00e1ticamente las im\u00e1genes de recetas y el formato para una visualizaci\u00f3n \u00f3ptima en las p\u00e1ginas de AMP<\/li>\n<li>Admite las pautas de SEO de Google AMP para una mejor visibilidad del motor de b\u00fasqueda<\/li>\n<li>Proporciona una experiencia de usuario perfecta para los visitantes que acceden a recetas en dispositivos m\u00f3viles.<\/li>\n<\/ul>\n","protected":false},"excerpt":{"rendered":"<p>Al utilizar la tecnolog\u00eda de vanguardia de formato y dise\u00f1o de recetas compatibles con AMP, los creadores y editores pueden tener un contenido de recetas de moda sin esfuerzo que est\u00e1 hecha a medida para el mundo acelerado de las p\u00e1ginas m\u00f3viles. Esta notable caracter\u00edstica garantiza que el contenido de la receta de los usuarios se exhibe de manera elegante y visualmente cautivadora, todo mientras minimiza los tiempos de carga y ofrece una experiencia de usuario \u00f3ptima.<\/p>\n","protected":false},"featured_media":167333,"comment_status":"open","ping_status":"open","template":"","meta":[],"product_brand":[2351],"product_cat":[1214,1206,1211],"product_tag":[2229],"class_list":{"0":"post-119643","1":"product","2":"type-product","3":"status-publish","4":"has-post-thumbnail","6":"product_brand-amp-wp","7":"product_cat-personalizacion","8":"product_cat-plugins","9":"product_cat-wordpress-plugins","10":"product_tag-amp-wp","11":"member-discount","12":"discount-restricted","14":"first","15":"instock","16":"sale","17":"downloadable","18":"virtual","19":"sold-individually","20":"purchasable","21":"product-type-simple"},"_links":{"self":[{"href":"https:\/\/gpl-love.com\/es\/wp-json\/wp\/v2\/product\/119643","targetHints":{"allow":["GET"]}}],"collection":[{"href":"https:\/\/gpl-love.com\/es\/wp-json\/wp\/v2\/product"}],"about":[{"href":"https:\/\/gpl-love.com\/es\/wp-json\/wp\/v2\/types\/product"}],"replies":[{"embeddable":true,"href":"https:\/\/gpl-love.com\/es\/wp-json\/wp\/v2\/comments?post=119643"}],"wp:featuredmedia":[{"embeddable":true,"href":"https:\/\/gpl-love.com\/es\/wp-json\/wp\/v2\/media\/167333"}],"wp:attachment":[{"href":"https:\/\/gpl-love.com\/es\/wp-json\/wp\/v2\/media?parent=119643"}],"wp:term":[{"taxonomy":"product_brand","embeddable":true,"href":"https:\/\/gpl-love.com\/es\/wp-json\/wp\/v2\/product_brand?post=119643"},{"taxonomy":"product_cat","embeddable":true,"href":"https:\/\/gpl-love.com\/es\/wp-json\/wp\/v2\/product_cat?post=119643"},{"taxonomy":"product_tag","embeddable":true,"href":"https:\/\/gpl-love.com\/es\/wp-json\/wp\/v2\/product_tag?post=119643"}],"curies":[{"name":"wp","href":"https:\/\/api.w.org\/{rel}","templated":true}]}}