{"id":119642,"date":"2021-12-20T00:00:00","date_gmt":"2021-12-20T05:00:00","guid":{"rendered":"https:\/\/gpl-love.com\/es\/?post_type=product&#038;p=119642"},"modified":"2026-03-09T07:36:21","modified_gmt":"2026-03-09T12:36:21","slug":"forminator-para-amp","status":"publish","type":"product","link":"https:\/\/gpl-love.com\/es\/producto\/forminator-para-amp\/","title":{"rendered":"Forminator para AMP 1.0.1"},"content":{"rendered":"<h3>Forminator para AMP Caracteristicas<\/h3>\n<p>Forminator para AMP es una herramienta inmensamente potente y formidable que permite a los propietarios de sitios web la capacidad de modelar formularios para sus p\u00e1ginas de AMP que no solo son f\u00e1ciles de usar sino tambi\u00e9n altamente personalizables. En virtud de su interfaz de arrastrar y soltar extremadamente conveniente e intuitiva junto con la provisi\u00f3n de plantillas preconstruidas, Forminator facilita sin problemas la creaci\u00f3n sin esfuerzo de formas hechas a medida para adaptarse a los requisitos espec\u00edficos de sus usuarios. Adem\u00e1s, este notable complemento ofrece una extensa gama de opciones para personalizaci\u00f3n de formulario personalizada, que abarca desde una variedad de tipos de campo hasta el empleo de l\u00f3gica condicional e integraci\u00f3n perfecta con una gran cantidad de servicios populares de terceros. Adem\u00e1s, vale la pena mencionar que Forminator para AMP es completamente receptivo, asegurando as\u00ed que las formas se manifiesten de manera est\u00e9ticamente agradable y funcione sin ning\u00fan obst\u00e1culo en cada dispositivo concebible. Adem\u00e1s, independientemente de si el objetivo en cuesti\u00f3n implica la captura de clientes potenciales, la recopilaci\u00f3n de comentarios o incluso la conducci\u00f3n de encuestas, Forminator para AMP representa un recurso invaluable que simplifica el proceso de creaci\u00f3n y gesti\u00f3n de formularios al tiempo que logra los resultados deseados.<\/p>\n<ul>\n<li>Formularios de AMP altamente optimizados para una carga m\u00e1s r\u00e1pida y una mejor experiencia del usuario<\/li>\n<li>Integraci\u00f3n perfecta con WordPress a trav\u00e9s del complemento Forminator<\/li>\n<li>Amplia gama de campos de formularios personalizables y opciones de estilo para una marca mejorada<\/li>\n<li>Capacidades de construcci\u00f3n de forma potentes con interfaz de arrastre y ca\u00edda<\/li>\n<li>Funcionalidad avanzada que incluye l\u00f3gica condicional, c\u00e1lculos y formularios de m\u00faltiples p\u00e1ginas<\/li>\n<li>Opci\u00f3n para configurar notificaciones y correos electr\u00f3nicos personalizados para los env\u00edos de formularios<\/li>\n<li>GDPR cumple con los campos de consentimiento incorporados y las opciones de privacidad<\/li>\n<li>Validaci\u00f3n de formulario en tiempo real para evitar errores y mejorar la precisi\u00f3n<\/li>\n<li>Compatibilidad con todos los principales navegadores y dispositivos para el m\u00e1ximo alcance y accesibilidad<\/li>\n<li>Equipo de soporte dedicado y actualizaciones regulares para un rendimiento \u00f3ptimo y satisfacci\u00f3n del usuario.<\/li>\n<\/ul>\n","protected":false},"excerpt":{"rendered":"<p>Forminator para AMP es un complemento de constructor de formulario inmensamente robusto y vers\u00e1til que le otorga la capacidad de dise\u00f1ar formularios visualmente cautivadores para su sitio web, asegurando la compatibilidad con AMP. A trav\u00e9s de la utilizaci\u00f3n de este complemento, puede construir sin esfuerzo formularios de contacto, encuestas, pruebas y varias otras formas de interacci\u00f3n con un esfuerzo m\u00ednimo. Estas formas pueden estar totalmente adaptadas y personalizadas para alinearse con precisi\u00f3n con su est\u00e9tica y funcionalidad deseadas. Adem\u00e1s, se han optimizado para garantizar los tiempos de carga r\u00e1pidas en los dispositivos m\u00f3viles, lo que le permite capturar de manera efectiva los clientes potenciales y involucrar activamente a su audiencia sin comprometer el rendimiento. \u00a1Abraza el forminador para AMP hoy y eleva tus formas a alturas de excelencia sin precedentes!<\/p>\n","protected":false},"featured_media":166160,"comment_status":"open","ping_status":"open","template":"","meta":[],"product_brand":[2351],"product_cat":[1214,1206,1211],"product_tag":[2229],"class_list":{"0":"post-119642","1":"product","2":"type-product","3":"status-publish","4":"has-post-thumbnail","6":"product_brand-amp-wp","7":"product_cat-personalizacion","8":"product_cat-plugins","9":"product_cat-wordpress-plugins","10":"product_tag-amp-wp","11":"member-discount","12":"discount-restricted","14":"first","15":"instock","16":"sale","17":"downloadable","18":"virtual","19":"sold-individually","20":"purchasable","21":"product-type-simple"},"_links":{"self":[{"href":"https:\/\/gpl-love.com\/es\/wp-json\/wp\/v2\/product\/119642","targetHints":{"allow":["GET"]}}],"collection":[{"href":"https:\/\/gpl-love.com\/es\/wp-json\/wp\/v2\/product"}],"about":[{"href":"https:\/\/gpl-love.com\/es\/wp-json\/wp\/v2\/types\/product"}],"replies":[{"embeddable":true,"href":"https:\/\/gpl-love.com\/es\/wp-json\/wp\/v2\/comments?post=119642"}],"wp:featuredmedia":[{"embeddable":true,"href":"https:\/\/gpl-love.com\/es\/wp-json\/wp\/v2\/media\/166160"}],"wp:attachment":[{"href":"https:\/\/gpl-love.com\/es\/wp-json\/wp\/v2\/media?parent=119642"}],"wp:term":[{"taxonomy":"product_brand","embeddable":true,"href":"https:\/\/gpl-love.com\/es\/wp-json\/wp\/v2\/product_brand?post=119642"},{"taxonomy":"product_cat","embeddable":true,"href":"https:\/\/gpl-love.com\/es\/wp-json\/wp\/v2\/product_cat?post=119642"},{"taxonomy":"product_tag","embeddable":true,"href":"https:\/\/gpl-love.com\/es\/wp-json\/wp\/v2\/product_tag?post=119642"}],"curies":[{"name":"wp","href":"https:\/\/api.w.org\/{rel}","templated":true}]}}