{"id":119640,"date":"2026-04-07T00:00:00","date_gmt":"2026-04-07T05:00:00","guid":{"rendered":"https:\/\/gpl-love.com\/es\/?post_type=product&#038;p=119640"},"modified":"2026-04-10T11:25:05","modified_gmt":"2026-04-10T16:25:05","slug":"smart-sticky-header-para-amp","status":"publish","type":"product","link":"https:\/\/gpl-love.com\/es\/producto\/smart-sticky-header-para-amp\/","title":{"rendered":"Smart Sticky Header para AMP 1.0.4"},"content":{"rendered":"<h3>Smart Sticky Header para AMP Caracteristicas<\/h3>\n<p>El encabezado Smart Sticky para AMP es una herramienta extremadamente potente que ofrece a los propietarios de sitios web un medio perfecto para incorporar un encabezado pegajoso en sus p\u00e1ginas m\u00f3viles aceleradas. Ideado con el prop\u00f3sito de optimizar la experiencia del usuario y aumentar el compromiso, este complemento innovador garantiza que el encabezado de su sitio web permanezca perpetuamente visible y f\u00e1cilmente accesible, incluso durante las instancias de desplazamiento del usuario. Con su variedad de caracter\u00edsticas avanzadas y opciones personalizables, el encabezado pegajoso inteligente para AMP optimiza el proceso de dise\u00f1ar un encabezado que se alinea impecablemente con el estilo y la est\u00e9tica distintiva de su marca. Ya sea que busque amplificar la participaci\u00f3n de su sitio web o simplemente amplificar su usabilidad general, este complemento se considera como la soluci\u00f3n por excelencia. \u00a1No pierda el tiempo y tome un giro hoy para presenciar personalmente la diferencia transformadora que puede representar en su sitio web!<\/p>\n<ul>\n<li>Reduce la tasa de rebote al proporcionar un encabezado fijo para los usuarios m\u00f3viles<\/li>\n<li>Totalmente compatible con un amplificador sin sacrificar en el dise\u00f1o<\/li>\n<li>Mejora la experiencia del usuario al hacer que la navegaci\u00f3n sea simple y siempre disponible<\/li>\n<li>Logotipo personalizable y opciones de color para que coincidan con la marca de su sitio web<\/li>\n<li>F\u00e1cil de instalar con solo unas pocas l\u00edneas de c\u00f3digo<\/li>\n<li>No afecta la velocidad de carga de la p\u00e1gina<\/li>\n<li>Hace que su sitio web se vea m\u00e1s profesional y pulido<\/li>\n<li>Compatible con m\u00faltiples navegadores y dispositivos<\/li>\n<li>Opciones de precios asequibles para cada propietario del sitio web<\/li>\n<\/ul>\n","protected":false},"excerpt":{"rendered":"<p>El encabezado Smart Sticky para AMP es una herramienta incre\u00edblemente robusta y efectiva que mejora significativamente la experiencia general del usuario de su sitio web de AMP. Este complemento altamente avanzado ofrece una soluci\u00f3n notablemente inteligente que mantiene perfectamente la adherencia del encabezado de su sitio web a medida que los usuarios se desplazan, lo que en \u00faltima instancia garantiza que siempre tengan un acceso conveniente a los elementos de navegaci\u00f3n m\u00e1s cruciales. En particular, este complemento rico en caracter\u00edsticas tambi\u00e9n le otorga la invaluable capacidad para personalizar completamente la apariencia est\u00e9tica y el atractivo sensorial de su encabezado, en consecuencia, le proporciona un nivel de control incomparable sobre el estilo distintivo de su sitio web. Al implementar estrat\u00e9gicamente el encabezado Smart Sticky para AMP, sin lugar a dudas elevar\u00e1 la participaci\u00f3n del usuario e impulsar\u00e1 sin esfuerzo una afluencia de mayor tr\u00e1fico a su estimado sitio, lo que hace que este complemento en particular sea una adici\u00f3n absolutamente indispensable y no negociable a cualquier sitio web de AMP.<\/p>\n","protected":false},"featured_media":167511,"comment_status":"open","ping_status":"open","template":"","meta":[],"product_brand":[2351],"product_cat":[1214,1206,1211],"product_tag":[2229],"class_list":{"0":"post-119640","1":"product","2":"type-product","3":"status-publish","4":"has-post-thumbnail","6":"product_brand-amp-wp","7":"product_cat-personalizacion","8":"product_cat-plugins","9":"product_cat-wordpress-plugins","10":"product_tag-amp-wp","11":"member-discount","12":"discount-restricted","14":"first","15":"instock","16":"sale","17":"downloadable","18":"virtual","19":"sold-individually","20":"purchasable","21":"product-type-simple"},"_links":{"self":[{"href":"https:\/\/gpl-love.com\/es\/wp-json\/wp\/v2\/product\/119640","targetHints":{"allow":["GET"]}}],"collection":[{"href":"https:\/\/gpl-love.com\/es\/wp-json\/wp\/v2\/product"}],"about":[{"href":"https:\/\/gpl-love.com\/es\/wp-json\/wp\/v2\/types\/product"}],"replies":[{"embeddable":true,"href":"https:\/\/gpl-love.com\/es\/wp-json\/wp\/v2\/comments?post=119640"}],"wp:featuredmedia":[{"embeddable":true,"href":"https:\/\/gpl-love.com\/es\/wp-json\/wp\/v2\/media\/167511"}],"wp:attachment":[{"href":"https:\/\/gpl-love.com\/es\/wp-json\/wp\/v2\/media?parent=119640"}],"wp:term":[{"taxonomy":"product_brand","embeddable":true,"href":"https:\/\/gpl-love.com\/es\/wp-json\/wp\/v2\/product_brand?post=119640"},{"taxonomy":"product_cat","embeddable":true,"href":"https:\/\/gpl-love.com\/es\/wp-json\/wp\/v2\/product_cat?post=119640"},{"taxonomy":"product_tag","embeddable":true,"href":"https:\/\/gpl-love.com\/es\/wp-json\/wp\/v2\/product_tag?post=119640"}],"curies":[{"name":"wp","href":"https:\/\/api.w.org\/{rel}","templated":true}]}}