{"id":119639,"date":"2025-10-02T00:00:00","date_gmt":"2025-10-02T05:00:00","guid":{"rendered":"https:\/\/gpl-love.com\/es\/?post_type=product&#038;p=119639"},"modified":"2026-04-10T11:19:06","modified_gmt":"2026-04-10T16:19:06","slug":"ninja-forms-amocrm","status":"publish","type":"product","link":"https:\/\/gpl-love.com\/es\/producto\/ninja-forms-amocrm\/","title":{"rendered":"Ninja Forms amoCRM 3.0.0"},"content":{"rendered":"<h3>Ninja Forms amoCRM Caracteristicas<\/h3>\n<p>Ninja Forms AMOCRM sirve como un instrumento muy potente, facilitando la conexi\u00f3n perfecta entre su sitio web de WordPress y AMOCRM, una plataforma de gesti\u00f3n de relaciones con el cliente (CRM) de renombre y bien recibida. A trav\u00e9s de la utilizaci\u00f3n de este complemento excepcional, puede generar formularios sin esfuerzo que sean personalizables a sus preferencias y capturar con \u00e9xito los potenciales clientes potenciales directamente desde su sitio web, que se incorporar\u00e1n de manera r\u00e1pida y autom\u00e1tica a su cuenta de AMOCRM. Esta integraci\u00f3n ahorra efectivamente un tiempo y un esfuerzo considerables al eliminar la ardua tarea de transferir manualmente datos entre varias plataformas. Adem\u00e1s, el beneficio adicional de las caracter\u00edsticas avanzadas, como la l\u00f3gica condicional, los formularios de varias p\u00e1ginas, y las cargas de archivos mejora a\u00fan m\u00e1s su capacidad para crear una experiencia de usuario ininterrumpida e incomparable al tiempo que acumula con \u00e9xito datos cruciales de sus clientes potenciales. En consecuencia, est\u00e1 indudablemente claro que Ninja Forms AMOCRM es un activo indispensable para cualquier negocio que busque optimizar su proceso de captura de plomo y mejorar la eficiencia general de su embudo de ventas.<\/p>\n<ul>\n<li>Integra perfectamente formas ninja y amocrm<\/li>\n<li>Sincrita todos los env\u00edos de formularios a los leads y contactos de AMOCRM<\/li>\n<li>Crea autom\u00e1ticamente nuevos clientes potenciales y contactos en amocrm<\/li>\n<li>Mapa de campos de formulario a campos personalizados en amocrm<\/li>\n<li>Ver datos de formulario enviados dentro del plomo o registro de contacto de AMOCRM<\/li>\n<li>Ahorra tiempo eliminando la necesidad de entrada de datos manuales<\/li>\n<li>Mejora la precisi\u00f3n de los datos asegurando que todos los env\u00edos de formularios se registren en AMOCRM<\/li>\n<li>F\u00e1cil de configurar y usar, sin necesidad de codificaci\u00f3n<\/li>\n<li>Compatible con formularios ninja -x y arriba<\/li>\n<li>Actualizado y compatible regularmente por el equipo Ninja Forms.<\/li>\n<\/ul>\n","protected":false},"excerpt":{"rendered":"<p>Ninja Forms AMOCRM se demuestra como una integraci\u00f3n inmensamente s\u00f3lida que establece sin esfuerzo una conexi\u00f3n directa entre sus datos de Forms Ninja y su cuenta de AMOCRM. Esta innovadora integraci\u00f3n hace que sea posible aprovechar sin esfuerzo los clientes potenciales y recopilar informaci\u00f3n vital del cliente directamente de sus formularios, y posteriormente despachar dicha informaci\u00f3n instant\u00e1neamente a su codiciada cuenta de AMOCRM, simplificando as\u00ed la ardua tarea de monitorear y supervisar sus relaciones con los clientes. Con una interfaz que no solo es f\u00e1cil de usar, sino que tambi\u00e9n est\u00e1 repleta de una gran cantidad de caracter\u00edsticas potentes, Ninja Forms AMOCRM emerge como la soluci\u00f3n por excelencia para cualquier empresa que se esfuerza por optimizar y optimizar sus procesos de captura de plomo y gesti\u00f3n del cliente.<\/p>\n","protected":false},"featured_media":166994,"comment_status":"open","ping_status":"open","template":"","meta":[],"product_brand":[2509],"product_cat":[1232,1206,1211],"product_tag":[1338],"class_list":{"0":"post-119639","1":"product","2":"type-product","3":"status-publish","4":"has-post-thumbnail","6":"product_brand-ninja-forms","7":"product_cat-marketing-wordpress-plugins","8":"product_cat-plugins","9":"product_cat-wordpress-plugins","10":"product_tag-ninja-forms","11":"member-discount","12":"discount-restricted","14":"first","15":"instock","16":"sale","17":"downloadable","18":"virtual","19":"sold-individually","20":"purchasable","21":"product-type-simple"},"_links":{"self":[{"href":"https:\/\/gpl-love.com\/es\/wp-json\/wp\/v2\/product\/119639","targetHints":{"allow":["GET"]}}],"collection":[{"href":"https:\/\/gpl-love.com\/es\/wp-json\/wp\/v2\/product"}],"about":[{"href":"https:\/\/gpl-love.com\/es\/wp-json\/wp\/v2\/types\/product"}],"replies":[{"embeddable":true,"href":"https:\/\/gpl-love.com\/es\/wp-json\/wp\/v2\/comments?post=119639"}],"wp:featuredmedia":[{"embeddable":true,"href":"https:\/\/gpl-love.com\/es\/wp-json\/wp\/v2\/media\/166994"}],"wp:attachment":[{"href":"https:\/\/gpl-love.com\/es\/wp-json\/wp\/v2\/media?parent=119639"}],"wp:term":[{"taxonomy":"product_brand","embeddable":true,"href":"https:\/\/gpl-love.com\/es\/wp-json\/wp\/v2\/product_brand?post=119639"},{"taxonomy":"product_cat","embeddable":true,"href":"https:\/\/gpl-love.com\/es\/wp-json\/wp\/v2\/product_cat?post=119639"},{"taxonomy":"product_tag","embeddable":true,"href":"https:\/\/gpl-love.com\/es\/wp-json\/wp\/v2\/product_tag?post=119639"}],"curies":[{"name":"wp","href":"https:\/\/api.w.org\/{rel}","templated":true}]}}