{"id":119638,"date":"2026-04-18T00:00:00","date_gmt":"2026-04-18T05:00:00","guid":{"rendered":"https:\/\/gpl-love.com\/es\/?post_type=product&#038;p=119638"},"modified":"2026-04-18T17:16:03","modified_gmt":"2026-04-18T22:16:03","slug":"ninja-forms-authorizenet","status":"publish","type":"product","link":"https:\/\/gpl-love.com\/es\/producto\/ninja-forms-authorizenet\/","title":{"rendered":"Ninja Forms Authorize.net 3.1.6"},"content":{"rendered":"<h3>Ninja Forms Authorize.net Caracteristicas<\/h3>\n<p>Ninja Forms Authorize.net se presenta como una soluci\u00f3n robusta y f\u00e1cil de usar adaptada a las empresas que buscan un medio seguro para procesar pagos en l\u00ednea. Este notable software se integra sin problemas con los formularios ninja, otorg\u00e1ndole la capacidad de crear formularios de pago personalizados sin esfuerzo, que luego pueden emplearse para reunir pagos de sus valiosos clientes. La integraci\u00f3n con Authorize.net proporciona una pasarela segura de pago, asegurando la protecci\u00f3n de la informaci\u00f3n de pago de sus clientes. Armado con este software, tendr\u00e1 la capacidad de monitorear f\u00e1cilmente los pagos, supervisar las suscripciones y ejecutar reembolsos, todo desde el tablero de formularios Ninja que abarca. Independientemente de si opera un emporio diminuto en l\u00ednea o una empresa de comercio electr\u00f3nico de gran escala, tenga la seguridad de que los formularios ninja autorizan.net servir\u00e1n como la soluci\u00f3n por excelencia para efectuar un procesamiento de pago seguro y eficiente.<\/p>\n<ul>\n<li>Integraci\u00f3n perfecta con formularios ninja y autorizar.net<\/li>\n<li>Proceso de configuraci\u00f3n f\u00e1cil e intuitivo<\/li>\n<li>Acepte pagos con tarjeta de cr\u00e9dito directamente a trav\u00e9s de sus formularios ninja<\/li>\n<li>Personalizar opciones de pago y campos para satisfacer sus necesidades<\/li>\n<li>Usar junto con otros complementos de Ninja Forms para obtener a\u00fan m\u00e1s funcionalidad<\/li>\n<li>Procesamiento de pagos seguro y confiable a trav\u00e9s de autorize.net<\/li>\n<li>Ver historial de transacciones y administrar los pagos a trav\u00e9s del tablero de autorizaci\u00f3n.net<\/li>\n<li>Proporciona a los clientes una experiencia de pago optimizada y profesional.<\/li>\n<\/ul>\n","protected":false},"excerpt":{"rendered":"<p>Convierta los formularios de contacto de su sitio web en pasarelas de pago robustas utilizando los formularios Ninja Authorize.net Extension, mejorando as\u00ed la eficiencia del procedimiento de pago tanto para usted como para sus clientes. A trav\u00e9s de esta integraci\u00f3n, puede manejar con confianza las transacciones de la tarjeta de cr\u00e9dito directamente dentro de sus formularios de contacto, garantizando un procesamiento de pago seguro. Las opciones de configuraci\u00f3n y personalizaci\u00f3n son f\u00e1ciles de usar, lo que le permite proporcionar r\u00e1pidamente opciones de pago seguras para los diversos productos y servicios que ofrece. Adem\u00e1s, tenga la seguridad de que la estimada reputaci\u00f3n y confiabilidad de Authorize.net garantizar\u00e1 la m\u00e1xima seguridad de sus datos de pago confidenciales. Eleve el calibre de los formularios de su sitio web incorporando la extensi\u00f3n NNET.NET de los formularios ninja.<\/p>\n","protected":false},"featured_media":166995,"comment_status":"open","ping_status":"open","template":"","meta":[],"product_brand":[2509],"product_cat":[1278,1206,1211],"product_tag":[1338],"class_list":{"0":"post-119638","1":"product","2":"type-product","3":"status-publish","4":"has-post-thumbnail","6":"product_brand-ninja-forms","7":"product_cat-pago","8":"product_cat-plugins","9":"product_cat-wordpress-plugins","10":"product_tag-ninja-forms","11":"member-discount","12":"discount-restricted","14":"first","15":"instock","16":"sale","17":"downloadable","18":"virtual","19":"sold-individually","20":"purchasable","21":"product-type-simple"},"_links":{"self":[{"href":"https:\/\/gpl-love.com\/es\/wp-json\/wp\/v2\/product\/119638","targetHints":{"allow":["GET"]}}],"collection":[{"href":"https:\/\/gpl-love.com\/es\/wp-json\/wp\/v2\/product"}],"about":[{"href":"https:\/\/gpl-love.com\/es\/wp-json\/wp\/v2\/types\/product"}],"replies":[{"embeddable":true,"href":"https:\/\/gpl-love.com\/es\/wp-json\/wp\/v2\/comments?post=119638"}],"wp:featuredmedia":[{"embeddable":true,"href":"https:\/\/gpl-love.com\/es\/wp-json\/wp\/v2\/media\/166995"}],"wp:attachment":[{"href":"https:\/\/gpl-love.com\/es\/wp-json\/wp\/v2\/media?parent=119638"}],"wp:term":[{"taxonomy":"product_brand","embeddable":true,"href":"https:\/\/gpl-love.com\/es\/wp-json\/wp\/v2\/product_brand?post=119638"},{"taxonomy":"product_cat","embeddable":true,"href":"https:\/\/gpl-love.com\/es\/wp-json\/wp\/v2\/product_cat?post=119638"},{"taxonomy":"product_tag","embeddable":true,"href":"https:\/\/gpl-love.com\/es\/wp-json\/wp\/v2\/product_tag?post=119638"}],"curies":[{"name":"wp","href":"https:\/\/api.w.org\/{rel}","templated":true}]}}