{"id":119637,"date":"2023-07-12T00:00:00","date_gmt":"2023-07-12T05:00:00","guid":{"rendered":"https:\/\/gpl-love.com\/es\/?post_type=product&#038;p=119637"},"modified":"2026-04-10T11:19:21","modified_gmt":"2026-04-10T16:19:21","slug":"ninja-forms-hubspot-integration","status":"publish","type":"product","link":"https:\/\/gpl-love.com\/es\/producto\/ninja-forms-hubspot-integration\/","title":{"rendered":"Ninja Forms Hubspot Integration 3.0.8"},"content":{"rendered":"<h3>Ninja Forms Hubspot Integration Caracteristicas<\/h3>\n<p>La integraci\u00f3n entre los formularios ninja y el hubspot sirve como una herramienta incre\u00edblemente potente, lo que permite a los usuarios establecer sin esfuerzo una conexi\u00f3n entre sus formularios de generaci\u00f3n de leads y su cuenta Hubspot. Al aprovechar esta integraci\u00f3n, uno puede capturar perfectamente los clientes potenciales directamente de su sitio web, posteriormente que los incorporan autom\u00e1ticamente a su Hubspot CRM. Esta caracter\u00edstica notable no solo sirve para ahorrar a los usuarios una cantidad significativa de tiempo, sino que tambi\u00e9n sirve para optimizar su proceso de gesti\u00f3n de clientes potenciales en un grado impresionante. Adem\u00e1s, los datos obtenidos de estas formas pueden aprovecharse efectivamente para personalizar meticulosamente las campa\u00f1as de marketing al tiempo que mejoran simult\u00e1neamente la participaci\u00f3n general del cliente. Quiz\u00e1s lo m\u00e1s notable, la integraci\u00f3n Ninja Forms Hubspot es incre\u00edblemente f\u00e1cil de usar, y exige ninguna experiencia en codificaci\u00f3n, lo que la hace accesible para las personas de todos los niveles de habilidad.<\/p>\n<ul>\n<li>Integra sin problemas las formas ninja con Hubspot, lo que le permite capturar los leads sin esfuerzo y administrarlos en un solo lugar<\/li>\n<li>La sincronizaci\u00f3n bidireccional asegura que todas las presentaciones de formulario se agregan autom\u00e1ticamente a su Hubspot CRM, y cualquier cambio realizado en Hubspot se refleja en su cuenta de Formularios Ninja<\/li>\n<li>Cree formularios de captura de plomo personalizados adaptados a sus necesidades espec\u00edficas, con acceso a una amplia gama de campos de formulario y opciones de dise\u00f1o<\/li>\n<li>Realice un seguimiento de los env\u00edos de formularios y monitoree el \u00e9xito de sus campa\u00f1as con an\u00e1lisis de an\u00e1lisis e informes avanzados<\/li>\n<li>Automatice sus flujos de trabajo de gesti\u00f3n de clientes potenciales configurando secuencias de seguimiento espec\u00edficas basadas en env\u00edos de formularios o criterios espec\u00edficos<\/li>\n<li>Segmentar f\u00e1cilmente sus clientes potenciales y crear campa\u00f1as de correo electr\u00f3nico espec\u00edficas utilizando las potentes funciones de automatizaci\u00f3n de marketing de Hubspot<\/li>\n<li>Aproveche las herramientas de ventas avanzadas de Hubspot para mover los leads por el embudo y cerrar m\u00e1s ofertas<\/li>\n<li>Controle qui\u00e9n tiene acceso a sus datos de formulario con roles y permisos de los usuarios, asegurando la seguridad de su informaci\u00f3n confidencial.<\/li>\n<li>Disfrute del apoyo de clase mundial de formularios ninja y expertos en Hubspot, con documentaci\u00f3n y tutoriales integrales para ayudarlo a maximizar el valor de su integraci\u00f3n.<\/li>\n<\/ul>\n","protected":false},"excerpt":{"rendered":"<p>La herramienta poderosa y altamente efectiva conocida como la integraci\u00f3n Ninja Forms Hubspot llega a su ayuda para integrar sin problemas los formularios Ninja en su sitio web con el software l\u00edder de CRM y marketing, Hubspot. Al aprovechar esta notable integraci\u00f3n, usted le permite capturar sin esfuerzo clientes potenciales cruciales y valiosos datos de clientes de sus formularios, lo que posteriormente garantiza su sincronizaci\u00f3n autom\u00e1tica con su cuenta de Hubspot. La inmensa ventaja de esta integraci\u00f3n radica en el hecho de que conserva significativamente su tiempo de tiempo y recursos valiosos muy solicitados, mientras optimiza sus procesos de gesti\u00f3n de clientes potenciales y racionalizan sus campa\u00f1as de marketing. Ya sea que se encuentre en el papel de propietario de un negocio, vendedor o desarrollador, la invaluable Ninja Forms Hubspot Integration promete ser la mejor soluci\u00f3n para aumentar y elevar sus esfuerzos de generaci\u00f3n de leads e iniciativas de participaci\u00f3n del cliente.<\/p>\n","protected":false},"featured_media":167016,"comment_status":"open","ping_status":"open","template":"","meta":[],"product_brand":[2509],"product_cat":[1232,1206,1211],"product_tag":[1338],"class_list":{"0":"post-119637","1":"product","2":"type-product","3":"status-publish","4":"has-post-thumbnail","6":"product_brand-ninja-forms","7":"product_cat-marketing-wordpress-plugins","8":"product_cat-plugins","9":"product_cat-wordpress-plugins","10":"product_tag-ninja-forms","11":"member-discount","12":"discount-restricted","14":"first","15":"instock","16":"sale","17":"downloadable","18":"virtual","19":"sold-individually","20":"purchasable","21":"product-type-simple"},"_links":{"self":[{"href":"https:\/\/gpl-love.com\/es\/wp-json\/wp\/v2\/product\/119637","targetHints":{"allow":["GET"]}}],"collection":[{"href":"https:\/\/gpl-love.com\/es\/wp-json\/wp\/v2\/product"}],"about":[{"href":"https:\/\/gpl-love.com\/es\/wp-json\/wp\/v2\/types\/product"}],"replies":[{"embeddable":true,"href":"https:\/\/gpl-love.com\/es\/wp-json\/wp\/v2\/comments?post=119637"}],"wp:featuredmedia":[{"embeddable":true,"href":"https:\/\/gpl-love.com\/es\/wp-json\/wp\/v2\/media\/167016"}],"wp:attachment":[{"href":"https:\/\/gpl-love.com\/es\/wp-json\/wp\/v2\/media?parent=119637"}],"wp:term":[{"taxonomy":"product_brand","embeddable":true,"href":"https:\/\/gpl-love.com\/es\/wp-json\/wp\/v2\/product_brand?post=119637"},{"taxonomy":"product_cat","embeddable":true,"href":"https:\/\/gpl-love.com\/es\/wp-json\/wp\/v2\/product_cat?post=119637"},{"taxonomy":"product_tag","embeddable":true,"href":"https:\/\/gpl-love.com\/es\/wp-json\/wp\/v2\/product_tag?post=119637"}],"curies":[{"name":"wp","href":"https:\/\/api.w.org\/{rel}","templated":true}]}}