{"id":119635,"date":"2026-02-26T00:00:00","date_gmt":"2026-02-26T05:00:00","guid":{"rendered":"https:\/\/gpl-love.com\/es\/?post_type=product&#038;p=119635"},"modified":"2026-04-10T11:19:06","modified_gmt":"2026-04-10T16:19:06","slug":"ninja-forms-advanced-datepicker","status":"publish","type":"product","link":"https:\/\/gpl-love.com\/es\/producto\/ninja-forms-advanced-datepicker\/","title":{"rendered":"Ninja Forms Advanced Datepicker 3.3.4"},"content":{"rendered":"<h3>Ninja Forms Advanced Datepicker Caracteristicas<\/h3>\n<p>El Ninja Forms Advanced DatePicker cuenta con una impresionante variedad de caracter\u00edsticas que facilita enormemente la selecci\u00f3n y la entrada de fechas en formas. Su vasta colecci\u00f3n de opciones avanzadas para el formato de fecha y la selecci\u00f3n de rango lo convierte en una opci\u00f3n ideal para una gran cantidad de aplicaciones, que van desde formularios de registro de eventos hasta formularios de reserva. Gracias a su interfaz f\u00e1cil de usar y caracter\u00edsticas f\u00e1cilmente navegables, el Ninja Forms Advanced DatePicker es una herramienta indispensable para cualquier persona que busque optimizar el proceso de env\u00edo de formularios y ofrecer una experiencia de usuario sin problemas. Ya sea que sea un desarrollador con el objetivo de aumentar la funcionalidad de sus formularios o un propietario de un negocio que anhela mejorar la participaci\u00f3n del cliente, este complemento sirve como la soluci\u00f3n definitiva para todos sus requisitos de entrada de fecha.<\/p>\n<ul>\n<li>DatePicker altamente personalizable para usar con formularios ninja<\/li>\n<li>Capacidad para elegir entre varios formatos de fecha<\/li>\n<li>Admite la selecci\u00f3n del rango de fechas para una mejor experiencia del usuario<\/li>\n<li>Opciones avanzadas para deshabilitar fechas o rangos de fecha espec\u00edficos<\/li>\n<li>Campos de fecha calculados con f\u00f3rmulas y l\u00f3gica personalizadas<\/li>\n<li>F\u00e1cil integraci\u00f3n con otros tipos de campo de Ninja Forms<\/li>\n<li>Dise\u00f1o receptivo para uso sin problemas en todos los dispositivos<\/li>\n<li>Carga altamente eficiente y r\u00e1pida para un rendimiento \u00f3ptimo<\/li>\n<li>Opci\u00f3n para limitar la selecci\u00f3n de fechas en funci\u00f3n de la entrada del usuario<\/li>\n<li>Compatible con una gama de navegadores web populares.<\/li>\n<\/ul>\n","protected":false},"excerpt":{"rendered":"<p>El Ninja Forms Advanced DatePicker cuenta con un notable nivel de potencia y eficacia en su capacidad para mejorar la funcionalidad de sus formas. Con la incorporaci\u00f3n de este avanzado DatePicker, puede tener formas de moda sin esfuerzo que faciliten la selecci\u00f3n perfecta de fechas para los usuarios, evitando as\u00ed el requisito de cualquier entrada manual ardua. Este complemento excepcionalmente f\u00e1cil de usar demuestra ser particularmente ventajoso para las empresas que requieren la adquisici\u00f3n de fechas espec\u00edficas de sus clientes o clientes, como las fechas para las citas o los plazos importantes del proyecto. La extensa gama de configuraciones avanzadas le permite adaptar precisamente a DatePicker para satisfacer sus requisitos \u00fanicos, lo que lo convierte en una herramienta extraordinariamente vers\u00e1til e invaluable para cualquier sitio web. No pierda el tiempo y experimente la notable expedici\u00f3n de los Formularios Ninja Avanzado DatePicker hoy, ya que revoluciona y racionaliza el proceso a menudo tedioso de la selecci\u00f3n de fechas, de una vez por todas.<\/p>\n","protected":false},"featured_media":166993,"comment_status":"open","ping_status":"open","template":"","meta":[],"product_brand":[2509],"product_cat":[1214,1206,1211],"product_tag":[1338],"class_list":{"0":"post-119635","1":"product","2":"type-product","3":"status-publish","4":"has-post-thumbnail","6":"product_brand-ninja-forms","7":"product_cat-personalizacion","8":"product_cat-plugins","9":"product_cat-wordpress-plugins","10":"product_tag-ninja-forms","11":"member-discount","12":"discount-restricted","14":"first","15":"instock","16":"sale","17":"downloadable","18":"virtual","19":"sold-individually","20":"purchasable","21":"product-type-simple"},"_links":{"self":[{"href":"https:\/\/gpl-love.com\/es\/wp-json\/wp\/v2\/product\/119635","targetHints":{"allow":["GET"]}}],"collection":[{"href":"https:\/\/gpl-love.com\/es\/wp-json\/wp\/v2\/product"}],"about":[{"href":"https:\/\/gpl-love.com\/es\/wp-json\/wp\/v2\/types\/product"}],"replies":[{"embeddable":true,"href":"https:\/\/gpl-love.com\/es\/wp-json\/wp\/v2\/comments?post=119635"}],"wp:featuredmedia":[{"embeddable":true,"href":"https:\/\/gpl-love.com\/es\/wp-json\/wp\/v2\/media\/166993"}],"wp:attachment":[{"href":"https:\/\/gpl-love.com\/es\/wp-json\/wp\/v2\/media?parent=119635"}],"wp:term":[{"taxonomy":"product_brand","embeddable":true,"href":"https:\/\/gpl-love.com\/es\/wp-json\/wp\/v2\/product_brand?post=119635"},{"taxonomy":"product_cat","embeddable":true,"href":"https:\/\/gpl-love.com\/es\/wp-json\/wp\/v2\/product_cat?post=119635"},{"taxonomy":"product_tag","embeddable":true,"href":"https:\/\/gpl-love.com\/es\/wp-json\/wp\/v2\/product_tag?post=119635"}],"curies":[{"name":"wp","href":"https:\/\/api.w.org\/{rel}","templated":true}]}}