{"id":119632,"date":"2025-08-08T00:00:00","date_gmt":"2025-08-08T05:00:00","guid":{"rendered":"https:\/\/gpl-love.com\/es\/?post_type=product&#038;p=119632"},"modified":"2026-03-09T07:45:58","modified_gmt":"2026-03-09T12:45:58","slug":"learndash-gradebook-por-real-big-plugins","status":"publish","type":"product","link":"https:\/\/gpl-love.com\/es\/producto\/learndash-gradebook-por-real-big-plugins\/","title":{"rendered":"LearnDash LMS Gradebook 4.3.3"},"content":{"rendered":"<h3>LearnDash LMS Gradebook Caracteristicas<\/h3>\n<p>LearnDash LMS Gradebook, una herramienta altamente efectiva dise\u00f1ada espec\u00edficamente para facilitar la gesti\u00f3n perfecta de sus cursos en l\u00ednea, ofrece una amplia gama de caracter\u00edsticas que est\u00e1n destinadas a mejorar su experiencia docente. Al emplear esta caracter\u00edstica notable, podr\u00e1 monitorear sin esfuerzo el progreso de sus alumnos, administrar y regular de manera efectiva sus tareas y evaluaciones, as\u00ed como proporcionar comentarios constructivos para enriquecer su viaje de aprendizaje. Adem\u00e1s, el libro de calificaciones est\u00e1 equipado con la capacidad de generar informes, gr\u00e1ficos y gr\u00e1ficos completos, lo que le d\u00eda con informaci\u00f3n invaluable sobre el rendimiento de sus alumnos. En consecuencia, ser\u00e1 experto en identificar r\u00e1pidamente los obst\u00e1culos que sus alumnos puedan encontrar, lo que le permite modificar r\u00e1pidamente su enfoque pedag\u00f3gico para satisfacer mejor sus necesidades. En consecuencia, LearnDash LMS Gradebook es una herramienta indispensable para cualquier instructor de cursos en l\u00ednea que busque optimizar su proceso de calificaci\u00f3n y aumentar la experiencia general de aprendizaje para sus estudiantes.<\/p>\n<ul>\n<li>Proporciona una manera f\u00e1cil de administrar las calificaciones de los estudiantes y el progreso dentro de su curso LearnDash LMS<\/li>\n<li>Permite a los instructores ver las calificaciones de los estudiantes, las fechas de finalizaci\u00f3n y el progreso general<\/li>\n<li>Proporciona caracter\u00edsticas de informes detalladas y personalizables para rastrear el progreso de los estudiantes e identificar \u00e1reas para mejorar<\/li>\n<li>Se integra a la perfecci\u00f3n con LearnDash LMS, lo que facilita la configuraci\u00f3n y el uso<\/li>\n<li>Permite a los instructores asignaciones de calificaci\u00f3n, cuestionarios y discusiones dentro del libro de calificaciones<\/li>\n<li>Proporciona informaci\u00f3n en tiempo real sobre el progreso y el rendimiento de los estudiantes, ayudando a los instructores a identificar a los estudiantes con dificultades y brindar apoyo espec\u00edfico<\/li>\n<li>Ahorra tiempo y l\u00ednea de racionalizaci\u00f3n y seguimiento de progreso para instructores ocupados<\/li>\n<li>Ayuda a garantizar una calificaci\u00f3n justa y precisa al proporcionar una ubicaci\u00f3n centralizada para todas las calificaciones de los estudiantes e informaci\u00f3n de progreso<\/li>\n<li>Se puede personalizar para que coincida con la escala de calificaci\u00f3n y los requisitos de su instituci\u00f3n<\/li>\n<li>Proporciona una herramienta valiosa para monitorear la participaci\u00f3n y el rendimiento de los estudiantes, ayudando a mejorar la retenci\u00f3n y las tasas generales de \u00e9xito del curso.<\/li>\n<\/ul>\n","protected":false},"excerpt":{"rendered":"<p>El LearnDash Learning Management System (LMS) Gradebook es una herramienta incre\u00edblemente robusta y altamente efectiva que le otorga la capacidad de supervisar y monitorear sin esfuerzo el avance y los logros de sus alumnos dentro de sus respectivos cursos en l\u00ednea. Al utilizar esta herramienta excepcional, se le brinda la oportunidad de profundizar en informes exhaustivos e integrales que detallan el rendimiento de cada estudiante individual, monitorean sin esfuerzo las tasas de finalizaci\u00f3n y asignan sin esfuerzo las calificaciones y brindan comentarios invaluables. El dise\u00f1o intuitivamente elaborado y la amplia gama de opciones personalizables contribuyen a\u00fan m\u00e1s a la extraordinaria facilidad de uso tanto para los instructores como para los estudiantes. Al integrar el libro de calificaciones LearnDash LMS en sus esfuerzos educativos, puede racionalizar y acelerar el proceso de calificaci\u00f3n, ahorrando en \u00faltima instancia un tiempo precioso y proporcionando a sus estudiantes informaci\u00f3n indispensable para facilitar su \u00e9xito general.<\/p>\n","protected":false},"featured_media":166576,"comment_status":"open","ping_status":"open","template":"","meta":[],"product_brand":[2484],"product_cat":[1214,1206,1211],"product_tag":[2228],"class_list":{"0":"post-119632","1":"product","2":"type-product","3":"status-publish","4":"has-post-thumbnail","6":"product_brand-real-big-plugins","7":"product_cat-personalizacion","8":"product_cat-plugins","9":"product_cat-wordpress-plugins","10":"product_tag-real-big-plugins","11":"member-discount","12":"discount-restricted","14":"first","15":"instock","16":"sale","17":"downloadable","18":"virtual","19":"sold-individually","20":"purchasable","21":"product-type-simple"},"_links":{"self":[{"href":"https:\/\/gpl-love.com\/es\/wp-json\/wp\/v2\/product\/119632","targetHints":{"allow":["GET"]}}],"collection":[{"href":"https:\/\/gpl-love.com\/es\/wp-json\/wp\/v2\/product"}],"about":[{"href":"https:\/\/gpl-love.com\/es\/wp-json\/wp\/v2\/types\/product"}],"replies":[{"embeddable":true,"href":"https:\/\/gpl-love.com\/es\/wp-json\/wp\/v2\/comments?post=119632"}],"wp:featuredmedia":[{"embeddable":true,"href":"https:\/\/gpl-love.com\/es\/wp-json\/wp\/v2\/media\/166576"}],"wp:attachment":[{"href":"https:\/\/gpl-love.com\/es\/wp-json\/wp\/v2\/media?parent=119632"}],"wp:term":[{"taxonomy":"product_brand","embeddable":true,"href":"https:\/\/gpl-love.com\/es\/wp-json\/wp\/v2\/product_brand?post=119632"},{"taxonomy":"product_cat","embeddable":true,"href":"https:\/\/gpl-love.com\/es\/wp-json\/wp\/v2\/product_cat?post=119632"},{"taxonomy":"product_tag","embeddable":true,"href":"https:\/\/gpl-love.com\/es\/wp-json\/wp\/v2\/product_tag?post=119632"}],"curies":[{"name":"wp","href":"https:\/\/api.w.org\/{rel}","templated":true}]}}