{"id":119629,"date":"2021-11-19T00:00:00","date_gmt":"2021-11-19T05:00:00","guid":{"rendered":"https:\/\/gpl-love.com\/es\/?post_type=product&#038;p=119629"},"modified":"2026-03-09T07:56:44","modified_gmt":"2026-03-09T12:56:44","slug":"ninja-forms-twilio-sms","status":"publish","type":"product","link":"https:\/\/gpl-love.com\/es\/producto\/ninja-forms-twilio-sms\/","title":{"rendered":"Ninja Forms Twilio SMS 3.0.1"},"content":{"rendered":"<h3>Ninja Forms Twilio SMS Caracteristicas<\/h3>\n<p>Ninja Forms Twilio SMS es un complemento de una potencia considerable que otorga a los usuarios la capacidad de enviar mensajes SMS sin esfuerzo derivados de sus presentaciones de formularios ninja. Este complemento en particular fabrica una interfaz f\u00e1cil de usar que d\u00eda a los usuarios la capacidad de personalizar los mensajes SMS que desean transmitir, as\u00ed como la capacidad de especificar qu\u00e9 env\u00edos de formularios ninja instigar\u00e1n la transmisi\u00f3n de dichos mensajes. Adem\u00e1s, el complemento se integra sin problemas con la API SMS de Twilio, inculcando as\u00ed a los usuarios con una confianza inquebrantable en la entrega expedita y confiable de sus mensajes previstos. A la luz de su interfaz sin complicaciones e instintivas, se vuelve inequ\u00edvocamente evidente que Ninja Forms Twilio SMS constituye una herramienta indispensable para cualquier empresa que se esfuerce por mejorar sus canales de comunicaci\u00f3n con su estimada clientela.<\/p>\n<ul>\n<li>Permite a los usuarios enviar notificaciones SMS desde sus env\u00edos de formularios ninja<\/li>\n<li>Se integra a la perfecci\u00f3n con la API de Twilio<\/li>\n<li>Compatible con formularios ninja versi\u00f3n 3 o superior<\/li>\n<li>Proporciona notificaciones en tiempo real para presentaciones de formularios importantes<\/li>\n<li>Ofrece plantillas de mensajes personalizables para notificaciones de SMS<\/li>\n<li>Proporciona capacidades de informes de errores y resoluci\u00f3n de problemas<\/li>\n<li>F\u00e1cil de instalar y usar sin codificaci\u00f3n requerida<\/li>\n<li>Soluci\u00f3n rentable para los due\u00f1os de negocios que buscan optimizar su proceso de comunicaci\u00f3n<\/li>\n<\/ul>\n","protected":false},"excerpt":{"rendered":"<p>Ninja Forms Twilio SMS es un complemento incre\u00edblemente robusto y potente que se integra perfectamente con el complemento Ninja Forms, que le brinda la capacidad incomparable para enviar mensajes SMS sin esfuerzo directamente desde su sitio web de WordPress. Esta innovadora integraci\u00f3n le permite difundir sin esfuerzo notificaciones vitales, alertas cr\u00edticas y una mir\u00edada de otros mensajes indispensables a su estimada clientela o miembros estimados del equipo a trav\u00e9s de SMS. Al aprovechar la destreza de vanguardia de la API de Twilio, este complemento garantiza la entrega inagotable y expedita de sus mensajes meticulosamente elaborados. Independientemente de si su reino de influencia es un emporio de comercio electr\u00f3nico, una empresa filantr\u00f3pica o una empresa diminuta pero din\u00e1mica, Ninja Forms Twilio SMS ha sido meticulosamente dise\u00f1ada para permitirle forjar v\u00ednculos inquebrantables y fomentar conexiones inquebrantables con su valiente audiencia, todos, todos mientras que simulando simult\u00e1neamente sus intrincados procesos de comunicaci\u00f3n. No pierda m\u00e1s tiempo; \u00a1Emp\u00e1rate en este viaje impresionante hoy y disfruta de la facilidad sin igual con la que puedes comenzar a difundir mensajes de SMS!<\/p>\n","protected":false},"featured_media":167039,"comment_status":"open","ping_status":"open","template":"","meta":[],"product_brand":[2509],"product_cat":[1232,1206,1211],"product_tag":[1338],"class_list":{"0":"post-119629","1":"product","2":"type-product","3":"status-publish","4":"has-post-thumbnail","6":"product_brand-ninja-forms","7":"product_cat-marketing-wordpress-plugins","8":"product_cat-plugins","9":"product_cat-wordpress-plugins","10":"product_tag-ninja-forms","11":"member-discount","12":"discount-restricted","14":"first","15":"instock","16":"sale","17":"downloadable","18":"virtual","19":"sold-individually","20":"purchasable","21":"product-type-simple"},"_links":{"self":[{"href":"https:\/\/gpl-love.com\/es\/wp-json\/wp\/v2\/product\/119629","targetHints":{"allow":["GET"]}}],"collection":[{"href":"https:\/\/gpl-love.com\/es\/wp-json\/wp\/v2\/product"}],"about":[{"href":"https:\/\/gpl-love.com\/es\/wp-json\/wp\/v2\/types\/product"}],"replies":[{"embeddable":true,"href":"https:\/\/gpl-love.com\/es\/wp-json\/wp\/v2\/comments?post=119629"}],"wp:featuredmedia":[{"embeddable":true,"href":"https:\/\/gpl-love.com\/es\/wp-json\/wp\/v2\/media\/167039"}],"wp:attachment":[{"href":"https:\/\/gpl-love.com\/es\/wp-json\/wp\/v2\/media?parent=119629"}],"wp:term":[{"taxonomy":"product_brand","embeddable":true,"href":"https:\/\/gpl-love.com\/es\/wp-json\/wp\/v2\/product_brand?post=119629"},{"taxonomy":"product_cat","embeddable":true,"href":"https:\/\/gpl-love.com\/es\/wp-json\/wp\/v2\/product_cat?post=119629"},{"taxonomy":"product_tag","embeddable":true,"href":"https:\/\/gpl-love.com\/es\/wp-json\/wp\/v2\/product_tag?post=119629"}],"curies":[{"name":"wp","href":"https:\/\/api.w.org\/{rel}","templated":true}]}}