{"id":119627,"date":"2022-04-08T00:00:00","date_gmt":"2022-04-08T05:00:00","guid":{"rendered":"https:\/\/gpl-love.com\/es\/?post_type=product&#038;p=119627"},"modified":"2026-03-09T07:46:09","modified_gmt":"2026-03-09T12:46:09","slug":"learndash-lms-stripe-integration-add-on","status":"publish","type":"product","link":"https:\/\/gpl-love.com\/es\/producto\/learndash-lms-stripe-integration-add-on\/","title":{"rendered":"LearnDash LMS Stripe Integration Add-On 1.9.3"},"content":{"rendered":"<h3>LearnDash LMS Stripe Integration Add-On Caracteristicas<\/h3>\n<p>El complemento de integraci\u00f3n de stripe de Learsh LMS, una herramienta muy robusta, facilita la integraci\u00f3n perfecta de LearnDash LMS con la famosa pasarela de pago de rayas. A trav\u00e9s de este complemento, los usuarios est\u00e1n facultados para vender y administrar eficientemente sus cursos en l\u00ednea, todo gracias a la provisi\u00f3n de una soluci\u00f3n de procesamiento de pagos segura y confiable. Al aprovechar el complemento de integraci\u00f3n de stripe LearnDash LMS, los usuarios pueden aceptar convenientemente los pagos de un amplio espectro de tarjetas de cr\u00e9dito principales, lo que garantiza una experiencia de pago impecablemente fluida para sus \u00e1vidos alumnos. Adem\u00e1s, esta integraci\u00f3n permite a los usuarios establecer pagos recurrentes, administrar h\u00e1bilmente las suscripciones y manejar h\u00e1bilmente los reembolsos y devoluciones de cargo sin problemas. En esencia, el complemento de integraci\u00f3n de stripe LearnDash LMS se erige como un instrumento indispensable para las personas que buscan monetizar sus cursos de aprendizaje electr\u00f3nico y al mismo tiempo racionalizar sus procedimientos de pago en l\u00ednea.<\/p>\n<ul>\n<li>Integre a la perfecci\u00f3n su aprendizaje LMS con procesamiento de pagos de stripe<\/li>\n<li>Acepte los pagos en l\u00ednea de los participantes del curso que usan sus tarjetas de cr\u00e9dito o d\u00e9bito<\/li>\n<li>Opciones de pago personalizables para satisfacer sus necesidades comerciales<\/li>\n<li>Inscripci\u00f3n autom\u00e1tica de estudiantes con un pago exitoso<\/li>\n<li>Acceso a informes de pago detallados para un f\u00e1cil seguimiento y fines de contabilidad<\/li>\n<li>Instalaci\u00f3n y configuraci\u00f3n f\u00e1cil con instrucciones claras y documentaci\u00f3n proporcionadas<\/li>\n<li>Procesamiento de pago seguro y confiable con medidas de seguridad l\u00edderes en la industria de Stripe<\/li>\n<li>Atenci\u00f3n al cliente 24\/7 disponible si tiene alguna pregunta o encuentra alg\u00fan problema con el complemento.<\/li>\n<\/ul>\n","protected":false},"excerpt":{"rendered":"<p>El complemento de integraci\u00f3n de stripe Leardh LMS ofrece una soluci\u00f3n integral y robusta que integra a la perfecci\u00f3n la estimada plataforma de procesamiento de pagos de stripe en su sistema de gesti\u00f3n de aprendizaje LearnDash existente. Este innovador complemento le permite aceptar los pagos sin esfuerzo para su amplia gama de cursos y otros productos digitales, todo mientras mantiene una experiencia de usuario perfecta sin redirigir a sus clientes lejos de su propio sitio web. Al optimizar el proceso de pago, este complemento excepcional garantiza una experiencia de pago m\u00e1s r\u00e1pida y conveniente para sus valiosos clientes.<\/p>\n","protected":false},"featured_media":166583,"comment_status":"open","ping_status":"open","template":"","meta":[],"product_brand":[2483],"product_cat":[1278,1206,1211],"product_tag":[1320],"class_list":{"0":"post-119627","1":"product","2":"type-product","3":"status-publish","4":"has-post-thumbnail","6":"product_brand-learndash","7":"product_cat-pago","8":"product_cat-plugins","9":"product_cat-wordpress-plugins","10":"product_tag-learndash","11":"member-discount","12":"discount-restricted","14":"first","15":"instock","16":"sale","17":"downloadable","18":"virtual","19":"sold-individually","20":"purchasable","21":"product-type-simple"},"_links":{"self":[{"href":"https:\/\/gpl-love.com\/es\/wp-json\/wp\/v2\/product\/119627","targetHints":{"allow":["GET"]}}],"collection":[{"href":"https:\/\/gpl-love.com\/es\/wp-json\/wp\/v2\/product"}],"about":[{"href":"https:\/\/gpl-love.com\/es\/wp-json\/wp\/v2\/types\/product"}],"replies":[{"embeddable":true,"href":"https:\/\/gpl-love.com\/es\/wp-json\/wp\/v2\/comments?post=119627"}],"wp:featuredmedia":[{"embeddable":true,"href":"https:\/\/gpl-love.com\/es\/wp-json\/wp\/v2\/media\/166583"}],"wp:attachment":[{"href":"https:\/\/gpl-love.com\/es\/wp-json\/wp\/v2\/media?parent=119627"}],"wp:term":[{"taxonomy":"product_brand","embeddable":true,"href":"https:\/\/gpl-love.com\/es\/wp-json\/wp\/v2\/product_brand?post=119627"},{"taxonomy":"product_cat","embeddable":true,"href":"https:\/\/gpl-love.com\/es\/wp-json\/wp\/v2\/product_cat?post=119627"},{"taxonomy":"product_tag","embeddable":true,"href":"https:\/\/gpl-love.com\/es\/wp-json\/wp\/v2\/product_tag?post=119627"}],"curies":[{"name":"wp","href":"https:\/\/api.w.org\/{rel}","templated":true}]}}