{"id":119607,"date":"2026-04-10T00:00:00","date_gmt":"2026-04-10T05:00:00","guid":{"rendered":"https:\/\/gpl-love.com\/es\/?post_type=product&#038;p=119607"},"modified":"2026-04-10T11:15:09","modified_gmt":"2026-04-10T16:15:09","slug":"aawp","status":"publish","type":"product","link":"https:\/\/gpl-love.com\/es\/producto\/aawp\/","title":{"rendered":"AAWP 5.0.6"},"content":{"rendered":"<h3>AAWP Caracteristicas<\/h3>\n<p>AAWP, un acr\u00f3nimo de Amazon Affiliate WordPress Plugin, es una herramienta notablemente robusta dise\u00f1ada meticulosamente para ayudar a las personas que poseen sitios web en la monetizaci\u00f3n de su contenido a trav\u00e9s de la utilizaci\u00f3n de enlaces de afiliados de Amazon. Al emplear AAWP, a los usuarios se les otorga la capacidad sin esfuerzo para generar cajas de productos visualmente atractivas, listas, tablas y cuadr\u00edculas que muestran directamente la informaci\u00f3n del producto de Amazon en sus respectivos sitios web. Adem\u00e1s, este ingenioso complemento proporciona a los usuarios la valiosa ventaja de los datos de productos de Amazon en tiempo real, que abarca detalles esenciales como los precios y la disponibilidad, lo que permite a los usuarios mantener la m\u00e1xima precisi\u00f3n y puntualidad de su contenido. Adem\u00e1s, AAWP extiende una gran cantidad de opciones de personalizaci\u00f3n, que abarca la provisi\u00f3n de plantillas personalizadas, capacidades de dise\u00f1o y filtros, lo que permite a los usuarios armonizar sin problemas la identidad est\u00e9tica y de marca de su sitio web. Dise\u00f1ado meticulosamente con la intenci\u00f3n de aumentar las ganancias de los afiliados de Amazon y elevar la experiencia del usuario del sitio web, AAWP reina indudablemente Supreme como una opci\u00f3n excepcional de complementos para las personas que buscan vigorizar sus plataformas digitales.<\/p>\n<ul>\n<li>Convierte los enlaces de productos de Amazon en cajas de productos atractivos e informativos en su sitio web<\/li>\n<li>Aumenta las tasas de clics y las ganancias de Amazon Affiliate<\/li>\n<li>Opciones de dise\u00f1o personalizables para que coincidan con la marca de su sitio web<\/li>\n<li>Opci\u00f3n para mostrar tablas de comparaci\u00f3n de productos m\u00faltiples<\/li>\n<li>Opci\u00f3n para mostrar la calificaci\u00f3n del cliente y las revisiones directamente en su sitio web<\/li>\n<li>Compatible con WordPress y otros sistemas de gesti\u00f3n de contenido<\/li>\n<li>Actualiza autom\u00e1ticamente la informaci\u00f3n y la disponibilidad del producto<\/li>\n<li>Incluye la opci\u00f3n de geotargeting para mostrar tiendas de Amazon espec\u00edficas de pa\u00eds<\/li>\n<li>Proporciona informes y an\u00e1lisis de rendimiento detallados para rastrear los clics y las ganancias.<\/li>\n<\/ul>\n","protected":false},"excerpt":{"rendered":"<p>El complemento AAWP para WordPress, tambi\u00e9n conocido como Amazon Affiliate for WordPress, es una herramienta poderosa cuidadosamente dise\u00f1ada para hacer que el viaje de los usuarios de WordPress de la creaci\u00f3n de atractivos anuncios de productos afiliados de Amazon en sus sitios web sea f\u00e1cil y eficiente. Este complemento, que mejora su sitio web con AAWP, aporta una gama de caracter\u00edsticas avanzadas a la tabla. Estas funcionalidades de vanguardia de AAWP incluyen la capacidad de adaptar las plantillas de acuerdo con su gusto, la capacidad de mostrar galer\u00edas de productos din\u00e1micos y la caracter\u00edstica de la sincronizaci\u00f3n autom\u00e1tica de las actualizaciones de productos con AAWP.<\/p>\n<p>Con AAWP para el marketing de afiliados de Amazon, se simplifica la tarea a menudo compleja de convertir su sitio web en una empresa comercial rentable. El poder transformador de este complemento radica en su capacidad para aumentar las conversiones con AAWP, lo que le permite obtener las recompensas de su arduo trabajo. Al aprovechar con \u00e9xito el potencial AAWP, puede generar sin esfuerzo ingresos sustanciales.<\/p>\n<p>Adem\u00e1s, puede beneficiarse de su sitio web con AAWP, ya que permite anuncios efectivos de productos afiliados de Amazon. El<\/p>\n","protected":false},"featured_media":165247,"comment_status":"open","ping_status":"open","template":"","meta":[],"product_brand":[2338],"product_cat":[1232,1206,1211],"product_tag":[2227],"class_list":{"0":"post-119607","1":"product","2":"type-product","3":"status-publish","4":"has-post-thumbnail","6":"product_brand-aawp","7":"product_cat-marketing-wordpress-plugins","8":"product_cat-plugins","9":"product_cat-wordpress-plugins","10":"product_tag-aawp","11":"member-discount","12":"discount-restricted","14":"first","15":"instock","16":"sale","17":"downloadable","18":"virtual","19":"sold-individually","20":"purchasable","21":"product-type-simple"},"_links":{"self":[{"href":"https:\/\/gpl-love.com\/es\/wp-json\/wp\/v2\/product\/119607","targetHints":{"allow":["GET"]}}],"collection":[{"href":"https:\/\/gpl-love.com\/es\/wp-json\/wp\/v2\/product"}],"about":[{"href":"https:\/\/gpl-love.com\/es\/wp-json\/wp\/v2\/types\/product"}],"replies":[{"embeddable":true,"href":"https:\/\/gpl-love.com\/es\/wp-json\/wp\/v2\/comments?post=119607"}],"wp:featuredmedia":[{"embeddable":true,"href":"https:\/\/gpl-love.com\/es\/wp-json\/wp\/v2\/media\/165247"}],"wp:attachment":[{"href":"https:\/\/gpl-love.com\/es\/wp-json\/wp\/v2\/media?parent=119607"}],"wp:term":[{"taxonomy":"product_brand","embeddable":true,"href":"https:\/\/gpl-love.com\/es\/wp-json\/wp\/v2\/product_brand?post=119607"},{"taxonomy":"product_cat","embeddable":true,"href":"https:\/\/gpl-love.com\/es\/wp-json\/wp\/v2\/product_cat?post=119607"},{"taxonomy":"product_tag","embeddable":true,"href":"https:\/\/gpl-love.com\/es\/wp-json\/wp\/v2\/product_tag?post=119607"}],"curies":[{"name":"wp","href":"https:\/\/api.w.org\/{rel}","templated":true}]}}