{"id":119605,"date":"2026-04-18T00:00:00","date_gmt":"2026-04-18T05:00:00","guid":{"rendered":"https:\/\/gpl-love.com\/es\/?post_type=product&#038;p=119605"},"modified":"2026-04-18T17:16:26","modified_gmt":"2026-04-18T22:16:26","slug":"themify-post-type-builder","status":"publish","type":"product","link":"https:\/\/gpl-love.com\/es\/producto\/themify-post-type-builder\/","title":{"rendered":"Themify Post Type Builder 2.2.8"},"content":{"rendered":"<h3>Themify Post Type Builder Caracteristicas<\/h3>\n<p>Themify Post Type Builder es un complemento de WordPress premium inmensamente robusto y rico en funciones que proporciona a los usuarios la capacidad incomparable para generar tipos de publicaciones personalizados sin esfuerzo, taxonom\u00edas personalizadas y campos personalizados. A trav\u00e9s de su interfaz intuitiva de arrastrar y soltar, los usuarios est\u00e1n facultados para crear intrincadamente y personalizar cada faceta de sus tipos de publicaciones, abarcando los arreglos de dise\u00f1o, los campos y las taxonom\u00edas. Adem\u00e1s, este complemento se integra sin problemas con el backend de WordPress, dotando a los usuarios con una autoridad absoluta sobre su contenido. Independientemente de si un individuo se identifica como blogger, vendedor o propietario del sitio web, Themify Post Type Builder emerge indudablemente como una herramienta indispensable para dise\u00f1ar contenido cautivador y distintivo que trasciende la norma.<\/p>\n<ul>\n<li>Permite a los usuarios crear tipos de publicaciones personalizados y campos personalizados de manera r\u00e1pida y f\u00e1cil.<\/li>\n<li>Permite a los usuarios configurar dise\u00f1os \u00fanicos para sus tipos de publicaci\u00f3n personalizados sin ning\u00fan conocimiento de codificaci\u00f3n<\/li>\n<li>Proporciona m\u00e1s de 25 tipos de campo personalizados, incluidos cuadros de texto, casillas de verificaci\u00f3n, men\u00fas desplegables y m\u00e1s<\/li>\n<li>Viene con plantillas preconstruidas para tipos de publicaciones comunes, como testimonios, carteras y miembros del personal.<\/li>\n<li>Permite a los usuarios importar y exportar sus tipos y campos personalizados para moverlos f\u00e1cilmente a otros sitios.<\/li>\n<li>Interfaz intuitiva de arrastrar y soltar para construir visualmente tipos y campos personalizados<\/li>\n<li>Se integra con el popular tema Ultra de Themify y otros temas de WordPress<\/li>\n<li>Incluye soporte incorporado para taxonom\u00edas personalizadas y p\u00e1ginas de archivo de tipo post personalizado<\/li>\n<li>Proporciona control granular sobre los permisos de los usuarios, lo que permite a los propietarios de sitios dictar qui\u00e9n puede acceder y administrar tipos y campos personalizados<\/li>\n<li>Ofrece una amplia documentaci\u00f3n y atenci\u00f3n al cliente para ayudar a los usuarios a aprovechar al m\u00e1ximo el complemento.<\/li>\n<\/ul>\n","protected":false},"excerpt":{"rendered":"<p>The Themify Post Type Builder es un complemento de WordPress incre\u00edblemente vers\u00e1til y altamente efectivo que ofrece a los usuarios la capacidad de generar y personalizar sin esfuerzo tipos de publicaciones, taxonom\u00edas personalizadas, as\u00ed como campos personalizados. Independientemente de si est\u00e1 en el proceso de crear un blog o un sitio web extenso y totalmente funcional, esta herramienta excepcional est\u00e1 dise\u00f1ada para garantizar que su contenido se destaque de la multitud en l\u00ednea a menudo abrumadora. Con una interfaz de arrastrar y soltar excepcionalmente intuitiva, este complemento ingenioso permite a los usuarios generar r\u00e1pida y sin problemas tipos de publicaci\u00f3n personalizados, todos sin requerir ning\u00fan conocimiento o experiencia de codificaci\u00f3n previa. Adem\u00e1s, esta herramienta excepcional se integra sin esfuerzo con su sitio de WordPress existente, asegurando que pueda comenzar a utilizar instant\u00e1neamente sus tipos y taxonom\u00edas de publicaciones personalizadas reci\u00e9n creadas. Ya sea que sea un desarrollador experimentado o un creador de contenido dedicado, el Type Builder de Themify Post es un recurso indispensable que sin duda mejorar\u00e1 y elevar\u00e1 la personalizaci\u00f3n general de su sitio de WordPress a nuevas alturas impresionantes.<\/p>\n","protected":false},"featured_media":167783,"comment_status":"open","ping_status":"open","template":"","meta":[],"product_brand":[2578],"product_cat":[1214,1206,1211],"product_tag":[1400],"class_list":{"0":"post-119605","1":"product","2":"type-product","3":"status-publish","4":"has-post-thumbnail","6":"product_brand-themify","7":"product_cat-personalizacion","8":"product_cat-plugins","9":"product_cat-wordpress-plugins","10":"product_tag-themify","11":"member-discount","12":"discount-restricted","14":"first","15":"instock","16":"sale","17":"downloadable","18":"virtual","19":"sold-individually","20":"purchasable","21":"product-type-simple"},"_links":{"self":[{"href":"https:\/\/gpl-love.com\/es\/wp-json\/wp\/v2\/product\/119605","targetHints":{"allow":["GET"]}}],"collection":[{"href":"https:\/\/gpl-love.com\/es\/wp-json\/wp\/v2\/product"}],"about":[{"href":"https:\/\/gpl-love.com\/es\/wp-json\/wp\/v2\/types\/product"}],"replies":[{"embeddable":true,"href":"https:\/\/gpl-love.com\/es\/wp-json\/wp\/v2\/comments?post=119605"}],"wp:featuredmedia":[{"embeddable":true,"href":"https:\/\/gpl-love.com\/es\/wp-json\/wp\/v2\/media\/167783"}],"wp:attachment":[{"href":"https:\/\/gpl-love.com\/es\/wp-json\/wp\/v2\/media?parent=119605"}],"wp:term":[{"taxonomy":"product_brand","embeddable":true,"href":"https:\/\/gpl-love.com\/es\/wp-json\/wp\/v2\/product_brand?post=119605"},{"taxonomy":"product_cat","embeddable":true,"href":"https:\/\/gpl-love.com\/es\/wp-json\/wp\/v2\/product_cat?post=119605"},{"taxonomy":"product_tag","embeddable":true,"href":"https:\/\/gpl-love.com\/es\/wp-json\/wp\/v2\/product_tag?post=119605"}],"curies":[{"name":"wp","href":"https:\/\/api.w.org\/{rel}","templated":true}]}}