{"id":119600,"date":"2024-02-18T00:00:00","date_gmt":"2024-02-18T05:00:00","guid":{"rendered":"https:\/\/gpl-love.com\/es\/?post_type=product&#038;p=119600"},"modified":"2026-04-10T11:28:56","modified_gmt":"2026-04-10T16:28:56","slug":"total-recipe-generator-wordpress-recipe-maker-with-schema-y-nutrition-facts-elementor-addon","status":"publish","type":"product","link":"https:\/\/gpl-love.com\/es\/producto\/total-recipe-generator-wordpress-recipe-maker-with-schema-y-nutrition-facts-elementor-addon\/","title":{"rendered":"Total Recipe Generator WordPress Recipe Maker with Schema y Nutrition Facts (Elementor addon) 3.1.0"},"content":{"rendered":"<h3>Total Recipe Generator WordPress Recipe Maker with Schema y Nutrition Facts (Elementor addon) Caracteristicas<\/h3>\n<p>El complemento de WordPress del generador de recetas total es una herramienta robusta que ofrece un enfoque simplificado para crear recetas. Empodera a los usuarios al proporcionarles la capacidad de generar sin esfuerzo recetas que incluyen esquemas y hechos nutricionales. Adem\u00e1s, como un complemento de elementor, se integra perfectamente con el constructor de p\u00e1ginas ampliamente utilizado, mejorando as\u00ed el proceso de creaci\u00f3n de recetas con un nivel elevado de intuici\u00f3n y eficiencia. Al utilizar el generador de recetas totales, los usuarios pueden incorporar sin esfuerzo ingredientes, pasos y tiempo de cocci\u00f3n en sus recetas con solo unos pocos clics del mouse. Adem\u00e1s, el complemento genera autom\u00e1ticamente los datos de esquema optimizado para el motor de b\u00fasqueda y los datos nutricionales para sus recetas, facilitando as\u00ed su capacidad de descubrimiento y accesibilidad a los usuarios. Independientemente de si usted es un blogger de alimentos o un restaurador, el generador de recetas totales sirve como una herramienta indispensable para elaborar recetas de grado profesional sin esfuerzo.<\/p>\n<ul>\n<li>Generar recetas de alta calidad y aptos para SEO en WordPress con facilidad<\/li>\n<li>Incluye marcado de esquema para mejorar la visibilidad del motor de b\u00fasqueda y la experiencia del usuario<\/li>\n<li>Calcula y muestra autom\u00e1ticamente datos nutricionales para cada receta<\/li>\n<li>Plantillas de recetas personalizables para que coincidan con el dise\u00f1o y la marca de su sitio web<\/li>\n<li>Compatible con el popular Elementor Page Builder para una integraci\u00f3n perfecta<\/li>\n<li>La interfaz intuitiva de arrastrar y soltar hace que la creaci\u00f3n de recetas sea r\u00e1pida e indolora<\/li>\n<li>Acceda a una biblioteca de m\u00e1s de 7000 ingredientes para construir f\u00e1cilmente sus recetas<\/li>\n<li>Agregue instrucciones paso a paso, tiempos de cocci\u00f3n, tama\u00f1os de porci\u00f3n y m\u00e1s<\/li>\n<li>Perfecto para blogueros de comida, sitios web de recetas y cualquiera que quiera compartir sus creaciones culinarias en l\u00ednea<\/li>\n<li>Actualizaciones y soporte regulares de los desarrolladores del complemento para garantizar la mejor experiencia de usuario.<\/li>\n<\/ul>\n","protected":false},"excerpt":{"rendered":"<p>El generador de recetas total es un fabricante de recetas de WordPress incre\u00edblemente robusto, equipado con esquemas y hechos nutricionales. Este extraordinario complemento Elementor sirve como un recurso invaluable para crear p\u00e1ginas de recetas exquisitas y profesionales sin esfuerzo. Su interfaz f\u00e1cil de usar facilita la r\u00e1pida generaci\u00f3n de recetas, que luego se pueden personalizar de acuerdo con sus preferencias. Adem\u00e1s, este fabricante de recetas incorpora convenientemente una calculadora nutricional incorporada, lo que permite la inclusi\u00f3n perfecta de detalles nutricionales para cada receta. Al hacerlo, permite a sus lectores tomar decisiones bien informadas con respecto a sus elecciones diet\u00e9ticas. Adem\u00e1s, este complemento excepcional cuenta con un marcado de esquema de datos estructurado, lo que ayuda a los motores de b\u00fasqueda para comprender su contenido. Adem\u00e1s, su capacidad de respuesta completa asegura que sus recetas meticulosamente elaboradas se vean excelentes en cualquier dispositivo. Ya sea que se encuentre absorto en el mundo de los blogs de alimentos, inmerso en el arte del desarrollo de recetas o simplemente se deleite en las alegr\u00edas de la cocina, el generador de recetas totales es una herramienta indispensable que sin duda le ahorrar\u00e1 tiempo y le permitir\u00e1 producir asombro- P\u00e1ginas de recetas inspiradoras.<\/p>\n","protected":false},"featured_media":167837,"comment_status":"open","ping_status":"open","template":"","meta":[],"product_brand":[2339],"product_cat":[1214,1206,1211],"product_tag":[1256],"class_list":{"0":"post-119600","1":"product","2":"type-product","3":"status-publish","4":"has-post-thumbnail","6":"product_brand-codecanyon","7":"product_cat-personalizacion","8":"product_cat-plugins","9":"product_cat-wordpress-plugins","10":"product_tag-codecanyon","11":"member-discount","12":"discount-restricted","14":"first","15":"instock","16":"sale","17":"downloadable","18":"virtual","19":"sold-individually","20":"purchasable","21":"product-type-simple"},"_links":{"self":[{"href":"https:\/\/gpl-love.com\/es\/wp-json\/wp\/v2\/product\/119600","targetHints":{"allow":["GET"]}}],"collection":[{"href":"https:\/\/gpl-love.com\/es\/wp-json\/wp\/v2\/product"}],"about":[{"href":"https:\/\/gpl-love.com\/es\/wp-json\/wp\/v2\/types\/product"}],"replies":[{"embeddable":true,"href":"https:\/\/gpl-love.com\/es\/wp-json\/wp\/v2\/comments?post=119600"}],"wp:featuredmedia":[{"embeddable":true,"href":"https:\/\/gpl-love.com\/es\/wp-json\/wp\/v2\/media\/167837"}],"wp:attachment":[{"href":"https:\/\/gpl-love.com\/es\/wp-json\/wp\/v2\/media?parent=119600"}],"wp:term":[{"taxonomy":"product_brand","embeddable":true,"href":"https:\/\/gpl-love.com\/es\/wp-json\/wp\/v2\/product_brand?post=119600"},{"taxonomy":"product_cat","embeddable":true,"href":"https:\/\/gpl-love.com\/es\/wp-json\/wp\/v2\/product_cat?post=119600"},{"taxonomy":"product_tag","embeddable":true,"href":"https:\/\/gpl-love.com\/es\/wp-json\/wp\/v2\/product_tag?post=119600"}],"curies":[{"name":"wp","href":"https:\/\/api.w.org\/{rel}","templated":true}]}}