{"id":119596,"date":"2021-11-18T00:00:00","date_gmt":"2021-11-18T05:00:00","guid":{"rendered":"https:\/\/gpl-love.com\/es\/?post_type=product&#038;p=119596"},"modified":"2026-03-13T17:24:15","modified_gmt":"2026-03-13T22:24:15","slug":"mcgill-law-firm-wordpress-theme","status":"publish","type":"product","link":"https:\/\/gpl-love.com\/es\/producto\/mcgill-law-firm-wordpress-theme\/","title":{"rendered":"Mcgill Law Firm WordPress Theme 1.0"},"content":{"rendered":"<h3>Mcgill Law Firm WordPress Theme Caracteristicas<\/h3>\n<p>El tema de WordPress de McGill LawPress es una plantilla exquisitamente elaborada y contempor\u00e1nea que ha sido dise\u00f1ada meticulosamente exclusivamente para firmas de abogados y profesionales legales. Con una est\u00e9tica elegante y pulida, este tema demuestra ser una elecci\u00f3n impecable para presentar efectivamente servicios legales e informaci\u00f3n de una manera que sea exinta y comprensible. En particular, es totalmente receptivo y puede ser personalizado sin esfuerzo, asegurando una adaptaci\u00f3n perfecta para adaptarse a sus requisitos espec\u00edficos y preferencias de marca. Sorprendentemente, este tema abarca una gran cantidad de caracter\u00edsticas impresionantes, que incluyen, entre otras, la capacidad de personalizar encabezados, pies de p\u00e1gina y men\u00fas, as\u00ed como ofrecer una selecci\u00f3n diversa de plantillas de p\u00e1gina que atienden a servicios, miembros del equipo y testimonios. Adem\u00e1s, se ha optimizado para fines de optimizaci\u00f3n de motores de b\u00fasqueda (SEO), optimizando as\u00ed la visibilidad de su sitio web y, adem\u00e1s, incorpora formularios de contacto incorporados que sirven para aumentar la participaci\u00f3n del usuario. Al utilizar el tema de WordPress de la firma de abogados McGill, podr\u00e1 establecer una presencia en l\u00ednea formidable y autorizada para su bufete de abogados, atrayendo y retener con \u00e9xito a los clientes.<\/p>\n<ul>\n<li>Tema de WordPress dise\u00f1ado profesionalmente para firmas de abogados<\/li>\n<li>Dise\u00f1o limpio y moderno con esquemas de color personalizables<\/li>\n<li>El dise\u00f1o de respuesta m\u00f3vil garantiza la compatibilidad con todos los dispositivos<\/li>\n<li>Integraci\u00f3n perfecta con complementos populares como el formulario de contacto 7 y yoast SEO<\/li>\n<li>Sistema de navegaci\u00f3n robusto con m\u00faltiples opciones de men\u00fa<\/li>\n<li>Funci\u00f3n de reserva de citas incorporada para que los clientes programen consultas<\/li>\n<li>F\u00e1cil de administrar y actualizar con la interfaz intuitiva de backend de WordPress<\/li>\n<li>Equipo de soporte dedicado disponible para solicitudes de asistencia t\u00e9cnica y personalizaci\u00f3n<\/li>\n<li>Compatible con todos los principales navegadores web para el m\u00e1ximo alcance y accesibilidad<\/li>\n<\/ul>\n","protected":false},"excerpt":{"rendered":"<p>El tema de WordPress de McGill LawPress, una plantilla de sitio web meticulosamente dise\u00f1ada y exquisitamente dise\u00f1ada, atiende exclusivamente a las necesidades exigentes de las empresas legales. Su dise\u00f1o receptivo de vanguardia se adapta perfectamente a varios dispositivos, mientras que su esquema de color personalizable agrega un toque de sofisticaci\u00f3n y personalizaci\u00f3n. Con dise\u00f1os predise\u00f1ados de forma meticulosamente adaptada a perfiles de abogados, \u00e1reas de pr\u00e1ctica y testimonios, este tema es una opci\u00f3n ideal para las firmas de abogados que anhelan tallar una presencia en l\u00ednea distintiva. Adem\u00e1s, el tema cuenta con un sistema de administraci\u00f3n de contenido incre\u00edblemente f\u00e1cil de usar, que permite actualizaciones y modificaciones sin esfuerzo. Adem\u00e1s, su optimizaci\u00f3n de motores de b\u00fasqueda garantiza que su sitio web no solo atraiga la atenci\u00f3n, sino que tambi\u00e9n conserva a los clientes en masa.<\/p>\n","protected":false},"featured_media":166712,"comment_status":"open","ping_status":"open","template":"","meta":[],"product_brand":[2337],"product_cat":[1307,1237,1238],"product_tag":[1391],"class_list":{"0":"post-119596","1":"product","2":"type-product","3":"status-publish","4":"has-post-thumbnail","6":"product_brand-themeforest","7":"product_cat-negocio-wordpress-temas","8":"product_cat-temas","9":"product_cat-wordpress-temas","10":"product_tag-themeforest","11":"member-discount","12":"discount-restricted","14":"first","15":"instock","16":"sale","17":"downloadable","18":"virtual","19":"sold-individually","20":"purchasable","21":"product-type-simple"},"_links":{"self":[{"href":"https:\/\/gpl-love.com\/es\/wp-json\/wp\/v2\/product\/119596","targetHints":{"allow":["GET"]}}],"collection":[{"href":"https:\/\/gpl-love.com\/es\/wp-json\/wp\/v2\/product"}],"about":[{"href":"https:\/\/gpl-love.com\/es\/wp-json\/wp\/v2\/types\/product"}],"replies":[{"embeddable":true,"href":"https:\/\/gpl-love.com\/es\/wp-json\/wp\/v2\/comments?post=119596"}],"wp:featuredmedia":[{"embeddable":true,"href":"https:\/\/gpl-love.com\/es\/wp-json\/wp\/v2\/media\/166712"}],"wp:attachment":[{"href":"https:\/\/gpl-love.com\/es\/wp-json\/wp\/v2\/media?parent=119596"}],"wp:term":[{"taxonomy":"product_brand","embeddable":true,"href":"https:\/\/gpl-love.com\/es\/wp-json\/wp\/v2\/product_brand?post=119596"},{"taxonomy":"product_cat","embeddable":true,"href":"https:\/\/gpl-love.com\/es\/wp-json\/wp\/v2\/product_cat?post=119596"},{"taxonomy":"product_tag","embeddable":true,"href":"https:\/\/gpl-love.com\/es\/wp-json\/wp\/v2\/product_tag?post=119596"}],"curies":[{"name":"wp","href":"https:\/\/api.w.org\/{rel}","templated":true}]}}