{"id":119594,"date":"2025-10-23T00:00:00","date_gmt":"2025-10-23T05:00:00","guid":{"rendered":"https:\/\/gpl-love.com\/es\/?post_type=product&#038;p=119594"},"modified":"2026-03-13T17:21:04","modified_gmt":"2026-03-13T22:21:04","slug":"fototag-photography-wordpress-theme","status":"publish","type":"product","link":"https:\/\/gpl-love.com\/es\/producto\/fototag-photography-wordpress-theme\/","title":{"rendered":"Fototag Photography WordPress Theme 1.3.11"},"content":{"rendered":"<h3>Fototag Photography WordPress Theme Caracteristicas<\/h3>\n<p>El tema de WordPress de Fototag Photography es un tema altamente sofisticado y meticulosamente elaborado dise\u00f1ado espec\u00edficamente para satisfacer las necesidades exigentes de fot\u00f3grafos, artistas y otros profesionales creativos que est\u00e1n ansiosos por exhibir su trabajo ejemplar en un \u00e1mbito en l\u00ednea. Este tema extraordinario abarca una gran cantidad de atributos extraordinarios, como una multitud de dise\u00f1os de p\u00e1gina de inicio distintos y cautivadores, galer\u00edas que se pueden personalizar para adaptarse a su visi\u00f3n art\u00edstica, as\u00ed como controles deslizantes de p\u00e1gina completa que tienen el potencial de cautivarse y malmerizar a su audiencia, permiti\u00e9ndole presentar sus esfuerzos art\u00edsticos de la manera m\u00e1s llamativa y visualmente atractiva imaginable. Adem\u00e1s de estas caracter\u00edsticas excepcionales, el tema de WordPress de Fototag Photography est\u00e1 equipado con una funci\u00f3n de importaci\u00f3n de demostraci\u00f3n de un solo clic incre\u00edblemente conveniente y que ahorra tiempo, lo que lo permite establecer sin esfuerzo su sitio web y comenzar expeditadamente el proceso de personalizaci\u00f3n, asegurando que se alinea sin problemas con Su identidad de marca distintiva. Adem\u00e1s, este tema notable ha sido inmaculadamente optimizado para la funcionalidad de velocidad y motores de b\u00fasqueda, lo que garantiza la accesibilidad y la navegaci\u00f3n sin esfuerzo para su p\u00fablico objetivo, que sin duda gravitar\u00e1 hacia su impresionante cartera y se sumergir\u00e1 en el mundo cautivador que ha creado tan h\u00e1bilmente. A fin de cuentas, si est\u00e1 buscando un tema de WordPress de vanguardia, sofisticado e incre\u00edblemente f\u00e1cil de usar que sin duda mejorar\u00e1 y elevar\u00e1 su negocio de fotograf\u00eda a alturas sin precedentes, es inequ\u00edvocamente aconsejable contemplar seriamente el tema de Word Press de fotograf\u00eda notable.<\/p>\n<ul>\n<li>Dise\u00f1o personalizable y moderno para exhibir el trabajo de fotograf\u00eda<\/li>\n<li>Dise\u00f1o receptivo para una visualizaci\u00f3n \u00f3ptima en todos los dispositivos<\/li>\n<li>Integraci\u00f3n completa con WordPress para una f\u00e1cil gesti\u00f3n del contenido<\/li>\n<li>Plantillas preconstruidas para galer\u00edas, carteras y p\u00e1ginas de blogs<\/li>\n<li>Funcionalidad de b\u00fasqueda avanzada y filtros para una f\u00e1cil navegaci\u00f3n<\/li>\n<li>Integraci\u00f3n con complementos populares como WooCommerce y el Formulario de contacto 7<\/li>\n<li>Caja de luz incorporada para una f\u00e1cil visualizaci\u00f3n de im\u00e1genes<\/li>\n<li>M\u00faltiples opciones de color y fuente para que coincidan con la identidad de la marca<\/li>\n<li>Integraci\u00f3n de las redes sociales para compartir y promover el trabajo<\/li>\n<li>Apoyo profesional de los desarrolladores de temas.<\/li>\n<\/ul>\n","protected":false},"excerpt":{"rendered":"<p>Actualice su negocio de fotograf\u00eda al siguiente nivel con el tema de WordPress de Fototag Photography, una soluci\u00f3n robusta y vers\u00e1til que encapsula la verdadera esencia de su oficio. Con un dise\u00f1o elegante y moderno, este notable tema ofrece una amplia gama de caracter\u00edsticas y herramientas meticulosamente dise\u00f1adas para satisfacer todas sus necesidades, lo que le permite mostrar sus fotos impresionantes de la manera m\u00e1s cautivadora y encantadora imaginable. Ya sea que posea la experiencia de un profesional experimentado, la pasi\u00f3n desenfrenada de un entusiasta de la fotograf\u00eda o el toque creativo de un blogger dedicado, Fototag es el mejor compa\u00f1ero para usted. Navegando sin problemas a trav\u00e9s de su interfaz intuitiva, se sorprender\u00e1 de la gran cantidad de dise\u00f1os de galer\u00eda y opciones de personalizaci\u00f3n a su disposici\u00f3n, lo que le permite curar una cartera en l\u00ednea visualmente llamativa que incorpora su estilo \u00fanico y visi\u00f3n art\u00edstica. Adem\u00e1s, con su dise\u00f1o receptivo y marco optimizado por SEO, Fototag garantiza que su sitio web hipnotice a los visitantes en todos los dispositivos, asegurando una experiencia de usuario incomparable que sin duda atraer\u00e1 una afluencia a\u00fan mayor de admiradores. No pierda el tiempo en la escalada de su presencia en l\u00ednea y catapultando sus esfuerzos de fotograf\u00eda a alturas sin precedentes: adopte el poder transformador del tema de WordPress de Fototag Fotography hoy.<\/p>\n","protected":false},"featured_media":166162,"comment_status":"open","ping_status":"open","template":"","meta":[],"product_brand":[2337],"product_cat":[1267,1237,1238],"product_tag":[1391],"class_list":{"0":"post-119594","1":"product","2":"type-product","3":"status-publish","4":"has-post-thumbnail","6":"product_brand-themeforest","7":"product_cat-creativo","8":"product_cat-temas","9":"product_cat-wordpress-temas","10":"product_tag-themeforest","11":"member-discount","12":"discount-restricted","14":"first","15":"instock","16":"sale","17":"downloadable","18":"virtual","19":"sold-individually","20":"purchasable","21":"product-type-simple"},"_links":{"self":[{"href":"https:\/\/gpl-love.com\/es\/wp-json\/wp\/v2\/product\/119594","targetHints":{"allow":["GET"]}}],"collection":[{"href":"https:\/\/gpl-love.com\/es\/wp-json\/wp\/v2\/product"}],"about":[{"href":"https:\/\/gpl-love.com\/es\/wp-json\/wp\/v2\/types\/product"}],"replies":[{"embeddable":true,"href":"https:\/\/gpl-love.com\/es\/wp-json\/wp\/v2\/comments?post=119594"}],"wp:featuredmedia":[{"embeddable":true,"href":"https:\/\/gpl-love.com\/es\/wp-json\/wp\/v2\/media\/166162"}],"wp:attachment":[{"href":"https:\/\/gpl-love.com\/es\/wp-json\/wp\/v2\/media?parent=119594"}],"wp:term":[{"taxonomy":"product_brand","embeddable":true,"href":"https:\/\/gpl-love.com\/es\/wp-json\/wp\/v2\/product_brand?post=119594"},{"taxonomy":"product_cat","embeddable":true,"href":"https:\/\/gpl-love.com\/es\/wp-json\/wp\/v2\/product_cat?post=119594"},{"taxonomy":"product_tag","embeddable":true,"href":"https:\/\/gpl-love.com\/es\/wp-json\/wp\/v2\/product_tag?post=119594"}],"curies":[{"name":"wp","href":"https:\/\/api.w.org\/{rel}","templated":true}]}}