{"id":119590,"date":"2022-02-21T00:00:00","date_gmt":"2022-02-21T05:00:00","guid":{"rendered":"https:\/\/gpl-love.com\/es\/?post_type=product&#038;p=119590"},"modified":"2026-03-09T08:26:11","modified_gmt":"2026-03-09T13:26:11","slug":"woocommerce-ultimate-pricing","status":"publish","type":"product","link":"https:\/\/gpl-love.com\/es\/producto\/woocommerce-ultimate-pricing\/","title":{"rendered":"WooCommerce Ultimate Pricing 1.1.3"},"content":{"rendered":"<h3>WooCommerce Ultimate Pricing Caracteristicas<\/h3>\n<p>El complemento de precios de WooCommerce Ultimate es una herramienta invaluable para los propietarios de tiendas en l\u00ednea, ya que les permite establecer e implementar opciones de precios flexibles para su amplia gama de productos. Al proporcionar una interfaz f\u00e1cil de usar, este complemento ofrece a los propietarios de tiendas la oportunidad de generar reglas de precios personalizadas sin esfuerzo que dependan de varios factores, como la hora espec\u00edfica del d\u00eda, los grupos de clientes exclusivos y la cantidad de productos que se compran. Adem\u00e1s, este complemento excepcional otorga a los propietarios de tiendas la capacidad de ofrecer descuentos y promociones atractivos, que sin duda sirven como medios efectivos para cautivar una base de clientes m\u00e1s grande para sus pr\u00f3speros negocios en l\u00ednea. En consecuencia, el precio final de WooCommerce facilita la creaci\u00f3n de experiencias de compra a medida para los clientes, lo que permite a los propietarios de tiendas elevar con \u00e9xito sus ingresos por ventas y su rentabilidad general. Es muy claro, por lo tanto, que este complemento es un activo indispensable para cualquier tienda en l\u00ednea que busque establecer una presencia prominente y obtener una ventaja competitiva dentro de un mercado cada vez m\u00e1s saturado.<\/p>\n<ul>\n<li>Un complemento de precios avanzado para WooCommerce que ofrece una gama de caracter\u00edsticas potentes<\/li>\n<li>Permite a los propietarios de tiendas crear reglas de precios personalizadas basadas en diversos criterios, como la cantidad del producto, el rol de usuario y m\u00e1s<\/li>\n<li>Ideal para tiendas con grandes cat\u00e1logos de productos o estructuras de precios complejas<\/li>\n<li>Capacidad para crear reglas de precios din\u00e1micos que se ajusten en funci\u00f3n de condiciones espec\u00edficas como la hora del d\u00eda o la disponibilidad de existencias<\/li>\n<li>Admite m\u00faltiples niveles de precios para diferentes roles de usuario o grupos de clientes<\/li>\n<li>Actualizaciones de precios automatizadas cuando los precios del producto cambian o cuando se crean nuevas reglas<\/li>\n<li>Interfaz f\u00e1cil de usar con controles intuitivos y documentaci\u00f3n \u00fatil<\/li>\n<li>Compatible con las pasarelas de pago populares y las extensiones de WooCommerce<\/li>\n<li>M\u00faltiples opciones de personalizaci\u00f3n para adaptar las reglas de precios a sus necesidades espec\u00edficas<\/li>\n<li>Actualizaciones regulares y excelente soporte de los desarrolladores de complementos.<\/li>\n<\/ul>\n","protected":false},"excerpt":{"rendered":"<p>El precio final de WooCommerce se presenta como un instrumento extremadamente potente para los propietarios de tiendas en l\u00ednea que buscan adaptar sus estrategias de precios de acuerdo con sus preferencias. Este notable complemento faculta a los usuarios establecer sin esfuerzo regulaciones de precios intrincadas, que tienen en cuenta una amplia gama de factores, incluidos, entre otros, la cantidad, los atributos del producto, los roles de los usuarios y m\u00e1s. Si el objetivo en cuesti\u00f3n es extender los descuentos a clientes fieles, orquestar un evento de ventas r\u00e1pido y fugaz o incluso motivar compras sustanciales, el precio final de WooCommerce ofrece una soluci\u00f3n que lo abarca. Adem\u00e1s, su interfaz notablemente f\u00e1cil de usar y sus caracter\u00edsticas maniobrables sin esfuerzo hacen que el proceso de configurar y administrar este complemento sea un esfuerzo verdaderamente sin problemas. Al adoptar las capacidades formidables proporcionadas por los precios finales, uno puede llevar su tienda WooCommerce en un reino de mayor \u00e9xito, aumentando efectivamente las ventas y reforzando las fuentes de ingresos.<\/p>\n","protected":false},"featured_media":168294,"comment_status":"open","ping_status":"open","template":"","meta":[],"product_brand":[2339],"product_cat":[1207,1248,1206],"product_tag":[1256],"class_list":{"0":"post-119590","1":"product","2":"type-product","3":"status-publish","4":"has-post-thumbnail","6":"product_brand-codecanyon","7":"product_cat-comercio-electronico-plugins","8":"product_cat-personalizacion-comercio-electronico-plugins","9":"product_cat-plugins","10":"product_tag-codecanyon","11":"member-discount","12":"discount-restricted","14":"first","15":"instock","16":"sale","17":"downloadable","18":"virtual","19":"sold-individually","20":"purchasable","21":"product-type-simple"},"_links":{"self":[{"href":"https:\/\/gpl-love.com\/es\/wp-json\/wp\/v2\/product\/119590","targetHints":{"allow":["GET"]}}],"collection":[{"href":"https:\/\/gpl-love.com\/es\/wp-json\/wp\/v2\/product"}],"about":[{"href":"https:\/\/gpl-love.com\/es\/wp-json\/wp\/v2\/types\/product"}],"replies":[{"embeddable":true,"href":"https:\/\/gpl-love.com\/es\/wp-json\/wp\/v2\/comments?post=119590"}],"wp:featuredmedia":[{"embeddable":true,"href":"https:\/\/gpl-love.com\/es\/wp-json\/wp\/v2\/media\/168294"}],"wp:attachment":[{"href":"https:\/\/gpl-love.com\/es\/wp-json\/wp\/v2\/media?parent=119590"}],"wp:term":[{"taxonomy":"product_brand","embeddable":true,"href":"https:\/\/gpl-love.com\/es\/wp-json\/wp\/v2\/product_brand?post=119590"},{"taxonomy":"product_cat","embeddable":true,"href":"https:\/\/gpl-love.com\/es\/wp-json\/wp\/v2\/product_cat?post=119590"},{"taxonomy":"product_tag","embeddable":true,"href":"https:\/\/gpl-love.com\/es\/wp-json\/wp\/v2\/product_tag?post=119590"}],"curies":[{"name":"wp","href":"https:\/\/api.w.org\/{rel}","templated":true}]}}