{"id":119588,"date":"2024-10-06T00:00:00","date_gmt":"2024-10-06T05:00:00","guid":{"rendered":"https:\/\/gpl-love.com\/es\/?post_type=product&#038;p=119588"},"modified":"2026-03-09T08:25:12","modified_gmt":"2026-03-09T13:25:12","slug":"woocommerce-segmentio-integration","status":"publish","type":"product","link":"https:\/\/gpl-love.com\/es\/producto\/woocommerce-segmentio-integration\/","title":{"rendered":"WooCommerce Segment.io Integration 2.2.0"},"content":{"rendered":"<h3>WooCommerce Segment.io Integration Caracteristicas<\/h3>\n<p>La integraci\u00f3n de WooCommerce Segment.io, una herramienta incre\u00edblemente robusta y efectiva, permite a las empresas establecer sin esfuerzo una conexi\u00f3n perfecta entre su tienda WooCommerce y la aclamada plataforma Segment.io. Esta integraci\u00f3n ofrece la notable capacidad de monitorear y analizar diligentemente el comportamiento e interacciones del cliente en una extensa gama de canales y dispositivos, que abarca no solo las aplicaciones y sitios web m\u00f3viles, sino tambi\u00e9n varias plataformas de redes sociales. Con la implementaci\u00f3n de esta invaluable integraci\u00f3n, las empresas tambi\u00e9n pueden obtener datos notablemente perspicaces relacionados con las preferencias del cliente, el historial de compras y una variedad de otras m\u00e9tricas fundamentales que sirven como ayudas indispensables para mejorar sus estrategias de marketing y ventas. En consecuencia, es inequ\u00edvocamente evidente que la integraci\u00f3n del segmento WooCommerce.io personifica una soluci\u00f3n esencial e indispensable para cualquier empresa que aspire a optimizar la gesti\u00f3n de datos de sus clientes y obtener una ventaja competitiva incomparable dentro del paisaje digital contempor\u00e1neo.<\/p>\n<ul>\n<li>Integre perfectamente su tienda WooCommerce con Segment.io<\/li>\n<li>Rastrear f\u00e1cilmente el comportamiento del cliente y reunir informaci\u00f3n valiosa sobre sus h\u00e1bitos de compra<\/li>\n<li>La poderosa plataforma de an\u00e1lisis de segmento.io le permite crear campa\u00f1as de marketing m\u00e1s espec\u00edficas<\/li>\n<li>Con\u00e9ctese con una amplia gama de herramientas y plataformas de marketing a trav\u00e9s de Segment.io, incluidos Google Analytics, anuncios de Facebook y m\u00e1s<\/li>\n<li>Agilice sus flujos de trabajo de marketing y an\u00e1lisis automatizando la recopilaci\u00f3n y an\u00e1lisis de datos<\/li>\n<li>Rastrear y analizar el comportamiento de compra de los clientes, incluidos los productos que compran, cuando compran y cu\u00e1nto gastan<\/li>\n<li>Use estos datos para crear campa\u00f1as de marketing m\u00e1s efectivas, mejorar las estrategias de retenci\u00f3n de clientes e impulsar m\u00e1s ventas a su tienda.<\/li>\n<\/ul>\n","protected":false},"excerpt":{"rendered":"<p>La integraci\u00f3n de WooCommerce Segment.io es una herramienta incre\u00edblemente robusta e influyente que establece sin esfuerzo una conexi\u00f3n perfecta entre su tienda en l\u00ednea de WooCommerce y la plataforma Segment.io altamente potente. Por medio de esta integraci\u00f3n, est\u00e1 facultado para capturar, analizar y aprovechar los valiosos datos de los clientes de su tienda, entregando as\u00ed visiones profundas sobre las complejas complejidades del comportamiento y las preferencias del cliente. Con la ayuda de la integraci\u00f3n de WooCommerce Segment.io, posee la capacidad de optimizar sus estrategias de marketing y ventas, mejorar sustancialmente la participaci\u00f3n del cliente y la experiencia general, y impulsar sin esfuerzo el crecimiento de sus ingresos. Esta soluci\u00f3n es adecuada para los comerciantes en l\u00ednea experimentados que han adquirido una gran experiencia, as\u00ed como para aquellos que se est\u00e1n embarcando en su viaje, ya que le proporciona las ideas y an\u00e1lisis indispensables que son esenciales para lograr la prosperidad en la E ferozmente competitiva de hoy en d\u00eda -Anmmerce Realm.<\/p>\n","protected":false},"featured_media":168255,"comment_status":"open","ping_status":"open","template":"","meta":[],"product_brand":[2344],"product_cat":[1207,1225,1206],"product_tag":[1423],"class_list":{"0":"post-119588","1":"product","2":"type-product","3":"status-publish","4":"has-post-thumbnail","6":"product_brand-woocommerce","7":"product_cat-comercio-electronico-plugins","8":"product_cat-marketing","9":"product_cat-plugins","10":"product_tag-woocommerce","11":"member-discount","12":"discount-restricted","14":"first","15":"instock","16":"sale","17":"downloadable","18":"virtual","19":"sold-individually","20":"purchasable","21":"product-type-simple"},"_links":{"self":[{"href":"https:\/\/gpl-love.com\/es\/wp-json\/wp\/v2\/product\/119588","targetHints":{"allow":["GET"]}}],"collection":[{"href":"https:\/\/gpl-love.com\/es\/wp-json\/wp\/v2\/product"}],"about":[{"href":"https:\/\/gpl-love.com\/es\/wp-json\/wp\/v2\/types\/product"}],"replies":[{"embeddable":true,"href":"https:\/\/gpl-love.com\/es\/wp-json\/wp\/v2\/comments?post=119588"}],"wp:featuredmedia":[{"embeddable":true,"href":"https:\/\/gpl-love.com\/es\/wp-json\/wp\/v2\/media\/168255"}],"wp:attachment":[{"href":"https:\/\/gpl-love.com\/es\/wp-json\/wp\/v2\/media?parent=119588"}],"wp:term":[{"taxonomy":"product_brand","embeddable":true,"href":"https:\/\/gpl-love.com\/es\/wp-json\/wp\/v2\/product_brand?post=119588"},{"taxonomy":"product_cat","embeddable":true,"href":"https:\/\/gpl-love.com\/es\/wp-json\/wp\/v2\/product_cat?post=119588"},{"taxonomy":"product_tag","embeddable":true,"href":"https:\/\/gpl-love.com\/es\/wp-json\/wp\/v2\/product_tag?post=119588"}],"curies":[{"name":"wp","href":"https:\/\/api.w.org\/{rel}","templated":true}]}}