{"id":119572,"date":"2026-03-13T00:00:00","date_gmt":"2026-03-13T05:00:00","guid":{"rendered":"https:\/\/gpl-love.com\/es\/?post_type=product&#038;p=119572"},"modified":"2026-03-13T11:16:56","modified_gmt":"2026-03-13T16:16:56","slug":"yaymail-woocommerce-email-customizer","status":"publish","type":"product","link":"https:\/\/gpl-love.com\/es\/producto\/yaymail-woocommerce-email-customizer\/","title":{"rendered":"YayMail Pro WooCommerce Email Customizer 4.3.4"},"content":{"rendered":"<h3>YayMail Pro WooCommerce Email Customizer Caracteristicas<\/h3>\n<p>YayMail WooCommerce Correo electr\u00f3nico Customizer es una herramienta altamente encomiable que le otorga la capacidad de dise\u00f1ar intrincadamente correos electr\u00f3nicos est\u00e9ticamente agradables y extremadamente profesionales para su tienda de WooCommerce. Este notable complemento le otorga la maravillosa oportunidad de personalizar y adaptar las plantillas de correo electr\u00f3nico que se difunden a sus estimados clientes, que abarca una variedad de notificaciones como confirmaciones de pedidos, confirmaciones de env\u00edo y mucho m\u00e1s. La interfaz de usuario, que ofrece esta herramienta, es indudablemente f\u00e1cil de usar y navegar a trav\u00e9s del surtido opulento de opciones de personalizaci\u00f3n es una brisa absoluta. El alcance de la personalizaci\u00f3n es ilimitado, ya que puede modificar sin esfuerzo las fuentes, colores, im\u00e1genes e incluso incorporar su propio logotipo, conferir as\u00ed a sus correos electr\u00f3nicos una singularidad incomparable que est\u00e1 alineada con su marca. Adem\u00e1s, vale la pena se\u00f1alar que el personalizador de correo electr\u00f3nico de Yaymail WooCommerce es asombrosamente receptivo, asegurando que sus correos electr\u00f3nicos meticulosamente elaborados parezcan resplandecientes e inmaculados en cualquier dispositivo. Sin lugar a dudas, invertir en este complemento es una decisi\u00f3n extremadamente sabia para cualquier persona que anhele mejorar la experiencia del cliente y fomentar un mayor compromiso con su tienda de WooCommerce.<\/p>\n<ul>\n<li>Yaymail es un personalizador de correo electr\u00f3nico de WooCommerce<\/li>\n<li>Le permite personalizar completamente los correos electr\u00f3nicos enviados a los clientes despu\u00e9s de cada compra.<\/li>\n<li>Elija entre m\u00faltiples plantillas predise\u00f1adas o cree las suyas desde cero.<\/li>\n<li>Personaliza todo, desde el encabezado y el pie de p\u00e1gina hasta el texto e im\u00e1genes del cuerpo.<\/li>\n<li>Agregue contenido din\u00e1mico como detalles del pedido e informaci\u00f3n del cliente.<\/li>\n<li>Vista previa de sus correos electr\u00f3nicos personalizados antes de enviarlos.<\/li>\n<li>Impresione a sus clientes con correos electr\u00f3nicos personalizados y de aspecto profesional.<\/li>\n<li>Cree lealtad a la marca y aumente la participaci\u00f3n del cliente.<\/li>\n<li>F\u00e1cil de usar e instalar con un conocimiento de codificaci\u00f3n m\u00ednimo requerido.<\/li>\n<li>Compatible con todos los temas de WordPress y versiones de WooCommerce.<\/li>\n<\/ul>\n","protected":false},"excerpt":{"rendered":"<p>Yaymail, un notable personalizador de correo electr\u00f3nico de WooCommerce, es una herramienta excepcional que facilita la creaci\u00f3n de plantillas de correo electr\u00f3nico exquisitamente dise\u00f1adas y cautivadoras para su estimada tienda en l\u00ednea. A trav\u00e9s de la utilizaci\u00f3n de Yaymail, se le brinda la oportunidad de adaptar sin esfuerzo su confirmaci\u00f3n de pedido, confirmaci\u00f3n de env\u00edo y varios otros correos electr\u00f3nicos transaccionales alineados con su marca, lo que finalmente aumenta la participaci\u00f3n del cliente. La incorporaci\u00f3n de Yaymail presenta una interfaz de arrastre y ca\u00edda f\u00e1cil de usar, junto con una gran cantidad de impresionantes plantillas, elevando el proceso de personalizaci\u00f3n. Adem\u00e1s, esta herramienta excepcional cuenta con capacidades avanzadas como contenido condicional, variables din\u00e1micas y an\u00e1lisis de correo electr\u00f3nico, estableciendo as\u00ed un nivel incomparable de sofisticaci\u00f3n. Al aprovechar el poder de Yaymail, puede refinar sin esfuerzo su estrategia de marketing por correo electr\u00f3nico, fomentando en consecuencia un mayor sentido de lealtad del cliente y aumentando sustancialmente el valor de por vida.<\/p>\n","protected":false},"featured_media":168573,"comment_status":"open","ping_status":"open","template":"","meta":[],"product_brand":[2651],"product_cat":[1207,1248,1206],"product_tag":[2278],"class_list":{"0":"post-119572","1":"product","2":"type-product","3":"status-publish","4":"has-post-thumbnail","6":"product_brand-yaycommerce","7":"product_cat-comercio-electronico-plugins","8":"product_cat-personalizacion-comercio-electronico-plugins","9":"product_cat-plugins","10":"product_tag-yaycommerce","11":"member-discount","12":"discount-restricted","14":"first","15":"instock","16":"sale","17":"downloadable","18":"virtual","19":"sold-individually","20":"purchasable","21":"product-type-simple"},"_links":{"self":[{"href":"https:\/\/gpl-love.com\/es\/wp-json\/wp\/v2\/product\/119572","targetHints":{"allow":["GET"]}}],"collection":[{"href":"https:\/\/gpl-love.com\/es\/wp-json\/wp\/v2\/product"}],"about":[{"href":"https:\/\/gpl-love.com\/es\/wp-json\/wp\/v2\/types\/product"}],"replies":[{"embeddable":true,"href":"https:\/\/gpl-love.com\/es\/wp-json\/wp\/v2\/comments?post=119572"}],"wp:featuredmedia":[{"embeddable":true,"href":"https:\/\/gpl-love.com\/es\/wp-json\/wp\/v2\/media\/168573"}],"wp:attachment":[{"href":"https:\/\/gpl-love.com\/es\/wp-json\/wp\/v2\/media?parent=119572"}],"wp:term":[{"taxonomy":"product_brand","embeddable":true,"href":"https:\/\/gpl-love.com\/es\/wp-json\/wp\/v2\/product_brand?post=119572"},{"taxonomy":"product_cat","embeddable":true,"href":"https:\/\/gpl-love.com\/es\/wp-json\/wp\/v2\/product_cat?post=119572"},{"taxonomy":"product_tag","embeddable":true,"href":"https:\/\/gpl-love.com\/es\/wp-json\/wp\/v2\/product_tag?post=119572"}],"curies":[{"name":"wp","href":"https:\/\/api.w.org\/{rel}","templated":true}]}}