{"id":119563,"date":"2022-01-30T00:00:00","date_gmt":"2022-01-30T05:00:00","guid":{"rendered":"https:\/\/gpl-love.com\/es\/?post_type=product&#038;p=119563"},"modified":"2026-04-10T11:17:58","modified_gmt":"2026-04-10T16:17:58","slug":"mythemeshop-designer-wordpress-theme","status":"publish","type":"product","link":"https:\/\/gpl-love.com\/es\/producto\/mythemeshop-designer-wordpress-theme\/","title":{"rendered":"MyThemeShop Designer WordPress Theme 1.0.14"},"content":{"rendered":"<h3>MyThemeShop Designer WordPress Theme Caracteristicas<\/h3>\n<p>El tema del dise\u00f1ador de Mythemeshop WordPress, con su innumerable opciones de dise\u00f1o personalizables e interfaz de usuario elegante, se presenta como un tema excepcionalmente potente y vers\u00e1til que atiende a cualquier tipo de sitio web. Con una apariencia distintiva y profesional, este tema extiende una est\u00e9tica \u00fanica y refinada a su dominio en l\u00ednea. Equipado con una variedad de caracter\u00edsticas, como capacidad de respuesta, widgets personalizados y c\u00f3digos cortos, este tema facilita la creaci\u00f3n perfecta y sin esfuerzo de p\u00e1ginas y publicaciones visualmente llamativas. Adem\u00e1s, su inclusi\u00f3n de un panel de opciones robusto le permite personalizar cada faceta de su sitio web, abarcar esquemas de color, tipograf\u00eda, dise\u00f1os y m\u00e1s. Independientemente de si se identifica como blogger, propietario de negocios o freelancer, el tema del dise\u00f1ador de Mythemeshop WordPress se destaca como una opci\u00f3n ideal para cualquier persona que tenga como objetivo forjar una presencia en l\u00ednea cautivadora y pulida.<\/p>\n<ul>\n<li>Dise\u00f1o personalizable y est\u00e9ticamente agradable espec\u00edficamente para sitios web de WordPress<\/li>\n<li>El dise\u00f1o 100% receptivo garantiza la compatibilidad con todos los dispositivos y tama\u00f1os de pantalla<\/li>\n<li>Incluye una variedad de plantillas prefabricadas para varios tipos de contenido, incluidas publicaciones de blog, carteras y p\u00e1ginas de destino<\/li>\n<li>Integraci\u00f3n de redes sociales incorporadas para aumentar el compromiso y la Shareability of Content<\/li>\n<li>SEO optimizado para mejorar la clasificaci\u00f3n de los motores de b\u00fasqueda y aumentar el tr\u00e1fico org\u00e1nico<\/li>\n<li>Interfaz de arrastrar y soltar f\u00e1cil de usar para una personalizaci\u00f3n simple sin ning\u00fan conocimiento de codificaci\u00f3n necesario<\/li>\n<li>Incluye una variedad de widgets, opciones y c\u00f3digos cortos para una funcionalidad y personalizaci\u00f3n adicionales.<\/li>\n<li>Actualizaciones y soporte regulares del equipo Mythemeshop para garantizar un rendimiento y compatibilidad \u00f3ptimos.<\/li>\n<\/ul>\n","protected":false},"excerpt":{"rendered":"<p>El tema del dise\u00f1ador Mythemeshop WordPress es una plataforma excepcional que le permite exhibir su creatividad y construir un sitio web que sea profesional y visualmente cautivador. Este tema est\u00e1 enriquecido con una gran cantidad de caracter\u00edsticas de dise\u00f1o modernas, que le presenta numerosas opciones de dise\u00f1o, widgets personalizables y herramientas de tipograf\u00eda avanzadas que le otorgan autonom\u00eda completa sobre la est\u00e9tica visual de su sitio web. Adem\u00e1s, debido a su dise\u00f1o receptivo, su sitio web exudar\u00e1 la magnificencia en cualquier dispositivo, independientemente del tama\u00f1o o resoluci\u00f3n de su pantalla. Adem\u00e1s, la codificaci\u00f3n limpia empleada en este tema garantiza tiempos de carga r\u00e1pidos, mejorando as\u00ed la experiencia del usuario para sus valiosos visitantes. Independientemente de si se identifica como blogger, profesional independiente o propietario de un negocio, el tema del dise\u00f1ador de Mythemeshop WordPress es una herramienta invaluable que sin duda aumentar\u00e1 su presencia en l\u00ednea y generar\u00e1 un impacto indeleble en su audiencia.<\/p>\n","protected":false},"featured_media":166896,"comment_status":"open","ping_status":"open","template":"","meta":[],"product_brand":[2505],"product_cat":[1267,1237,1238],"product_tag":[1334],"class_list":{"0":"post-119563","1":"product","2":"type-product","3":"status-publish","4":"has-post-thumbnail","6":"product_brand-my-theme-shop","7":"product_cat-creativo","8":"product_cat-temas","9":"product_cat-wordpress-temas","10":"product_tag-my-theme-shop","11":"member-discount","12":"discount-restricted","14":"first","15":"instock","16":"sale","17":"downloadable","18":"virtual","19":"sold-individually","20":"purchasable","21":"product-type-simple"},"_links":{"self":[{"href":"https:\/\/gpl-love.com\/es\/wp-json\/wp\/v2\/product\/119563","targetHints":{"allow":["GET"]}}],"collection":[{"href":"https:\/\/gpl-love.com\/es\/wp-json\/wp\/v2\/product"}],"about":[{"href":"https:\/\/gpl-love.com\/es\/wp-json\/wp\/v2\/types\/product"}],"replies":[{"embeddable":true,"href":"https:\/\/gpl-love.com\/es\/wp-json\/wp\/v2\/comments?post=119563"}],"wp:featuredmedia":[{"embeddable":true,"href":"https:\/\/gpl-love.com\/es\/wp-json\/wp\/v2\/media\/166896"}],"wp:attachment":[{"href":"https:\/\/gpl-love.com\/es\/wp-json\/wp\/v2\/media?parent=119563"}],"wp:term":[{"taxonomy":"product_brand","embeddable":true,"href":"https:\/\/gpl-love.com\/es\/wp-json\/wp\/v2\/product_brand?post=119563"},{"taxonomy":"product_cat","embeddable":true,"href":"https:\/\/gpl-love.com\/es\/wp-json\/wp\/v2\/product_cat?post=119563"},{"taxonomy":"product_tag","embeddable":true,"href":"https:\/\/gpl-love.com\/es\/wp-json\/wp\/v2\/product_tag?post=119563"}],"curies":[{"name":"wp","href":"https:\/\/api.w.org\/{rel}","templated":true}]}}