{"id":119561,"date":"2021-11-17T00:00:00","date_gmt":"2021-11-17T05:00:00","guid":{"rendered":"https:\/\/gpl-love.com\/es\/?post_type=product&#038;p=119561"},"modified":"2026-03-13T17:30:56","modified_gmt":"2026-03-13T22:30:56","slug":"theme-palace-legit-news-pro","status":"publish","type":"product","link":"https:\/\/gpl-love.com\/es\/producto\/theme-palace-legit-news-pro\/","title":{"rendered":"Theme Palace Legit News Pro 1.0.3"},"content":{"rendered":"<h3>Theme Palace Legit News Pro Caracteristicas<\/h3>\n<p>El tema del Palacio Legit News Pro es un tema de WordPress de noticias extremadamente potente y vers\u00e1til que ha sido complejo para satisfacer los requisitos espec\u00edficos de los portales de noticias en l\u00ednea, revistas y blogs. Con un dise\u00f1o elegante y contempor\u00e1neo, este tema le da una sensaci\u00f3n de profesionalismo y refinamiento a su sitio web. Lo que distingue a este tema es su capacidad de respuesta completa, lo que la hace perfectamente compatible con cualquier dispositivo y su amplia gama de opciones de personalizaci\u00f3n, que incluyen una variedad de esquemas de color, acceso a las fuentes de Google y la provisi\u00f3n de widgets personalizados. Adem\u00e1s, este tema ha sido meticulosamente optimizado para el SEO, lo que aumenta la probabilidad de que su sitio web obtenga una clasificaci\u00f3n m\u00e1s alta en los motores de b\u00fasqueda. Equipado con una gran cantidad de caracter\u00edsticas avanzadas, como tipos de publicaciones personalizados y formatos de publicaci\u00f3n, el Legit News Pro surge como la opci\u00f3n perfecta para los editores en busca de un tema rico en caracter\u00edsticas y f\u00e1cil de usar. A fin de cuentas, el tema del Palacio Legit News Pro surge indudablemente como el tema por excelencia para las personas que desean dise\u00f1ar un sitio web de noticias excepcionalmente profesional y fascinante.<\/p>\n<ul>\n<li>Tema de dise\u00f1o personalizable y receptivo para sitios web de noticias<\/li>\n<li>Viene con contenido de demostraci\u00f3n previamente construido para comenzar r\u00e1pidamente<\/li>\n<li>Varios widgets y caracter\u00edsticas como publicaciones populares, ticker de noticias de \u00faltima hora e integraci\u00f3n de redes sociales<\/li>\n<li>Opciones para dise\u00f1os m\u00faltiples de encabezado y pie de p\u00e1gina<\/li>\n<li>Optimizaci\u00f3n de SEO incorporada para una mejor clasificaci\u00f3n de motores de b\u00fasqueda<\/li>\n<li>Compatible con complementos populares de WordPress como WooCommerce y Yoast SEO<\/li>\n<li>Actualizaciones regulares y atenci\u00f3n al cliente del equipo del Palacio del tema<\/li>\n<li>Cumple con GDPR y traducci\u00f3n lista para el alcance de la audiencia global.<\/li>\n<\/ul>\n","protected":false},"excerpt":{"rendered":"<p>Temo Palace Legit News Pro es un tema de WordPress de WordPress y revistas excinados, innovadoras, innovadoras y de elogio que ha sido meticulosamente elaborado para otorgar una est\u00e9tica contempor\u00e1nea y pulida a su estimado sitio web. Adem\u00e1s de su dise\u00f1o inherentemente adaptable y receptivo, este tema incomparable ofrece una variedad de opciones de personalizaci\u00f3n avanzada, otorg\u00e1ndole la oportunidad incomparable de forjar una identidad en l\u00ednea hecha a medida y cautivadora para su estimada plataforma de noticias y revistas. Boasting an impressive multitude of cutting-edge features, including but not limited to a seamlessly constructed category block, prominently showcased featured posts, and seamless social media integration, Theme Palace Legit News Pro unequivocally emerges as the quintessential choice for any discerning online publication yearning to hacer una impresi\u00f3n indeleble.<\/p>\n","protected":false},"featured_media":167725,"comment_status":"open","ping_status":"open","template":"","meta":[],"product_brand":[2577],"product_cat":[1267,1237,1238],"product_tag":[2218],"class_list":{"0":"post-119561","1":"product","2":"type-product","3":"status-publish","4":"has-post-thumbnail","6":"product_brand-theme-palace","7":"product_cat-creativo","8":"product_cat-temas","9":"product_cat-wordpress-temas","10":"product_tag-theme-palace","11":"member-discount","12":"discount-restricted","14":"first","15":"instock","16":"sale","17":"downloadable","18":"virtual","19":"sold-individually","20":"purchasable","21":"product-type-simple"},"_links":{"self":[{"href":"https:\/\/gpl-love.com\/es\/wp-json\/wp\/v2\/product\/119561","targetHints":{"allow":["GET"]}}],"collection":[{"href":"https:\/\/gpl-love.com\/es\/wp-json\/wp\/v2\/product"}],"about":[{"href":"https:\/\/gpl-love.com\/es\/wp-json\/wp\/v2\/types\/product"}],"replies":[{"embeddable":true,"href":"https:\/\/gpl-love.com\/es\/wp-json\/wp\/v2\/comments?post=119561"}],"wp:featuredmedia":[{"embeddable":true,"href":"https:\/\/gpl-love.com\/es\/wp-json\/wp\/v2\/media\/167725"}],"wp:attachment":[{"href":"https:\/\/gpl-love.com\/es\/wp-json\/wp\/v2\/media?parent=119561"}],"wp:term":[{"taxonomy":"product_brand","embeddable":true,"href":"https:\/\/gpl-love.com\/es\/wp-json\/wp\/v2\/product_brand?post=119561"},{"taxonomy":"product_cat","embeddable":true,"href":"https:\/\/gpl-love.com\/es\/wp-json\/wp\/v2\/product_cat?post=119561"},{"taxonomy":"product_tag","embeddable":true,"href":"https:\/\/gpl-love.com\/es\/wp-json\/wp\/v2\/product_tag?post=119561"}],"curies":[{"name":"wp","href":"https:\/\/api.w.org\/{rel}","templated":true}]}}