{"id":119557,"date":"2022-04-09T00:00:00","date_gmt":"2022-04-09T05:00:00","guid":{"rendered":"https:\/\/gpl-love.com\/es\/?post_type=product&#038;p=119557"},"modified":"2026-03-13T17:32:00","modified_gmt":"2026-03-13T22:32:00","slug":"trendustry-industrial-y-manufacturing-wordpress-theme","status":"publish","type":"product","link":"https:\/\/gpl-love.com\/es\/producto\/trendustry-industrial-y-manufacturing-wordpress-theme\/","title":{"rendered":"Trendustry Industrial y Manufacturing WordPress Theme 1.0.8"},"content":{"rendered":"<h3>Trendustry Industrial y Manufacturing WordPress Theme Caracteristicas<\/h3>\n<p>Trendustry, un tema de WordPress altamente potente dise\u00f1ado espec\u00edficamente para sitios web industriales y de fabricaci\u00f3n, cuenta con un dise\u00f1o elegante y contempor\u00e1neo que cautiva sin esfuerzo a los usuarios. Este tema fenomenal ofrece una variedad de caracter\u00edsticas y dise\u00f1os personalizables, lo que empodera a las empresas para exhibir sin esfuerzo sus productos y servicios de la manera m\u00e1s impactante. Adem\u00e1s, la interfaz de usuarios y el dise\u00f1o adaptable de Trendendustry aseguran una experiencia de navegaci\u00f3n perfecta y agradable en todos los dispositivos, que atienden las diversas preferencias de los visitantes. M\u00e1s all\u00e1 de su atractivo est\u00e9tico, la tendencia de tendencia presenta una gran cantidad de funcionalidades avanzadas, incluida la capacidad de personalizar los controles deslizantes, integrar sin problemas las plataformas de redes sociales y facilitar la comunicaci\u00f3n f\u00e1cil a trav\u00e9s de una forma de contacto integral. En resumen, la tendencia emerge como una soluci\u00f3n inigualable para las empresas que buscan fortalecer su presencia en l\u00ednea y mostrar efectivamente su destreza industrial o de fabricaci\u00f3n.<\/p>\n<ul>\n<li>Perfecto para negocios industriales y de fabricaci\u00f3n<\/li>\n<li>Totalmente personalizable y f\u00e1cil de usar<\/li>\n<li>Dise\u00f1o receptivo para dispositivos m\u00f3viles y de escritorio<\/li>\n<li>Incluye una variedad de p\u00e1ginas y dise\u00f1os predise\u00f1ados<\/li>\n<li>Formularios de contacto incorporados e integraci\u00f3n de Google Maps<\/li>\n<li>Compatible con complementos populares como WooCommerce y Google Analytics<\/li>\n<li>Incluye opciones para exhibir productos, servicios y miembros del equipo.<\/li>\n<li>SEO optimizado para una mejor clasificaci\u00f3n de motores de b\u00fasqueda<\/li>\n<li>Atenci\u00f3n al cliente 24\/7 y documentaci\u00f3n detallada.<\/li>\n<\/ul>\n","protected":false},"excerpt":{"rendered":"<p>El tema de WordPress Industrial y de fabricaci\u00f3n de tendencia se presenta como una soluci\u00f3n ideal adaptada a las empresas que operan dentro de los \u00e1mbitos de las industrias industriales y de fabricaci\u00f3n. Su dise\u00f1o moderno y receptivo sirve como la plataforma ideal para exhibir sus productos y servicios de manera visualmente atractiva. Adem\u00e1s, las opciones de personalizaci\u00f3n f\u00e1ciles del tema y el panel de administraci\u00f3n robusto lo capacitan para crear r\u00e1pidamente y sin esfuerzo un sitio web profesional que lo distingue de sus competidores. Adem\u00e1s, este tema abarca una variedad de caracter\u00edsticas pr\u00e1cticas como la integraci\u00f3n de WooCommerce, la optimizaci\u00f3n de SEO y mucho m\u00e1s, todo lo cual impulsa su presencia en l\u00ednea a nuevas alturas. Por lo tanto, si busca un tema confiable y f\u00e1cil de usar que refuerza el crecimiento de su negocio, el tema de WordPress industrial y de fabricaci\u00f3n de la tendencia, sin duda, garantiza su consideraci\u00f3n.<\/p>\n","protected":false},"featured_media":167853,"comment_status":"open","ping_status":"open","template":"","meta":[],"product_brand":[2337],"product_cat":[1307,1237,1238],"product_tag":[1391],"class_list":{"0":"post-119557","1":"product","2":"type-product","3":"status-publish","4":"has-post-thumbnail","6":"product_brand-themeforest","7":"product_cat-negocio-wordpress-temas","8":"product_cat-temas","9":"product_cat-wordpress-temas","10":"product_tag-themeforest","11":"member-discount","12":"discount-restricted","14":"first","15":"instock","16":"sale","17":"downloadable","18":"virtual","19":"sold-individually","20":"purchasable","21":"product-type-simple"},"_links":{"self":[{"href":"https:\/\/gpl-love.com\/es\/wp-json\/wp\/v2\/product\/119557","targetHints":{"allow":["GET"]}}],"collection":[{"href":"https:\/\/gpl-love.com\/es\/wp-json\/wp\/v2\/product"}],"about":[{"href":"https:\/\/gpl-love.com\/es\/wp-json\/wp\/v2\/types\/product"}],"replies":[{"embeddable":true,"href":"https:\/\/gpl-love.com\/es\/wp-json\/wp\/v2\/comments?post=119557"}],"wp:featuredmedia":[{"embeddable":true,"href":"https:\/\/gpl-love.com\/es\/wp-json\/wp\/v2\/media\/167853"}],"wp:attachment":[{"href":"https:\/\/gpl-love.com\/es\/wp-json\/wp\/v2\/media?parent=119557"}],"wp:term":[{"taxonomy":"product_brand","embeddable":true,"href":"https:\/\/gpl-love.com\/es\/wp-json\/wp\/v2\/product_brand?post=119557"},{"taxonomy":"product_cat","embeddable":true,"href":"https:\/\/gpl-love.com\/es\/wp-json\/wp\/v2\/product_cat?post=119557"},{"taxonomy":"product_tag","embeddable":true,"href":"https:\/\/gpl-love.com\/es\/wp-json\/wp\/v2\/product_tag?post=119557"}],"curies":[{"name":"wp","href":"https:\/\/api.w.org\/{rel}","templated":true}]}}