{"id":119555,"date":"2022-03-08T00:00:00","date_gmt":"2022-03-08T05:00:00","guid":{"rendered":"https:\/\/gpl-love.com\/es\/?post_type=product&#038;p=119555"},"modified":"2026-04-10T11:22:05","modified_gmt":"2026-04-10T16:22:05","slug":"price-commander-para-woocommerce","status":"publish","type":"product","link":"https:\/\/gpl-love.com\/es\/producto\/price-commander-para-woocommerce\/","title":{"rendered":"Price Commander para WooCommerce 1.3.2"},"content":{"rendered":"<h3>Price Commander para WooCommerce Caracteristicas<\/h3>\n<p>Price Commander para WooCommerce es un complemento notablemente robusto que le otorga la capacidad de personalizar y adaptar sin esfuerzo los precios y los descuentos presentados en su emporio digital. Con una amplia gama de funcionalidades, este complemento le permite establecer y configurar regulaciones y pautas de precios din\u00e1micos que dependan de una mir\u00edada de determinantes como categor\u00edas de productos, roles de usuario, historial de compras y muchos m\u00e1s. Adem\u00e1s, este complemento excepcional extiende su versatilidad al proporcionar una gran cantidad de alternativas de descuento flexibles que incluyen descuentos porcentuales, descuentos de cantidad fija y lucrativas promociones de compra de una sola vez. Con su interfaz de usuario intuitivamente dise\u00f1ada, Price Commander simplifica el proceso de gesti\u00f3n de sus estrategias de precios al tiempo que le proporciona simult\u00e1neamente los medios para monitorear y evaluar meticulosamente la eficacia y la potencia de sus esfuerzos promocionales. A fin de cuentas, el comandante de Price indiscutiblemente asume el manto de ser una herramienta indispensable para cualquier propietario de la tienda de WooCommerce que aspira a optimizar sus estructuras de precios, lo que genera un impulso sustancial en sus cifras de ventas.<\/p>\n<ul>\n<li>Le ayuda a establecer reglas de precios din\u00e1micos para su tienda WooCommerce<\/li>\n<li>Automatiza el proceso de ajuste de los precios en funci\u00f3n de varios factores como la duraci\u00f3n del pedido, el n\u00famero de art\u00edculos y la lealtad del cliente<\/li>\n<li>Le permite establecer descuentos y marcas en diferentes productos o categor\u00edas<\/li>\n<li>Facilita la creaci\u00f3n de bogo (comprar uno) y las ventas de paquetes<\/li>\n<li>Le permite configurar ofertas programadas de ventas, ventas flash y por tiempo limitado<\/li>\n<li>Proporciona informes detallados y an\u00e1lisis para que pueda rastrear el \u00e9xito de sus estrategias de precios<\/li>\n<li>Se integra a la perfecci\u00f3n con WooCommerce y trabaja con cualquier pasarela de pago<\/li>\n<li>Compatible con WordPress versi\u00f3n -6 y superior<\/li>\n<li>Respaldado por un equipo de desarrolladores competentes que brindan una excelente atenci\u00f3n al cliente<\/li>\n<\/ul>\n","protected":false},"excerpt":{"rendered":"<p>Price Commander para WooCommerce es una herramienta excepcionalmente robusta y altamente efectiva que le otorga la capacidad de administrar y ejercer el control sobre todo el espectro de los precios de su producto dentro de su estimada tienda en l\u00ednea de WooCommerce. Este complemento excepcional le permite configurar y establecer una variedad de reglas de precios din\u00e1micas, fabricar y construir tablas de precios integrales, promulgar y hacer cumplir los umbrales de precios m\u00ednimos y m\u00e1ximos, y mucho m\u00e1s. Realmente representa un instrumento indispensable para cualquier propietario de la tienda de WooCommerce exigente y astuto que aspira ardientemente a aumentar exponencialmente las cifras de ventas y optimizar superlativamente los m\u00e1rgenes de ganancias. No pierda el tiempo en la adquisici\u00f3n e instalaci\u00f3n de Price Commander hoy, y otorgue el honor distinguido de atender meticulosamente y supervisar meticulosamente los intrincados matices de su estrategia de precios elaborada e integral.<\/p>\n","protected":false},"featured_media":167258,"comment_status":"open","ping_status":"open","template":"","meta":[],"product_brand":[2339],"product_cat":[1208,1207,1206],"product_tag":[1256],"class_list":{"0":"post-119555","1":"product","2":"type-product","3":"status-publish","4":"has-post-thumbnail","6":"product_brand-codecanyon","7":"product_cat-administracion","8":"product_cat-comercio-electronico-plugins","9":"product_cat-plugins","10":"product_tag-codecanyon","11":"member-discount","12":"discount-restricted","14":"first","15":"instock","16":"sale","17":"downloadable","18":"virtual","19":"sold-individually","20":"purchasable","21":"product-type-simple"},"_links":{"self":[{"href":"https:\/\/gpl-love.com\/es\/wp-json\/wp\/v2\/product\/119555","targetHints":{"allow":["GET"]}}],"collection":[{"href":"https:\/\/gpl-love.com\/es\/wp-json\/wp\/v2\/product"}],"about":[{"href":"https:\/\/gpl-love.com\/es\/wp-json\/wp\/v2\/types\/product"}],"replies":[{"embeddable":true,"href":"https:\/\/gpl-love.com\/es\/wp-json\/wp\/v2\/comments?post=119555"}],"wp:featuredmedia":[{"embeddable":true,"href":"https:\/\/gpl-love.com\/es\/wp-json\/wp\/v2\/media\/167258"}],"wp:attachment":[{"href":"https:\/\/gpl-love.com\/es\/wp-json\/wp\/v2\/media?parent=119555"}],"wp:term":[{"taxonomy":"product_brand","embeddable":true,"href":"https:\/\/gpl-love.com\/es\/wp-json\/wp\/v2\/product_brand?post=119555"},{"taxonomy":"product_cat","embeddable":true,"href":"https:\/\/gpl-love.com\/es\/wp-json\/wp\/v2\/product_cat?post=119555"},{"taxonomy":"product_tag","embeddable":true,"href":"https:\/\/gpl-love.com\/es\/wp-json\/wp\/v2\/product_tag?post=119555"}],"curies":[{"name":"wp","href":"https:\/\/api.w.org\/{rel}","templated":true}]}}