{"id":119553,"date":"2023-02-08T00:00:00","date_gmt":"2023-02-08T05:00:00","guid":{"rendered":"https:\/\/gpl-love.com\/es\/?post_type=product&#038;p=119553"},"modified":"2026-03-13T17:24:09","modified_gmt":"2026-03-13T22:24:09","slug":"martify-woocommerce-marketplace-wordpress-theme","status":"publish","type":"product","link":"https:\/\/gpl-love.com\/es\/producto\/martify-woocommerce-marketplace-wordpress-theme\/","title":{"rendered":"Martify WooCommerce Marketplace WordPress Theme 2.1.3"},"content":{"rendered":"<h3>Martify WooCommerce Marketplace WordPress Theme Caracteristicas<\/h3>\n<p>Martifique el tema de WordPress de WooCommerce Marketplace se presenta como una soluci\u00f3n \u00f3ptima tanto para individuos como para empresas que buscan construir un mercado en l\u00ednea que no solo sea visualmente atractivo sino tambi\u00e9n f\u00e1cil de usar. Este tema ha sido meticulosamente dise\u00f1ado para atender espec\u00edficamente a WooCommerce, que resulta ser el complemento de comercio electr\u00f3nico m\u00e1s adoptados para WordPress. Cuenta con una extensa gama de caracter\u00edsticas, todas las cuales contribuyen a la creaci\u00f3n sin esfuerzo de un mercado en l\u00ednea de grado profesional. Entre estas caracter\u00edsticas se encuentran la disponibilidad de m\u00faltiples dise\u00f1os de p\u00e1ginas de inicio, la capacidad de personalizar las p\u00e1ginas de productos para adaptarse a las preferencias individuales y un tablero integral que agiliza efectivamente la gesti\u00f3n de productos, pedidos y clientela. Adem\u00e1s, vale la pena se\u00f1alar que Martify ha sido efectivamente optimizado para mejorar la velocidad y el rendimiento general de su sitio web, facilitando as\u00ed una experiencia de navegaci\u00f3n perfecta para los visitantes. Al aprovechar el tema Martify WooCommerce Marketplace WordPress, se puede concluir que el proceso de construcci\u00f3n de su propio mercado en l\u00ednea se ha simplificado efectivamente en un grado sin precedentes.<\/p>\n<ul>\n<li>Dise\u00f1o elegante y moderno para exhibir su mercado en l\u00ednea<\/li>\n<li>F\u00e1cil integraci\u00f3n con WooCommerce para ventas en l\u00ednea y gesti\u00f3n de inventario en l\u00ednea sin problemas<\/li>\n<li>M\u00faltiples dise\u00f1os de la p\u00e1gina de inicio para elegir, incluidas las opciones para exhibir productos con clasificaci\u00f3n superior y categor\u00edas destacadas<\/li>\n<li>Opciones flexibles de visualizaci\u00f3n de productos, incluidas las p\u00e1ginas de productos personalizables y los controles deslizantes de productos<\/li>\n<li>Funcionalidad de b\u00fasqueda integral para ayudar a los clientes a encontrar los productos que buscan de manera r\u00e1pida y f\u00e1cil<\/li>\n<li>Soporte incorporado para m\u00e9todos de pago m\u00faltiples, incluidos PayPal y Stripe, para ofrecer una gama de opciones de pago para los clientes<\/li>\n<li>Dise\u00f1o y compatibilidad con respuesta m\u00f3vil con navegadores web populares para garantizar que su sitio sea accesible en todos los dispositivos<\/li>\n<li>Opciones de personalizaci\u00f3n avanzada, que incluyen soporte para widgets personalizados, fuentes, colores y m\u00e1s<\/li>\n<li>Sistema de revisi\u00f3n del cliente para alentar los comentarios de los clientes y aumentar la confianza en su mercado en l\u00ednea<\/li>\n<li>Documentaci\u00f3n detallada y atenci\u00f3n al cliente para ayudarlo a configurar y personalizar su sitio con facilidad.<\/li>\n<\/ul>\n","protected":false},"excerpt":{"rendered":"<p>El tema Martify WooCommerce Marketplace WordPress, caracterizado por su dise\u00f1o elegante y f\u00e1cil de usar, ha sido meticulosamente elaborado con el prop\u00f3sito espec\u00edfico de mejorar los sitios web de comercio electr\u00f3nico. Ofrece una gran cantidad de opciones de personalizaci\u00f3n de f\u00e1cil acceso, lo que le otorga la capacidad de adaptar su mercado en l\u00ednea seg\u00fan sus especificaciones exactas. Adem\u00e1s, debido a su integraci\u00f3n perfecta con la reconocida plataforma de WooCommerce, puede presentar sin esfuerzo sus productos y servicios de manera profesional y visualmente cautivadora. Adem\u00e1s, el tema cuenta con un dise\u00f1o totalmente receptivo, asegurando que su sitio web no solo exude un atractivo est\u00e9tico sino que tambi\u00e9n funciona a la perfecci\u00f3n en todos los dispositivos, independientemente del tama\u00f1o o la resoluci\u00f3n de la pantalla. Ya sea que se est\u00e9 embarcando en su viaje de emprendimiento digital o busque dar nueva vida a su tienda en l\u00ednea existente, el tema de WordPress Martify WooCommerce WordPress se erige como el ep\u00edtome de la elecci\u00f3n ideal para cumplir con sus requisitos comerciales integrales.<\/p>\n","protected":false},"featured_media":166698,"comment_status":"open","ping_status":"open","template":"","meta":[],"product_brand":[2337],"product_cat":[1263,1264,1237],"product_tag":[1391],"class_list":{"0":"post-119553","1":"product","2":"type-product","3":"status-publish","4":"has-post-thumbnail","6":"product_brand-themeforest","7":"product_cat-comercio-electronico-temas","8":"product_cat-negocio","9":"product_cat-temas","10":"product_tag-themeforest","11":"member-discount","12":"discount-restricted","14":"first","15":"instock","16":"sale","17":"downloadable","18":"virtual","19":"sold-individually","20":"purchasable","21":"product-type-simple"},"_links":{"self":[{"href":"https:\/\/gpl-love.com\/es\/wp-json\/wp\/v2\/product\/119553","targetHints":{"allow":["GET"]}}],"collection":[{"href":"https:\/\/gpl-love.com\/es\/wp-json\/wp\/v2\/product"}],"about":[{"href":"https:\/\/gpl-love.com\/es\/wp-json\/wp\/v2\/types\/product"}],"replies":[{"embeddable":true,"href":"https:\/\/gpl-love.com\/es\/wp-json\/wp\/v2\/comments?post=119553"}],"wp:featuredmedia":[{"embeddable":true,"href":"https:\/\/gpl-love.com\/es\/wp-json\/wp\/v2\/media\/166698"}],"wp:attachment":[{"href":"https:\/\/gpl-love.com\/es\/wp-json\/wp\/v2\/media?parent=119553"}],"wp:term":[{"taxonomy":"product_brand","embeddable":true,"href":"https:\/\/gpl-love.com\/es\/wp-json\/wp\/v2\/product_brand?post=119553"},{"taxonomy":"product_cat","embeddable":true,"href":"https:\/\/gpl-love.com\/es\/wp-json\/wp\/v2\/product_cat?post=119553"},{"taxonomy":"product_tag","embeddable":true,"href":"https:\/\/gpl-love.com\/es\/wp-json\/wp\/v2\/product_tag?post=119553"}],"curies":[{"name":"wp","href":"https:\/\/api.w.org\/{rel}","templated":true}]}}