{"id":119551,"date":"2026-04-16T00:00:00","date_gmt":"2026-04-16T05:00:00","guid":{"rendered":"https:\/\/gpl-love.com\/es\/?post_type=product&#038;p=119551"},"modified":"2026-04-16T17:15:49","modified_gmt":"2026-04-16T22:15:49","slug":"fluent-support-pro","status":"publish","type":"product","link":"https:\/\/gpl-love.com\/es\/producto\/fluent-support-pro\/","title":{"rendered":"Fluent Support Pro 2.1.1"},"content":{"rendered":"<h3>Fluent Support Pro Caracteristicas<\/h3>\n<p>Fluent Support Pro es una soluci\u00f3n de software incre\u00edblemente robusta que se ha creado meticulosamente para aumentar las capacidades de servicio al cliente y equipos de soporte. La funcionalidad sofisticada que posee permite a las empresas administrar de manera efectiva y eficiente las consultas de los clientes, proporcionar respuestas de manera r\u00e1pida y precisa y optimizar sus canales de comunicaci\u00f3n. Una de sus caracter\u00edsticas destacadas es la inclusi\u00f3n de un chatbot, que es capaz de manejar h\u00e1bilmente las consultas b\u00e1sicas de los clientes. Al automatizar este aspecto de la atenci\u00f3n al cliente, los agentes humanos tienen la oportunidad de asignar su tiempo y experiencia para abordar problemas m\u00e1s intrincados y multifac\u00e9ticos. Adem\u00e1s, este software incorpora mecanismos de retroalimentaci\u00f3n de clientes en tiempo real, capacidades anal\u00edticas y una variedad de herramientas de informes, lo que permite a las empresas rastrear y evaluar meticulosamente la eficacia de sus procesos de soporte. Uno de los atributos m\u00e1s encomiables de soporte con fluidez prota en su adaptabilidad y personalizaci\u00f3n, lo que lo hace adecuado y aplicable en todas las empresas de todos los tama\u00f1os e industrias. Con su conjunto integral de caracter\u00edsticas, el soporte con fluidez pro surge como una herramienta indispensable para las empresas que aspiran a brindar constantemente un excelente servicio y soporte al cliente.<\/p>\n<ul>\n<li>Proporciona soporte ling\u00fc\u00edstico avanzado para hablantes no nativos en un entorno profesional<\/li>\n<li>Ofrece coaching y retroalimentaci\u00f3n personalizados para mejorar la pronunciaci\u00f3n, la gram\u00e1tica y el vocabulario<\/li>\n<li>Incluye tecnolog\u00eda de reconocimiento de voz para analizar y evaluar el lenguaje hablado<\/li>\n<li>Presenta una interfaz f\u00e1cil de usar con ejercicios y actividades interactivas<\/li>\n<li>Se puede personalizar para satisfacer las necesidades espec\u00edficas de usuarios u organizaciones individuales<\/li>\n<li>Es compatible con una variedad de dispositivos y sistemas operativos para facilitar la accesibilidad<\/li>\n<li>Ayuda a aumentar la confianza y la claridad en la comunicaci\u00f3n profesional, lo que lleva a un mayor \u00e9xito en el lugar de trabajo.<\/li>\n<\/ul>\n","protected":false},"excerpt":{"rendered":"<p>El Support Pro, con sus s\u00f3lidas capacidades de entrada, demuestra ser un activo indispensable para las empresas que aspiran a optimizar y simplificar sus procedimientos de atenci\u00f3n al cliente. Esta herramienta de vanguardia est\u00e1 intrincadamente elaborada para acumular y asimilar de manera experta todas las consultas y aprensiones de los clientes, asegurando as\u00ed un flujo de trabajo eficiente y sin problemas. Adem\u00e1s, gracias a sus sofisticadas funcionalidades de salida, genera expertos informes integrales y granulares, lo que abarca ideas invaluables, como comentarios de los clientes y m\u00e9tricas de satisfacci\u00f3n. Estos recursos invaluables ayudan enormemente a las empresas en su implacable b\u00fasqueda de mejorar la experiencia general del cliente. En consecuencia, el Soporte Fluent Pro surge como un instrumento formidable que atiende las necesidades \u00fanicas de cualquier empresa que se esfuerza por elevar y perfeccionar sus operaciones de atenci\u00f3n al cliente.<\/p>\n","protected":false},"featured_media":166124,"comment_status":"open","ping_status":"open","template":"","meta":[],"product_brand":[2455],"product_cat":[1214,1206,1211],"product_tag":[2226],"class_list":{"0":"post-119551","1":"product","2":"type-product","3":"status-publish","4":"has-post-thumbnail","6":"product_brand-fluent-support","7":"product_cat-personalizacion","8":"product_cat-plugins","9":"product_cat-wordpress-plugins","10":"product_tag-fluent-support","11":"member-discount","12":"discount-restricted","14":"first","15":"instock","16":"sale","17":"downloadable","18":"virtual","19":"sold-individually","20":"purchasable","21":"product-type-simple"},"_links":{"self":[{"href":"https:\/\/gpl-love.com\/es\/wp-json\/wp\/v2\/product\/119551","targetHints":{"allow":["GET"]}}],"collection":[{"href":"https:\/\/gpl-love.com\/es\/wp-json\/wp\/v2\/product"}],"about":[{"href":"https:\/\/gpl-love.com\/es\/wp-json\/wp\/v2\/types\/product"}],"replies":[{"embeddable":true,"href":"https:\/\/gpl-love.com\/es\/wp-json\/wp\/v2\/comments?post=119551"}],"wp:featuredmedia":[{"embeddable":true,"href":"https:\/\/gpl-love.com\/es\/wp-json\/wp\/v2\/media\/166124"}],"wp:attachment":[{"href":"https:\/\/gpl-love.com\/es\/wp-json\/wp\/v2\/media?parent=119551"}],"wp:term":[{"taxonomy":"product_brand","embeddable":true,"href":"https:\/\/gpl-love.com\/es\/wp-json\/wp\/v2\/product_brand?post=119551"},{"taxonomy":"product_cat","embeddable":true,"href":"https:\/\/gpl-love.com\/es\/wp-json\/wp\/v2\/product_cat?post=119551"},{"taxonomy":"product_tag","embeddable":true,"href":"https:\/\/gpl-love.com\/es\/wp-json\/wp\/v2\/product_tag?post=119551"}],"curies":[{"name":"wp","href":"https:\/\/api.w.org\/{rel}","templated":true}]}}