{"id":119514,"date":"2022-04-28T00:00:00","date_gmt":"2022-04-28T05:00:00","guid":{"rendered":"https:\/\/gpl-love.com\/es\/?post_type=product&#038;p=119514"},"modified":"2026-04-10T11:25:31","modified_gmt":"2026-04-10T16:25:31","slug":"sport-wordpress-theme","status":"publish","type":"product","link":"https:\/\/gpl-love.com\/es\/producto\/sport-wordpress-theme\/","title":{"rendered":"Sport WordPress Theme 4.0.4"},"content":{"rendered":"<h3>Sport WordPress Theme Caracteristicas<\/h3>\n<p>El tema Sport WordPress es un tema incre\u00edblemente vers\u00e1til y de vanguardia que ha sido elaborado por el \u00fanico prop\u00f3sito de atender las necesidades de los sitios web deportivos. Cuenta con una extensa gama de caracter\u00edsticas y opciones de personalizaci\u00f3n garantizadas para otorgarle el control completo sobre la apariencia y el rendimiento de su sitio web. En particular, este tema ha sido dise\u00f1ado meticulosamente para ser completamente receptivo y amigable para los dispositivos m\u00f3viles, asegurando que su contenido se muestre de manera \u00f3ptima y accesible sin problemas en todos los dispositivos. Adem\u00e1s, muestra funcionalidad avanzada, incluida la capacidad de personalizar tanto el encabezado como el pie de p\u00e1gina de su sitio web, la disponibilidad de m\u00faltiples dise\u00f1os de p\u00e1ginas y una variedad de widgets que est\u00e1n espec\u00edficamente adaptados para facilitar la creaci\u00f3n de un sitio web deportivo impecable. El tema Sport WordPress le brinda la oportunidad de exhibir sin esfuerzo su equipo, eventos y otro contenido relacionado con el deporte de una manera visualmente cautivadora y f\u00e1cil de usar. Por lo tanto, independientemente de si se encuentra al frente de un floreciente blog deportivo o se dedica a la gesti\u00f3n de un prestigioso equipo profesional, este tema abarca todos los componentes esenciales necesarios para dise\u00f1ar un sitio web exquisito y altamente funcional.<\/p>\n<ul>\n<li>Dise\u00f1o limpio y moderno perfecto para sitios web relacionados con el deporte<\/li>\n<li>Totalmente receptivo y amigable para los dispositivos m\u00f3viles, asegurando una gran experiencia de usuario en todos los dispositivos<\/li>\n<li>Admite una amplia gama de opciones de personalizaci\u00f3n a trav\u00e9s de WordPress Customizer<\/li>\n<li>Viene con una variedad de plantillas de p\u00e1gina preconstruidas para una creaci\u00f3n de sitios web r\u00e1pida y f\u00e1cil<\/li>\n<li>Incluye varios widgets \u00fatiles para agregar contenido relacionado con el deporte a su sitio web<\/li>\n<li>Compatible con todos los principales navegadores, asegurando una compatibilidad perfecta para los visitantes que usan una variedad de dispositivos<\/li>\n<li>Actualizaciones peri\u00f3dicas y soporte dedicado para garantizar que su sitio web se mantenga actualizado y sin errores<\/li>\n<li>Pre-integrado con WooCommerce para una f\u00e1cil implementaci\u00f3n de comercio electr\u00f3nico en su sitio web de deportes<\/li>\n<li>Codificaci\u00f3n amigable para SEO para una mejor visibilidad del motor de b\u00fasqueda y clasificaciones<\/li>\n<li>M\u00faltiples esquemas de color disponibles para ayudarlo a elaborar un estilo visual \u00fanico para su sitio web.<\/li>\n<\/ul>\n","protected":false},"excerpt":{"rendered":"<p>La entrada es un tema deportivo de WordPress que cuenta con un dise\u00f1o elegante y moderno, lo que lo convierte en una opci\u00f3n ideal para atletas, equipos deportivos, bloggers deportivos y entusiastas del deporte por igual. Su dise\u00f1o totalmente receptivo garantiza que su sitio web se vea incre\u00edblemente atractivo en cualquier dispositivo, ya sea una computadora de escritorio o un tel\u00e9fono m\u00f3vil. Ofrecer una gran cantidad de opciones de dise\u00f1o, widgets personalizados y un constructor de p\u00e1ginas f\u00e1cil de usar, la entrada le permite crear sin esfuerzo un sitio web deportivo perfecto sin tener que poseer ninguna habilidad de codificaci\u00f3n. Ya sea que su objetivo sea exhibir sus impresionantes logros deportivos, compartir historias personales cautivadoras o promover eventos y productos emocionantes, la entrada es el tema final que satisface todas sus necesidades. No se pierda la oportunidad de elevar su sitio web deportivo a nuevas alturas: adquiere informaci\u00f3n hoy.<\/p>\n","protected":false},"featured_media":167551,"comment_status":"open","ping_status":"open","template":"","meta":[],"product_brand":[2363],"product_cat":[1267,1237,1238],"product_tag":[2224],"class_list":{"0":"post-119514","1":"product","2":"type-product","3":"status-publish","4":"has-post-thumbnail","6":"product_brand-visualmodo","7":"product_cat-creativo","8":"product_cat-temas","9":"product_cat-wordpress-temas","10":"product_tag-visualmodo","11":"member-discount","12":"discount-restricted","14":"first","15":"instock","16":"sale","17":"downloadable","18":"virtual","19":"sold-individually","20":"purchasable","21":"product-type-simple"},"_links":{"self":[{"href":"https:\/\/gpl-love.com\/es\/wp-json\/wp\/v2\/product\/119514","targetHints":{"allow":["GET"]}}],"collection":[{"href":"https:\/\/gpl-love.com\/es\/wp-json\/wp\/v2\/product"}],"about":[{"href":"https:\/\/gpl-love.com\/es\/wp-json\/wp\/v2\/types\/product"}],"replies":[{"embeddable":true,"href":"https:\/\/gpl-love.com\/es\/wp-json\/wp\/v2\/comments?post=119514"}],"wp:featuredmedia":[{"embeddable":true,"href":"https:\/\/gpl-love.com\/es\/wp-json\/wp\/v2\/media\/167551"}],"wp:attachment":[{"href":"https:\/\/gpl-love.com\/es\/wp-json\/wp\/v2\/media?parent=119514"}],"wp:term":[{"taxonomy":"product_brand","embeddable":true,"href":"https:\/\/gpl-love.com\/es\/wp-json\/wp\/v2\/product_brand?post=119514"},{"taxonomy":"product_cat","embeddable":true,"href":"https:\/\/gpl-love.com\/es\/wp-json\/wp\/v2\/product_cat?post=119514"},{"taxonomy":"product_tag","embeddable":true,"href":"https:\/\/gpl-love.com\/es\/wp-json\/wp\/v2\/product_tag?post=119514"}],"curies":[{"name":"wp","href":"https:\/\/api.w.org\/{rel}","templated":true}]}}