{"id":119512,"date":"2022-04-28T00:00:00","date_gmt":"2022-04-28T05:00:00","guid":{"rendered":"https:\/\/gpl-love.com\/es\/?post_type=product&#038;p=119512"},"modified":"2026-04-10T11:25:51","modified_gmt":"2026-04-10T16:25:51","slug":"stream-wordpress-theme","status":"publish","type":"product","link":"https:\/\/gpl-love.com\/es\/producto\/stream-wordpress-theme\/","title":{"rendered":"Stream WordPress Theme 4.0.4"},"content":{"rendered":"<h3>Stream WordPress Theme Caracteristicas<\/h3>\n<p>El tema de WordPress de Stream es un tema incre\u00edblemente vers\u00e1til y exquisitamente dise\u00f1ado que es exquisitamente adecuado para la creaci\u00f3n de una amplia gama de sitios web profesionales. Con un dise\u00f1o elegante y de vanguardia, este tema es una bendici\u00f3n absoluta para empresas, profesionales creativos y blogueros por igual, lo que les permite mostrar su trabajo de una manera extraordinariamente elegante y cautivadora. El tema en s\u00ed es extremadamente adaptable, lo que brinda a los usuarios la oportunidad de personalizarlo seg\u00fan sus especificaciones exactas, al tiempo que cuenta con una impresionante variedad de herramientas y caracter\u00edsticas potentes, como una p\u00e1gina de inicio totalmente personalizable, una multitud de estilos de cabeza de cabeza, una p\u00e1gina intuitantemente navegable. constructor, y una abundancia de otros atributos atractivos. Ya sea que el objetivo de uno sea construir un sitio web de cartera llamativo, un innovador sitio de agencias creativas o un blog personal atractivo, el tema de WordPress de Stream, sin duda, constituye la soluci\u00f3n por excelencia para crear una presencia en l\u00ednea en l\u00ednea completamente impresionante e impecablemente profesional.<\/p>\n<ul>\n<li>Dise\u00f1o totalmente receptivo que se ve muy bien en todos los dispositivos<\/li>\n<li>M\u00faltiples esquemas de color y opciones de dise\u00f1o para elegir<\/li>\n<li>Soporte incorporado para complementos populares como WooCommerce y el Formulario de contacto 7<\/li>\n<li>Personalizaci\u00f3n f\u00e1cil con el personalizador de WordPress Live incorporado<\/li>\n<li>Importaci\u00f3n de contenido de demostraci\u00f3n de un solo clic para que su sitio web se ejecute r\u00e1pidamente<\/li>\n<li>Optimizado para motores de b\u00fasqueda con c\u00f3digo sem\u00e1ntico y limpio e integraci\u00f3n de esquema.org<\/li>\n<li>Tiempos de carga r\u00e1pida con carga perezosa y optimizaci\u00f3n de im\u00e1genes<\/li>\n<li>Documentaci\u00f3n y soporte extenso para garantizar que aproveche al m\u00e1ximo su compra<\/li>\n<li>Actualizaciones peri\u00f3dicas para garantizar la compatibilidad con las \u00faltimas versiones de WordPress y parches de seguridad<\/li>\n<\/ul>\n","protected":false},"excerpt":{"rendered":"<p>La entrada: el tema de WordPress de la transmisi\u00f3n es un tema excepcionalmente receptivo y notablemente intuitivo que trae sin esfuerzo una salida absolutamente impresionante. Con un dise\u00f1o exquisitamente elegante y completamente moderno, este tema sirve como una pareja impecable para las personas que participan en los campos de blogs, fotograf\u00eda y esfuerzos creativos en general. Su impresionante repertorio incluye una variedad de formatos de publicaci\u00f3n din\u00e1micos, widgets personalizables y un constructor de p\u00e1ginas impresionantemente potente, todo lo cual funcionan armoniosamente juntos para permitirle adaptar su sitio web de acuerdo con sus preferencias y deseos \u00fanicos. Adem\u00e1s, vale la pena se\u00f1alar que el tema de entrada: Stream WordPress se ha optimizado diligentemente para mejorar la velocidad y el rendimiento general, lo que garantiza que su sitio web no solo cargue r\u00e1pidamente sino que tambi\u00e9n funcione sin problemas. Entonces, ya sea que su objetivo sea exhibir su cartera o promover su marca, simplemente no se puede negar que la entrada: Stream WordPress, el tema es el ep\u00edtome de una elecci\u00f3n perfecta.<\/p>\n","protected":false},"featured_media":167579,"comment_status":"open","ping_status":"open","template":"","meta":[],"product_brand":[2363],"product_cat":[1267,1237,1238],"product_tag":[2224],"class_list":{"0":"post-119512","1":"product","2":"type-product","3":"status-publish","4":"has-post-thumbnail","6":"product_brand-visualmodo","7":"product_cat-creativo","8":"product_cat-temas","9":"product_cat-wordpress-temas","10":"product_tag-visualmodo","11":"member-discount","12":"discount-restricted","14":"first","15":"instock","16":"sale","17":"downloadable","18":"virtual","19":"sold-individually","20":"purchasable","21":"product-type-simple"},"_links":{"self":[{"href":"https:\/\/gpl-love.com\/es\/wp-json\/wp\/v2\/product\/119512","targetHints":{"allow":["GET"]}}],"collection":[{"href":"https:\/\/gpl-love.com\/es\/wp-json\/wp\/v2\/product"}],"about":[{"href":"https:\/\/gpl-love.com\/es\/wp-json\/wp\/v2\/types\/product"}],"replies":[{"embeddable":true,"href":"https:\/\/gpl-love.com\/es\/wp-json\/wp\/v2\/comments?post=119512"}],"wp:featuredmedia":[{"embeddable":true,"href":"https:\/\/gpl-love.com\/es\/wp-json\/wp\/v2\/media\/167579"}],"wp:attachment":[{"href":"https:\/\/gpl-love.com\/es\/wp-json\/wp\/v2\/media?parent=119512"}],"wp:term":[{"taxonomy":"product_brand","embeddable":true,"href":"https:\/\/gpl-love.com\/es\/wp-json\/wp\/v2\/product_brand?post=119512"},{"taxonomy":"product_cat","embeddable":true,"href":"https:\/\/gpl-love.com\/es\/wp-json\/wp\/v2\/product_cat?post=119512"},{"taxonomy":"product_tag","embeddable":true,"href":"https:\/\/gpl-love.com\/es\/wp-json\/wp\/v2\/product_tag?post=119512"}],"curies":[{"name":"wp","href":"https:\/\/api.w.org\/{rel}","templated":true}]}}