{"id":119506,"date":"2022-04-28T00:00:00","date_gmt":"2022-04-28T05:00:00","guid":{"rendered":"https:\/\/gpl-love.com\/es\/?post_type=product&#038;p=119506"},"modified":"2026-03-13T17:17:57","modified_gmt":"2026-03-13T22:17:57","slug":"construction-wordpress-theme","status":"publish","type":"product","link":"https:\/\/gpl-love.com\/es\/producto\/construction-wordpress-theme\/","title":{"rendered":"Construction WordPress Theme 3.0.4"},"content":{"rendered":"<h3>Construction WordPress Theme Caracteristicas<\/h3>\n<p>El tema de la construcci\u00f3n de WordPress, con su inmenso poder, se erige como una herramienta formidable para las personas en busca de un medio para dise\u00f1ar un sitio web exquisitamente profesional y est\u00e9ticamente cautivador para su empresa de construcci\u00f3n. Proporcionando una gran cantidad de caracter\u00edsticas altamente personalizables y innumerables opciones, los usuarios se encuentran bien equipados para producir sin esfuerzo una plataforma en l\u00ednea que no solo exhiba sus artesan\u00edas, servicios y experiencia, sino que tambi\u00e9n fomenta una experiencia de usuario excepcional. El tema abarca una variedad diversa de plantillas y dise\u00f1os predise\u00f1ados, que se pueden adaptar convenientemente para satisfacer los requisitos \u00fanicos de cada usuario. Adem\u00e1s, el tema exhibe una capacidad de respuesta completa, asegurando as\u00ed una optimizaci\u00f3n \u00f3ptima para todos los dispositivos, que abarca computadoras de escritorio, computadoras port\u00e1tiles, tabletas y tel\u00e9fonos inteligentes por igual. Al aprovechar el potencial incomparable del tema de la construcci\u00f3n de WordPress, los usuarios est\u00e1n facultados para mostrar sus proyectos y esfuerzos, enfatizar sus capacidades y, en \u00faltima instancia, catalizar la generaci\u00f3n de una clientela sustancial para su estimada corporaci\u00f3n de construcci\u00f3n.<\/p>\n<ul>\n<li>Perfectamente dise\u00f1ado para la industria de la construcci\u00f3n<\/li>\n<li>F\u00e1cil de usar y personalizar<\/li>\n<li>Construido con las \u00faltimas tecnolog\u00edas web<\/li>\n<li>Totalmente receptivo para todos los dispositivos<\/li>\n<li>M\u00faltiples variaciones de la p\u00e1gina de inicio para elegir<\/li>\n<li>M\u00e1s de 50 p\u00e1ginas predise\u00f1adas<\/li>\n<li>Revolution Slider Plugin incluido<\/li>\n<li>Soporte de mega men\u00fa<\/li>\n<li>Integraci\u00f3n del Formulario 7 de contacto<\/li>\n<li>Integraci\u00f3n de Google Maps<\/li>\n<li>SEO optimizado para una mejor clasificaci\u00f3n<\/li>\n<li>Instalaci\u00f3n de un solo clic y importaci\u00f3n de demostraci\u00f3n<\/li>\n<li>Documentaci\u00f3n y apoyo integrales<\/li>\n<\/ul>\n","protected":false},"excerpt":{"rendered":"<p>Descubra el poder de una soluci\u00f3n todo en uno para su negocio de construcci\u00f3n con nuestro tema de WordPress de construcci\u00f3n. Este tema premium y receptivo est\u00e1 construido espec\u00edficamente para empresas de construcci\u00f3n, empresas de construcci\u00f3n y firmas de arquitectura. Est\u00e1 repleto de caracter\u00edsticas como la exhibici\u00f3n de proyectos, los perfiles de miembros del equipo y las p\u00e1ginas personalizables, perfectas para mostrar su cartera y presentar a su equipo a clientes potenciales. El tema tambi\u00e9n viene con la optimizaci\u00f3n de SEO incorporada para aumentar su visibilidad en l\u00ednea, y es compatible con la mayor\u00eda de los navegadores para una experiencia de usuario perfecta. Con su interfaz f\u00e1cil de usar y su dise\u00f1o personalizable, administrar y actualizar su sitio web es tan simple como un clic. Destaca en la industria de la construcci\u00f3n con nuestro tema de WordPress de construcci\u00f3n. No es solo un sitio web, es su socio comercial en l\u00ednea.<\/p>\n","protected":false},"featured_media":165650,"comment_status":"open","ping_status":"open","template":"","meta":[],"product_brand":[2363],"product_cat":[1307,1237,1238],"product_tag":[2224],"class_list":{"0":"post-119506","1":"product","2":"type-product","3":"status-publish","4":"has-post-thumbnail","6":"product_brand-visualmodo","7":"product_cat-negocio-wordpress-temas","8":"product_cat-temas","9":"product_cat-wordpress-temas","10":"product_tag-visualmodo","11":"member-discount","12":"discount-restricted","14":"first","15":"instock","16":"sale","17":"downloadable","18":"virtual","19":"sold-individually","20":"purchasable","21":"product-type-simple"},"_links":{"self":[{"href":"https:\/\/gpl-love.com\/es\/wp-json\/wp\/v2\/product\/119506","targetHints":{"allow":["GET"]}}],"collection":[{"href":"https:\/\/gpl-love.com\/es\/wp-json\/wp\/v2\/product"}],"about":[{"href":"https:\/\/gpl-love.com\/es\/wp-json\/wp\/v2\/types\/product"}],"replies":[{"embeddable":true,"href":"https:\/\/gpl-love.com\/es\/wp-json\/wp\/v2\/comments?post=119506"}],"wp:featuredmedia":[{"embeddable":true,"href":"https:\/\/gpl-love.com\/es\/wp-json\/wp\/v2\/media\/165650"}],"wp:attachment":[{"href":"https:\/\/gpl-love.com\/es\/wp-json\/wp\/v2\/media?parent=119506"}],"wp:term":[{"taxonomy":"product_brand","embeddable":true,"href":"https:\/\/gpl-love.com\/es\/wp-json\/wp\/v2\/product_brand?post=119506"},{"taxonomy":"product_cat","embeddable":true,"href":"https:\/\/gpl-love.com\/es\/wp-json\/wp\/v2\/product_cat?post=119506"},{"taxonomy":"product_tag","embeddable":true,"href":"https:\/\/gpl-love.com\/es\/wp-json\/wp\/v2\/product_tag?post=119506"}],"curies":[{"name":"wp","href":"https:\/\/api.w.org\/{rel}","templated":true}]}}