{"id":119504,"date":"2022-04-28T00:00:00","date_gmt":"2022-04-28T05:00:00","guid":{"rendered":"https:\/\/gpl-love.com\/es\/?post_type=product&#038;p=119504"},"modified":"2026-04-10T11:29:06","modified_gmt":"2026-04-10T16:29:06","slug":"traveler-wordpress-theme","status":"publish","type":"product","link":"https:\/\/gpl-love.com\/es\/producto\/traveler-wordpress-theme\/","title":{"rendered":"Traveler WordPress Theme 3.0.4"},"content":{"rendered":"<h3>Traveler WordPress Theme Caracteristicas<\/h3>\n<p>El tema de WordPress de Traveler es un tema incre\u00edblemente vers\u00e1til y altamente personalizable que ha sido meticulosamente dise\u00f1ado para satisfacer las necesidades de los bloggers, fot\u00f3grafos y sitios web de viajes con un enfoque orientado al turismo. Cuenta con un dise\u00f1o elegante y contempor\u00e1neo, completo con expansivos controles deslizantes de ancho completo, un encabezado personalizable y una variedad de dise\u00f1os de la p\u00e1gina de inicio cautivadoras para elegir. Adem\u00e1s, este tema se integra perfectamente con algunas de las aplicaciones y complementos de viajes m\u00e1s populares, incluidos TripAdvisor y Google Maps, lo que le permite exhibir sin esfuerzo sus notables destinos de viaje y recomendaciones invaluables. Con su dise\u00f1o notablemente receptivo, el tema del viajero de WordPress se adapta sin esfuerzo y mejora el atractivo visual de cualquier dispositivo, asegurando as\u00ed que sus seguidores puedan acceder convenientemente a su contenido cautivador incluso en movimiento. Ya sea que sea un trotador de globo experimentado o simplemente se embarque en su primera aventura, este tema sirve como la mejor plataforma para mostrar sus impresionantes viajes e inspirando efectivamente a otros a explorar audazmente las maravillas sin l\u00edmites de nuestro mundo.<\/p>\n<ul>\n<li>Dise\u00f1o moderno y elegante perfecto para blogueros y negocios de viajes<\/li>\n<li>Totalmente personalizable con configuraciones f\u00e1ciles de usar y creador de p\u00e1ginas de arrastrar y soltar<\/li>\n<li>Incluye m\u00faltiples plantillas predise\u00f1adas para p\u00e1ginas de p\u00e1gina de inicio, blog y cartera<\/li>\n<li>Dise\u00f1o receptivo y amigable para dispositivos m\u00f3viles para una visualizaci\u00f3n \u00f3ptima en cualquier dispositivo<\/li>\n<li>SEO optimizado para una mejor visibilidad en los motores de b\u00fasqueda<\/li>\n<li>Iconos de redes sociales integrados y opciones para compartir para una f\u00e1cil promoci\u00f3n en plataformas sociales<\/li>\n<li>Traducci\u00f3n lista para audiencias globales con soporte de localizaci\u00f3n incorporado<\/li>\n<li>WooCommerce Compatible para vender productos o servicios relacionados con los viajes directamente desde su sitio web<\/li>\n<li>Numerosas opciones de personalizaci\u00f3n para fuentes, colores y dise\u00f1o para crear una apariencia personalizada<\/li>\n<li>Documentaci\u00f3n y apoyo integrales para ayudarlo a aprovechar al m\u00e1ximo su tema.<\/li>\n<\/ul>\n","protected":false},"excerpt":{"rendered":"<p>El tema de WordPress de Traveler, una herramienta excepcional para las personas que desean dise\u00f1ar un sitio web impresionante relacionado con los viajes, exhibe un dise\u00f1o completamente receptivo que garantiza una apariencia impecable en todos los dispositivos. Con una p\u00e1gina de inicio personalizable, una mir\u00edada de formatos de publicaci\u00f3n, una integraci\u00f3n perfecta con las redes sociales y una amplia gama de opciones de personalizaci\u00f3n, este tema atiende a las necesidades de los bloggers de viajes, operadores tourios y propietarios de hoteles, equip\u00e1ndolos con un conjunto completo de un conjunto de conjunto completo de Caracter\u00edsticas esenciales para construir una plataforma en l\u00ednea cautivadora e esclarecedora.<\/p>\n","protected":false},"featured_media":167851,"comment_status":"open","ping_status":"open","template":"","meta":[],"product_brand":[2363],"product_cat":[1245,1237,1238],"product_tag":[2224],"class_list":{"0":"post-119504","1":"product","2":"type-product","3":"status-publish","4":"has-post-thumbnail","6":"product_brand-visualmodo","7":"product_cat-blog-revista","8":"product_cat-temas","9":"product_cat-wordpress-temas","10":"product_tag-visualmodo","11":"member-discount","12":"discount-restricted","14":"first","15":"instock","16":"sale","17":"downloadable","18":"virtual","19":"sold-individually","20":"purchasable","21":"product-type-simple"},"_links":{"self":[{"href":"https:\/\/gpl-love.com\/es\/wp-json\/wp\/v2\/product\/119504","targetHints":{"allow":["GET"]}}],"collection":[{"href":"https:\/\/gpl-love.com\/es\/wp-json\/wp\/v2\/product"}],"about":[{"href":"https:\/\/gpl-love.com\/es\/wp-json\/wp\/v2\/types\/product"}],"replies":[{"embeddable":true,"href":"https:\/\/gpl-love.com\/es\/wp-json\/wp\/v2\/comments?post=119504"}],"wp:featuredmedia":[{"embeddable":true,"href":"https:\/\/gpl-love.com\/es\/wp-json\/wp\/v2\/media\/167851"}],"wp:attachment":[{"href":"https:\/\/gpl-love.com\/es\/wp-json\/wp\/v2\/media?parent=119504"}],"wp:term":[{"taxonomy":"product_brand","embeddable":true,"href":"https:\/\/gpl-love.com\/es\/wp-json\/wp\/v2\/product_brand?post=119504"},{"taxonomy":"product_cat","embeddable":true,"href":"https:\/\/gpl-love.com\/es\/wp-json\/wp\/v2\/product_cat?post=119504"},{"taxonomy":"product_tag","embeddable":true,"href":"https:\/\/gpl-love.com\/es\/wp-json\/wp\/v2\/product_tag?post=119504"}],"curies":[{"name":"wp","href":"https:\/\/api.w.org\/{rel}","templated":true}]}}