{"id":119502,"date":"2022-04-28T00:00:00","date_gmt":"2022-04-28T05:00:00","guid":{"rendered":"https:\/\/gpl-love.com\/es\/?post_type=product&#038;p=119502"},"modified":"2026-04-10T11:23:43","modified_gmt":"2026-04-10T16:23:43","slug":"salon-wordpress-theme","status":"publish","type":"product","link":"https:\/\/gpl-love.com\/es\/producto\/salon-wordpress-theme\/","title":{"rendered":"Salon WordPress Theme 2.0.4"},"content":{"rendered":"<h3>Salon WordPress Theme Caracteristicas<\/h3>\n<p>El tema del sal\u00f3n de WordPress es un tema exquisitamente elaborado y altamente sofisticado que se ha adaptado meticulosamente para satisfacer espec\u00edficamente las necesidades y requisitos de los salones de belleza y los spas. Su dise\u00f1o elegante y profesional no solo es visualmente atractivo, sino tambi\u00e9n excepcionalmente f\u00e1cil de usar, asegurando una experiencia de usuario sin esfuerzo y sin problemas. Este notable tema ofrece a los propietarios de salones la oportunidad incomparable de mostrar sin esfuerzo su amplia gama de servicios, miembros calificados del personal y productos de alta calidad de una manera visualmente cautivadora.<\/p>\n<p>Adem\u00e1s, el tema del sal\u00f3n de WordPress cuenta con un dise\u00f1o de vanguardia y adaptable que se puede personalizar f\u00e1cilmente para alinearse perfectamente con las preferencias de marca y est\u00e9tica \u00fanicas de cualquier sal\u00f3n. Su capacidad de respuesta excepcional garantiza que el sitio web exudar\u00e1 constantemente la elegancia y el profesionalismo, independientemente del dispositivo que se utilice para acceder a \u00e9l. Adem\u00e1s, este tema excepcional est\u00e1 equipado con una extensa variedad de caracter\u00edsticas impresionantes que mejoran a\u00fan m\u00e1s su funcionalidad y conveniencia. Por ejemplo, los esquemas de color personalizables permiten a los propietarios de salones crear sin esfuerzo un sitio web visualmente impresionante que encarna perfectamente su identidad de marca.<\/p>\n<p>Adem\u00e1s, el tema Salon WordPress incluye un innovador sistema de programaci\u00f3n de citas que facilita los procesos de reserva sin problemas y sin problemas tanto para los propietarios de salones como para sus valiosos clientes. Esta caracter\u00edstica invaluable no solo agiliza las operaciones, sino que tambi\u00e9n mejora significativamente la satisfacci\u00f3n y la conveniencia del cliente. Adem\u00e1s, el tema ofrece una amplia gama de opciones de dise\u00f1o, lo que permite a los propietarios de salones curar sin esfuerzo una presencia en l\u00ednea distintiva y cautivadora que los distingue efectivamente de los competidores.<\/p>\n<p>En resumen, ya sea que se est\u00e9 embarcando en la emocionante aventura de establecer un nuevo sal\u00f3n o tratar de renovar y elevar el que existente, el tema del sal\u00f3n de WordPress es inequ\u00edvocamente la mejor opci\u00f3n para cualquier negocio de belleza. Su combinaci\u00f3n inigualable de impresionantes elementos de dise\u00f1o, funcionalidad incomparable y caracter\u00edsticas f\u00e1ciles de usar aseguran que su sitio web sea un \u00e9xito rotundo, atrayendo e involucrando efectivamente a los clientes potenciales al tiempo que refleja sin esfuerzo la verdadera esencia de su negocio.<\/p>\n<ul>\n<li>Un tema de WordPress elegante y moderno dise\u00f1ado espec\u00edficamente para belleza y salones de peluquer\u00eda<\/li>\n<li>Cuenta con dise\u00f1os dise\u00f1ados profesionalmente para men\u00fas de servicios, tablas de precios y perfiles de miembros del equipo<\/li>\n<li>Sistema integrado de programaci\u00f3n de reservas y citas para que los clientes programen f\u00e1cilmente las citas en l\u00ednea<\/li>\n<li>Esquemas de color personalizables y fuentes para que coincidan con la marca e identidad de su sal\u00f3n<\/li>\n<li>El dise\u00f1o de respuesta m\u00f3vil garantiza que su sitio web se vea genial en todos los dispositivos, desde tel\u00e9fonos inteligentes hasta computadoras de escritorio<\/li>\n<li>Builder de p\u00e1gina de arrastrar y soltar f\u00e1ciles de usar para personalizar y crear p\u00e1ginas de sitios web \u00fanicas<\/li>\n<li>SEO optimizado para ayudar a su sitio web a clasificar m\u00e1s alto en los resultados del motor de b\u00fasqueda<\/li>\n<li>Integraci\u00f3n con complementos populares de WordPress como WooCommerce para vender productos y servicios en l\u00ednea.<\/li>\n<\/ul>\n","protected":false},"excerpt":{"rendered":"<p>El tema de la entrada: Salon WordPress sirve como un tema sofisticado y de moda espec\u00edficamente elaborado para salones de belleza, spas y peluqueros. Su dise\u00f1o exquisito y su dise\u00f1o adaptable le permiten exhibir sin esfuerzo las maravillas de su sal\u00f3n y sus servicios, asumiendo as\u00ed a una clientela potencial y fomentando la expansi\u00f3n de su empresa. Este tema cuenta con un dise\u00f1o receptivo que garantiza una experiencia de usuario perfecta en una gran cantidad de dispositivos, junto con fuentes y colores personalizables que le permite armonizar con el estilo distintivo de su marca. Adem\u00e1s, este tema ofrece un sistema de reserva de citas y una caracter\u00edstica de la galer\u00eda que le permite exhibir con orgullo su mejor artesan\u00eda. Eleve la presencia en l\u00ednea de su sal\u00f3n y magnetice un mayor n\u00famero de clientes con la entrada inigualable: el tema del sal\u00f3n de WordPress.<\/p>\n","protected":false},"featured_media":167397,"comment_status":"open","ping_status":"open","template":"","meta":[],"product_brand":[2363],"product_cat":[1267,1237,1238],"product_tag":[2224],"class_list":{"0":"post-119502","1":"product","2":"type-product","3":"status-publish","4":"has-post-thumbnail","6":"product_brand-visualmodo","7":"product_cat-creativo","8":"product_cat-temas","9":"product_cat-wordpress-temas","10":"product_tag-visualmodo","11":"member-discount","12":"discount-restricted","14":"first","15":"instock","16":"sale","17":"downloadable","18":"virtual","19":"sold-individually","20":"purchasable","21":"product-type-simple"},"_links":{"self":[{"href":"https:\/\/gpl-love.com\/es\/wp-json\/wp\/v2\/product\/119502","targetHints":{"allow":["GET"]}}],"collection":[{"href":"https:\/\/gpl-love.com\/es\/wp-json\/wp\/v2\/product"}],"about":[{"href":"https:\/\/gpl-love.com\/es\/wp-json\/wp\/v2\/types\/product"}],"replies":[{"embeddable":true,"href":"https:\/\/gpl-love.com\/es\/wp-json\/wp\/v2\/comments?post=119502"}],"wp:featuredmedia":[{"embeddable":true,"href":"https:\/\/gpl-love.com\/es\/wp-json\/wp\/v2\/media\/167397"}],"wp:attachment":[{"href":"https:\/\/gpl-love.com\/es\/wp-json\/wp\/v2\/media?parent=119502"}],"wp:term":[{"taxonomy":"product_brand","embeddable":true,"href":"https:\/\/gpl-love.com\/es\/wp-json\/wp\/v2\/product_brand?post=119502"},{"taxonomy":"product_cat","embeddable":true,"href":"https:\/\/gpl-love.com\/es\/wp-json\/wp\/v2\/product_cat?post=119502"},{"taxonomy":"product_tag","embeddable":true,"href":"https:\/\/gpl-love.com\/es\/wp-json\/wp\/v2\/product_tag?post=119502"}],"curies":[{"name":"wp","href":"https:\/\/api.w.org\/{rel}","templated":true}]}}