{"id":119500,"date":"2022-04-28T00:00:00","date_gmt":"2022-04-28T05:00:00","guid":{"rendered":"https:\/\/gpl-love.com\/es\/?post_type=product&#038;p=119500"},"modified":"2026-04-10T11:17:22","modified_gmt":"2026-04-10T16:17:22","slug":"music-wordpress-theme","status":"publish","type":"product","link":"https:\/\/gpl-love.com\/es\/producto\/music-wordpress-theme\/","title":{"rendered":"Music WordPress Theme 3.0.4"},"content":{"rendered":"<h3>Music WordPress Theme Caracteristicas<\/h3>\n<p>El tema de WordPress de Music es un tema de WordPress excepcionalmente completo y adaptable que ha sido ingeniosamente elaborado con la \u00fanica intenci\u00f3n de satisfacer las necesidades y requisitos de los m\u00fasicos, bandas y sitios web centrados en la m\u00fasica. Este tema, con su dise\u00f1o notablemente inmaculado y contempor\u00e1neo, presenta una extensa gama de atributos notables, como un reproductor de m\u00fasica integrado, la gesti\u00f3n de \u00e1lbumes y eventos, la capacidad de personalizar pieles y dise\u00f1os, y una variedad de otras caracter\u00edsticas fascinantes. Este tema no solo es incre\u00edblemente f\u00e1cil de usar, sino que tambi\u00e9n proporciona una amplia gama de opciones de personalizaci\u00f3n que le permiten fabricar un sitio web excepcionalmente distintivo y cautivador, mostrando efectivamente su m\u00fasica y encapsulando su marca. Al aprovechar el tema de WordPress de la m\u00fasica, puede construir sin esfuerzo una presencia en l\u00ednea excepcionalmente profesional y eficaz que representa impecablemente su carrera o banda musical.<\/p>\n<ul>\n<li>Dise\u00f1o receptivo que se adapta a diferentes tama\u00f1os y dispositivos de pantalla<\/li>\n<li>Compatibilidad con la \u00faltima versi\u00f3n de WordPress<\/li>\n<li>M\u00faltiples dise\u00f1os de p\u00e1gina de inicio y p\u00e1gina interior para elegir<\/li>\n<li>Opciones personalizables de encabezado y pie de p\u00e1gina<\/li>\n<li>Integraci\u00f3n con reproductores de m\u00fasica populares y plataformas, como Spotify y SoundCloud<\/li>\n<li>Plantillas preconstruidas para eventos musicales y horarios de gira<\/li>\n<li>Integraci\u00f3n perfecta con WooCommerce para vender m\u00fasica y mercanc\u00edas<\/li>\n<li>Esquemas de color y fuentes personalizables para que coincidan con su marca o estilo<\/li>\n<li>Constructor de p\u00e1gina f\u00e1cil de usar para crear dise\u00f1os y dise\u00f1os personalizados<\/li>\n<li>C\u00f3digo amigable con SEO para mejorar la visibilidad del motor de b\u00fasqueda<\/li>\n<li>Equipo de soporte dedicado para ayudar con cualquier problema t\u00e9cnico o pregunta.<\/li>\n<\/ul>\n","protected":false},"excerpt":{"rendered":"<p>Presentando aportes, un tema extraordinario de WordPress que ha sido meticulosamente elaborado para las personas que tienen una profunda adoraci\u00f3n por la m\u00fasica y los m\u00fasicos. Este notable tema posee un dise\u00f1o sin problemas y contempor\u00e1neos, lo que le permite exhibir sin esfuerzo sus asombrosas creaciones musicales, eventos estimulantes y mercanc\u00edas cautivadoras. Entre la gran cantidad de caracter\u00edsticas notables que ofrece, uno puede encontrar widgets personalizables que satisfacen el compromiso de las redes sociales, la difusi\u00f3n de fechas de gira y presentaci\u00f3n de video, sin mencionar un notable reproductor de audio incorporado que reproduce armoniosamente sus fascinantes pistas. Independientemente de si usted es un artista en solitario excepcional, una banda fenomenal o un blog de m\u00fasica influyente, la entrada es inequ\u00edvocamente el tema ideal para exhibir magn\u00edficamente su talento excepcional y su ardor inquebrantable. Comience su emocionante viaje hoy y presencie la elevaci\u00f3n de su presencia virtual, todo gracias a las impresionantes capacidades de aportes.<\/p>\n","protected":false},"featured_media":166841,"comment_status":"open","ping_status":"open","template":"","meta":[],"product_brand":[2363],"product_cat":[1267,1237,1238],"product_tag":[2224],"class_list":{"0":"post-119500","1":"product","2":"type-product","3":"status-publish","4":"has-post-thumbnail","6":"product_brand-visualmodo","7":"product_cat-creativo","8":"product_cat-temas","9":"product_cat-wordpress-temas","10":"product_tag-visualmodo","11":"member-discount","12":"discount-restricted","14":"first","15":"instock","16":"sale","17":"downloadable","18":"virtual","19":"sold-individually","20":"purchasable","21":"product-type-simple"},"_links":{"self":[{"href":"https:\/\/gpl-love.com\/es\/wp-json\/wp\/v2\/product\/119500","targetHints":{"allow":["GET"]}}],"collection":[{"href":"https:\/\/gpl-love.com\/es\/wp-json\/wp\/v2\/product"}],"about":[{"href":"https:\/\/gpl-love.com\/es\/wp-json\/wp\/v2\/types\/product"}],"replies":[{"embeddable":true,"href":"https:\/\/gpl-love.com\/es\/wp-json\/wp\/v2\/comments?post=119500"}],"wp:featuredmedia":[{"embeddable":true,"href":"https:\/\/gpl-love.com\/es\/wp-json\/wp\/v2\/media\/166841"}],"wp:attachment":[{"href":"https:\/\/gpl-love.com\/es\/wp-json\/wp\/v2\/media?parent=119500"}],"wp:term":[{"taxonomy":"product_brand","embeddable":true,"href":"https:\/\/gpl-love.com\/es\/wp-json\/wp\/v2\/product_brand?post=119500"},{"taxonomy":"product_cat","embeddable":true,"href":"https:\/\/gpl-love.com\/es\/wp-json\/wp\/v2\/product_cat?post=119500"},{"taxonomy":"product_tag","embeddable":true,"href":"https:\/\/gpl-love.com\/es\/wp-json\/wp\/v2\/product_tag?post=119500"}],"curies":[{"name":"wp","href":"https:\/\/api.w.org\/{rel}","templated":true}]}}